{"id":887,"date":"2021-10-20T08:44:06","date_gmt":"2021-10-20T06:44:06","guid":{"rendered":"https:\/\/test123456.nl\/?page_id=887"},"modified":"2022-06-22T15:56:43","modified_gmt":"2022-06-22T13:56:43","slug":"translatepress-5xx-hatalari","status":"publish","type":"page","link":"https:\/\/test123456.nl\/tr\/translatepress-5xx-errors\/","title":{"rendered":"TranslatePress 5xx hatalar\u0131"},"content":{"rendered":"<p>&nbsp;<\/p>\n<h2>1) Hatalar Google Konsolunda g\u00f6sterilir<\/h2>\n<p><img decoding=\"async\" class=\"alignnone size-full wp-image-1086\" src=\"https:\/\/test123456.nl\/wp-content\/uploads\/Print-screen-1-Google-Console.png\" alt=\"\" width=\"608\" height=\"757\" srcset=\"https:\/\/test123456.nl\/wp-content\/uploads\/Print-screen-1-Google-Console-200x249.png 200w, https:\/\/test123456.nl\/wp-content\/uploads\/Print-screen-1-Google-Console-241x300.png 241w, https:\/\/test123456.nl\/wp-content\/uploads\/Print-screen-1-Google-Console-400x498.png 400w, https:\/\/test123456.nl\/wp-content\/uploads\/Print-screen-1-Google-Console-600x747.png 600w, https:\/\/test123456.nl\/wp-content\/uploads\/Print-screen-1-Google-Console.png 608w\" sizes=\"(max-width: 608px) 100vw, 608px\" \/><\/p>\n<h2>2) Hata mesaj\u0131<\/h2>\n<p><img decoding=\"async\" class=\"alignnone size-large wp-image-1087\" src=\"https:\/\/test123456.nl\/wp-content\/uploads\/Print-screen-2-Error-message-1024x224.png\" alt=\"\" width=\"1024\" height=\"224\" srcset=\"https:\/\/test123456.nl\/wp-content\/uploads\/Print-screen-2-Error-message-200x44.png 200w, https:\/\/test123456.nl\/wp-content\/uploads\/Print-screen-2-Error-message-300x66.png 300w, https:\/\/test123456.nl\/wp-content\/uploads\/Print-screen-2-Error-message-400x88.png 400w, https:\/\/test123456.nl\/wp-content\/uploads\/Print-screen-2-Error-message-600x131.png 600w, https:\/\/test123456.nl\/wp-content\/uploads\/Print-screen-2-Error-message-768x168.png 768w, https:\/\/test123456.nl\/wp-content\/uploads\/Print-screen-2-Error-message-800x175.png 800w, https:\/\/test123456.nl\/wp-content\/uploads\/Print-screen-2-Error-message-1024x224.png 1024w, https:\/\/test123456.nl\/wp-content\/uploads\/Print-screen-2-Error-message-1200x263.png 1200w, https:\/\/test123456.nl\/wp-content\/uploads\/Print-screen-2-Error-message.png 1447w\" sizes=\"(max-width: 1024px) 100vw, 1024px\" \/><\/p>\n<h2>3) Excel&#039;e genel bak\u0131\u015f etkilenen kategori URL&#039;leri<\/h2>\n<p><a href=\"https:\/\/test123456.nl\/wp-content\/uploads\/Excel-overview-affected-URLs.xlsx\" target=\"_blank\" rel=\"noopener\">https:\/\/test123456.nl\/wp-content\/uploads\/Excel-overview-affected-URLs.xlsx<\/a><\/p>","protected":false},"excerpt":{"rendered":"<p>&nbsp; 1) Hatalar Google Konsolunda g\u00f6sterilir 2) Hata mesaj\u0131 3) Excel&#039;e genel bak\u0131\u015f etkilenen kategori URL&#039;leri https:\/\/test123456.nl\/wp-content\/uploads\/Excel-overview-affected-URLs.xlsx<\/p>","protected":false},"author":1,"featured_media":0,"parent":0,"menu_order":0,"comment_status":"closed","ping_status":"closed","template":"","meta":{"footnotes":""},"class_list":["post-887","page","type-page","status-publish","hentry"],"yoast_head":"<!-- This site is optimized with the Yoast SEO plugin v27.3 - https:\/\/yoast.com\/product\/yoast-seo-wordpress\/ -->\n<title>TranslatePress 5xx errors - Test123456.nl<\/title>\n<meta name=\"robots\" content=\"noindex, nofollow\" \/>\n<meta property=\"og:locale\" content=\"tr_TR\" \/>\n<meta property=\"og:type\" content=\"article\" \/>\n<meta property=\"og:title\" content=\"TranslatePress 5xx errors - Test123456.nl\" \/>\n<meta property=\"og:description\" content=\"&nbsp; 1) Errors are shown in Google Console 2) Error message 3) Excel overview affected category URLs https:\/\/test123456.nl\/wp-content\/uploads\/Excel-overview-affected-URLs.xlsx\" \/>\n<meta property=\"og:url\" content=\"https:\/\/test123456.nl\/tr\/translatepress-5xx-hatalari\/\" \/>\n<meta property=\"og:site_name\" content=\"Test123456.nl\" \/>\n<meta property=\"article:modified_time\" content=\"2022-06-22T13:56:43+00:00\" \/>\n<meta property=\"og:image\" content=\"https:\/\/test123456.nl\/wp-content\/uploads\/Print-screen-1-Google-Console.png\" \/>\n<script type=\"application\/ld+json\" class=\"yoast-schema-graph\">{\"@context\":\"https:\\\/\\\/schema.org\",\"@graph\":[{\"@type\":\"WebPage\",\"@id\":\"https:\\\/\\\/test123456.nl\\\/translatepress-5xx-errors\\\/\",\"url\":\"https:\\\/\\\/test123456.nl\\\/translatepress-5xx-errors\\\/\",\"name\":\"TranslatePress 5xx errors - Test123456.nl\",\"isPartOf\":{\"@id\":\"https:\\\/\\\/test123456.nl\\\/#website\"},\"primaryImageOfPage\":{\"@id\":\"https:\\\/\\\/test123456.nl\\\/translatepress-5xx-errors\\\/#primaryimage\"},\"image\":{\"@id\":\"https:\\\/\\\/test123456.nl\\\/translatepress-5xx-errors\\\/#primaryimage\"},\"thumbnailUrl\":\"https:\\\/\\\/test123456.nl\\\/wp-content\\\/uploads\\\/Print-screen-1-Google-Console.png\",\"datePublished\":\"2021-10-20T06:44:06+00:00\",\"dateModified\":\"2022-06-22T13:56:43+00:00\",\"breadcrumb\":{\"@id\":\"https:\\\/\\\/test123456.nl\\\/translatepress-5xx-errors\\\/#breadcrumb\"},\"inLanguage\":\"tr\",\"potentialAction\":[{\"@type\":\"ReadAction\",\"target\":[\"https:\\\/\\\/test123456.nl\\\/translatepress-5xx-errors\\\/\"]}]},{\"@type\":\"ImageObject\",\"inLanguage\":\"tr\",\"@id\":\"https:\\\/\\\/test123456.nl\\\/translatepress-5xx-errors\\\/#primaryimage\",\"url\":\"https:\\\/\\\/test123456.nl\\\/wp-content\\\/uploads\\\/Print-screen-1-Google-Console.png\",\"contentUrl\":\"https:\\\/\\\/test123456.nl\\\/wp-content\\\/uploads\\\/Print-screen-1-Google-Console.png\"},{\"@type\":\"BreadcrumbList\",\"@id\":\"https:\\\/\\\/test123456.nl\\\/translatepress-5xx-errors\\\/#breadcrumb\",\"itemListElement\":[{\"@type\":\"ListItem\",\"position\":1,\"name\":\"Home\",\"item\":\"https:\\\/\\\/test123456.nl\\\/\"},{\"@type\":\"ListItem\",\"position\":2,\"name\":\"TranslatePress 5xx errors\"}]},{\"@type\":\"WebSite\",\"@id\":\"https:\\\/\\\/test123456.nl\\\/#website\",\"url\":\"https:\\\/\\\/test123456.nl\\\/\",\"name\":\"Test123456.nl\",\"description\":\"\",\"potentialAction\":[{\"@type\":\"SearchAction\",\"target\":{\"@type\":\"EntryPoint\",\"urlTemplate\":\"https:\\\/\\\/test123456.nl\\\/?s={search_term_string}\"},\"query-input\":{\"@type\":\"PropertyValueSpecification\",\"valueRequired\":true,\"valueName\":\"search_term_string\"}}],\"inLanguage\":\"tr\"}]}<\/script>\n<!-- \/ Yoast SEO plugin. -->","yoast_head_json":{"title":"TranslatePress 5xx hatalar\u0131 - Test123456.nl","robots":{"index":"noindex","follow":"nofollow"},"og_locale":"tr_TR","og_type":"article","og_title":"TranslatePress 5xx errors - Test123456.nl","og_description":"&nbsp; 1) Errors are shown in Google Console 2) Error message 3) Excel overview affected category URLs https:\/\/test123456.nl\/wp-content\/uploads\/Excel-overview-affected-URLs.xlsx","og_url":"https:\/\/test123456.nl\/tr\/translatepress-5xx-hatalari\/","og_site_name":"Test123456.nl","article_modified_time":"2022-06-22T13:56:43+00:00","og_image":[{"url":"https:\/\/test123456.nl\/wp-content\/uploads\/Print-screen-1-Google-Console.png","type":"","width":"","height":""}],"schema":{"@context":"https:\/\/schema.org","@graph":[{"@type":"WebPage","@id":"https:\/\/test123456.nl\/translatepress-5xx-errors\/","url":"https:\/\/test123456.nl\/translatepress-5xx-errors\/","name":"TranslatePress 5xx hatalar\u0131 - Test123456.nl","isPartOf":{"@id":"https:\/\/test123456.nl\/#website"},"primaryImageOfPage":{"@id":"https:\/\/test123456.nl\/translatepress-5xx-errors\/#primaryimage"},"image":{"@id":"https:\/\/test123456.nl\/translatepress-5xx-errors\/#primaryimage"},"thumbnailUrl":"https:\/\/test123456.nl\/wp-content\/uploads\/Print-screen-1-Google-Console.png","datePublished":"2021-10-20T06:44:06+00:00","dateModified":"2022-06-22T13:56:43+00:00","breadcrumb":{"@id":"https:\/\/test123456.nl\/translatepress-5xx-errors\/#breadcrumb"},"inLanguage":"tr","potentialAction":[{"@type":"ReadAction","target":["https:\/\/test123456.nl\/translatepress-5xx-errors\/"]}]},{"@type":"ImageObject","inLanguage":"tr","@id":"https:\/\/test123456.nl\/translatepress-5xx-errors\/#primaryimage","url":"https:\/\/test123456.nl\/wp-content\/uploads\/Print-screen-1-Google-Console.png","contentUrl":"https:\/\/test123456.nl\/wp-content\/uploads\/Print-screen-1-Google-Console.png"},{"@type":"BreadcrumbList","@id":"https:\/\/test123456.nl\/translatepress-5xx-errors\/#breadcrumb","itemListElement":[{"@type":"ListItem","position":1,"name":"Home","item":"https:\/\/test123456.nl\/"},{"@type":"ListItem","position":2,"name":"TranslatePress 5xx errors"}]},{"@type":"WebSite","@id":"https:\/\/test123456.nl\/#website","url":"https:\/\/test123456.nl\/","name":"Test123456.nl","description":"","potentialAction":[{"@type":"SearchAction","target":{"@type":"EntryPoint","urlTemplate":"https:\/\/test123456.nl\/?s={search_term_string}"},"query-input":{"@type":"PropertyValueSpecification","valueRequired":true,"valueName":"search_term_string"}}],"inLanguage":"tr"}]}},"_links":{"self":[{"href":"https:\/\/test123456.nl\/tr\/wp-json\/wp\/v2\/pages\/887","targetHints":{"allow":["GET"]}}],"collection":[{"href":"https:\/\/test123456.nl\/tr\/wp-json\/wp\/v2\/pages"}],"about":[{"href":"https:\/\/test123456.nl\/tr\/wp-json\/wp\/v2\/types\/page"}],"author":[{"embeddable":true,"href":"https:\/\/test123456.nl\/tr\/wp-json\/wp\/v2\/users\/1"}],"replies":[{"embeddable":true,"href":"https:\/\/test123456.nl\/tr\/wp-json\/wp\/v2\/comments?post=887"}],"version-history":[{"count":8,"href":"https:\/\/test123456.nl\/tr\/wp-json\/wp\/v2\/pages\/887\/revisions"}],"predecessor-version":[{"id":1091,"href":"https:\/\/test123456.nl\/tr\/wp-json\/wp\/v2\/pages\/887\/revisions\/1091"}],"wp:attachment":[{"href":"https:\/\/test123456.nl\/tr\/wp-json\/wp\/v2\/media?parent=887"}],"curies":[{"name":"wp","href":"https:\/\/api.w.org\/{rel}","templated":true}]}}