{"id":681,"date":"2021-05-06T10:09:28","date_gmt":"2021-05-06T08:09:28","guid":{"rendered":"https:\/\/test123456.nl\/?page_id=681"},"modified":"2025-01-10T11:20:31","modified_gmt":"2025-01-10T10:20:31","slug":"test-11","status":"publish","type":"page","link":"https:\/\/test123456.nl\/tr\/test-11\/","title":{"rendered":"11: Avada \u2013 Stil Say\u0131s\u0131 \u00dcst Men\u00fc Revfine.com"},"content":{"rendered":"<p><div class=\"fusion-fullwidth fullwidth-box fusion-builder-row-1 fusion-flex-container nonhundred-percent-fullwidth non-hundred-percent-height-scrolling\" style=\"--awb-border-radius-top-left:0px;--awb-border-radius-top-right:0px;--awb-border-radius-bottom-right:0px;--awb-border-radius-bottom-left:0px;--awb-flex-wrap:wrap;\" ><div class=\"fusion-builder-row fusion-row fusion-flex-align-items-flex-start fusion-flex-content-wrap\" style=\"max-width:1248px;margin-left: calc(-4% \/ 2 );margin-right: calc(-4% \/ 2 );\"><div class=\"fusion-layout-column fusion_builder_column fusion-builder-column-0 fusion_builder_column_1_1 1_1 fusion-flex-column\" style=\"--awb-bg-size:cover;--awb-width-large:100%;--awb-margin-top-large:0px;--awb-spacing-right-large:1.92%;--awb-margin-bottom-large:0px;--awb-spacing-left-large:1.92%;--awb-width-medium:100%;--awb-spacing-right-medium:1.92%;--awb-spacing-left-medium:1.92%;--awb-width-small:100%;--awb-spacing-right-small:1.92%;--awb-spacing-left-small:1.92%;\"><div class=\"fusion-column-wrapper fusion-flex-justify-content-flex-start fusion-content-layout-column\"><div class=\"fusion-text fusion-text-1\"><p>iPhone&#039;umda, \u00fcst men\u00fcde bir stil sorunu fark ettim: &quot;B\u00fcltenimize kat\u0131l\u0131n&quot; ilk y\u00fcklemede yanl\u0131\u015f hizalanm\u0131\u015f ancak yeniden y\u00fcklendi\u011finde kendi kendine d\u00fczeliyor. Bu sorun t\u00fcm mobil cihazlarda g\u00f6r\u00fcnm\u00fcyor. Referans olmas\u0131 i\u00e7in k\u0131sa bir video kaydettim.<\/p>\n<\/div><\/div><\/div><\/div><\/div><div class=\"fusion-fullwidth fullwidth-box fusion-builder-row-2 fusion-flex-container has-pattern-background has-mask-background nonhundred-percent-fullwidth non-hundred-percent-height-scrolling\" style=\"--awb-border-radius-top-left:0px;--awb-border-radius-top-right:0px;--awb-border-radius-bottom-right:0px;--awb-border-radius-bottom-left:0px;--awb-flex-wrap:wrap;\" ><div class=\"fusion-builder-row fusion-row fusion-flex-align-items-flex-start fusion-flex-content-wrap\" style=\"max-width:1248px;margin-left: calc(-4% \/ 2 );margin-right: calc(-4% \/ 2 );\"><div class=\"fusion-layout-column fusion_builder_column fusion-builder-column-1 fusion_builder_column_1_1 1_1 fusion-flex-column\" style=\"--awb-bg-size:cover;--awb-width-large:100%;--awb-margin-top-large:0px;--awb-spacing-right-large:1.92%;--awb-margin-bottom-large:20px;--awb-spacing-left-large:1.92%;--awb-width-medium:100%;--awb-order-medium:0;--awb-spacing-right-medium:1.92%;--awb-spacing-left-medium:1.92%;--awb-width-small:100%;--awb-order-small:0;--awb-spacing-right-small:1.92%;--awb-spacing-left-small:1.92%;\"><div class=\"fusion-column-wrapper fusion-column-has-shadow fusion-flex-justify-content-flex-start fusion-content-layout-column\"><div class=\"fusion-video fusion-selfhosted-video\" style=\"margin-top:10px;max-width:600px;\"><div class=\"video-wrapper\"><video playsinline=\"true\" width=\"100%\" style=\"object-fit: cover;\" muted=\"true\" loop=\"true\" preload=\"auto\" controls=\"1\"><source src=\"https:\/\/test123456.nl\/wp-content\/uploads\/Video-van-WhatsApp-op-2025-01-10-om-09.29.56_e0d50100.mp4\" type=\"video\/mp4\">\u00dczg\u00fcn\u00fcz, taray\u0131c\u0131n\u0131z g\u00f6m\u00fcl\u00fc videolar\u0131 desteklemiyor.<\/video><\/div><\/div><\/div><\/div><\/div><\/div><\/p>","protected":false},"excerpt":{"rendered":"","protected":false},"author":1,"featured_media":0,"parent":0,"menu_order":0,"comment_status":"closed","ping_status":"closed","template":"","meta":{"footnotes":""},"class_list":["post-681","page","type-page","status-publish","hentry"],"yoast_head":"<!-- This site is optimized with the Yoast SEO plugin v27.3 - https:\/\/yoast.com\/product\/yoast-seo-wordpress\/ -->\n<title>11: Avada - Style Issue Top Menu Revfine.com - Test123456.nl<\/title>\n<meta name=\"robots\" content=\"noindex, nofollow\" \/>\n<meta property=\"og:locale\" content=\"tr_TR\" \/>\n<meta property=\"og:type\" content=\"article\" \/>\n<meta property=\"og:title\" content=\"11: Avada - Style Issue Top Menu Revfine.com - Test123456.nl\" \/>\n<meta property=\"og:url\" content=\"https:\/\/test123456.nl\/tr\/test-11\/\" \/>\n<meta property=\"og:site_name\" content=\"Test123456.nl\" \/>\n<meta property=\"article:modified_time\" content=\"2025-01-10T10:20:31+00:00\" \/>\n<script type=\"application\/ld+json\" class=\"yoast-schema-graph\">{\"@context\":\"https:\\\/\\\/schema.org\",\"@graph\":[{\"@type\":\"WebPage\",\"@id\":\"https:\\\/\\\/test123456.nl\\\/test-11\\\/\",\"url\":\"https:\\\/\\\/test123456.nl\\\/test-11\\\/\",\"name\":\"11: Avada - Style Issue Top Menu Revfine.com - Test123456.nl\",\"isPartOf\":{\"@id\":\"https:\\\/\\\/test123456.nl\\\/#website\"},\"datePublished\":\"2021-05-06T08:09:28+00:00\",\"dateModified\":\"2025-01-10T10:20:31+00:00\",\"breadcrumb\":{\"@id\":\"https:\\\/\\\/test123456.nl\\\/test-11\\\/#breadcrumb\"},\"inLanguage\":\"tr\",\"potentialAction\":[{\"@type\":\"ReadAction\",\"target\":[\"https:\\\/\\\/test123456.nl\\\/test-11\\\/\"]}]},{\"@type\":\"BreadcrumbList\",\"@id\":\"https:\\\/\\\/test123456.nl\\\/test-11\\\/#breadcrumb\",\"itemListElement\":[{\"@type\":\"ListItem\",\"position\":1,\"name\":\"Home\",\"item\":\"https:\\\/\\\/test123456.nl\\\/\"},{\"@type\":\"ListItem\",\"position\":2,\"name\":\"11: Avada &#8211; Style Issue Top Menu Revfine.com\"}]},{\"@type\":\"WebSite\",\"@id\":\"https:\\\/\\\/test123456.nl\\\/#website\",\"url\":\"https:\\\/\\\/test123456.nl\\\/\",\"name\":\"Test123456.nl\",\"description\":\"\",\"potentialAction\":[{\"@type\":\"SearchAction\",\"target\":{\"@type\":\"EntryPoint\",\"urlTemplate\":\"https:\\\/\\\/test123456.nl\\\/?s={search_term_string}\"},\"query-input\":{\"@type\":\"PropertyValueSpecification\",\"valueRequired\":true,\"valueName\":\"search_term_string\"}}],\"inLanguage\":\"tr\"}]}<\/script>\n<!-- \/ Yoast SEO plugin. -->","yoast_head_json":{"title":"11: Avada - Stil Say\u0131s\u0131 \u00dcst Men\u00fc Revfine.com - Test123456.nl","robots":{"index":"noindex","follow":"nofollow"},"og_locale":"tr_TR","og_type":"article","og_title":"11: Avada - Style Issue Top Menu Revfine.com - Test123456.nl","og_url":"https:\/\/test123456.nl\/tr\/test-11\/","og_site_name":"Test123456.nl","article_modified_time":"2025-01-10T10:20:31+00:00","schema":{"@context":"https:\/\/schema.org","@graph":[{"@type":"WebPage","@id":"https:\/\/test123456.nl\/test-11\/","url":"https:\/\/test123456.nl\/test-11\/","name":"11: Avada - Stil Say\u0131s\u0131 \u00dcst Men\u00fc Revfine.com - Test123456.nl","isPartOf":{"@id":"https:\/\/test123456.nl\/#website"},"datePublished":"2021-05-06T08:09:28+00:00","dateModified":"2025-01-10T10:20:31+00:00","breadcrumb":{"@id":"https:\/\/test123456.nl\/test-11\/#breadcrumb"},"inLanguage":"tr","potentialAction":[{"@type":"ReadAction","target":["https:\/\/test123456.nl\/test-11\/"]}]},{"@type":"BreadcrumbList","@id":"https:\/\/test123456.nl\/test-11\/#breadcrumb","itemListElement":[{"@type":"ListItem","position":1,"name":"Home","item":"https:\/\/test123456.nl\/"},{"@type":"ListItem","position":2,"name":"11: Avada &#8211; Style Issue Top Menu Revfine.com"}]},{"@type":"WebSite","@id":"https:\/\/test123456.nl\/#website","url":"https:\/\/test123456.nl\/","name":"Test123456.nl","description":"","potentialAction":[{"@type":"SearchAction","target":{"@type":"EntryPoint","urlTemplate":"https:\/\/test123456.nl\/?s={search_term_string}"},"query-input":{"@type":"PropertyValueSpecification","valueRequired":true,"valueName":"search_term_string"}}],"inLanguage":"tr"}]}},"_links":{"self":[{"href":"https:\/\/test123456.nl\/tr\/wp-json\/wp\/v2\/pages\/681","targetHints":{"allow":["GET"]}}],"collection":[{"href":"https:\/\/test123456.nl\/tr\/wp-json\/wp\/v2\/pages"}],"about":[{"href":"https:\/\/test123456.nl\/tr\/wp-json\/wp\/v2\/types\/page"}],"author":[{"embeddable":true,"href":"https:\/\/test123456.nl\/tr\/wp-json\/wp\/v2\/users\/1"}],"replies":[{"embeddable":true,"href":"https:\/\/test123456.nl\/tr\/wp-json\/wp\/v2\/comments?post=681"}],"version-history":[{"count":25,"href":"https:\/\/test123456.nl\/tr\/wp-json\/wp\/v2\/pages\/681\/revisions"}],"predecessor-version":[{"id":2182,"href":"https:\/\/test123456.nl\/tr\/wp-json\/wp\/v2\/pages\/681\/revisions\/2182"}],"wp:attachment":[{"href":"https:\/\/test123456.nl\/tr\/wp-json\/wp\/v2\/media?parent=681"}],"curies":[{"name":"wp","href":"https:\/\/api.w.org\/{rel}","templated":true}]}}