{"id":495,"date":"2020-09-14T17:47:54","date_gmt":"2020-09-14T15:47:54","guid":{"rendered":"https:\/\/test123456.nl\/?page_id=495"},"modified":"2021-08-09T11:28:13","modified_gmt":"2021-08-09T09:28:13","slug":"google-cloudda-barindirilan-telif-hakki-ihlali-ve-kimlik-hirsizligi-davasi","status":"publish","type":"page","link":"https:\/\/test123456.nl\/tr\/case-copyright-infringement-and-identity-theft-hosted-on-google-cloud\/","title":{"rendered":"Dava: jisaiche.com Taraf\u0131ndan Telif Hakk\u0131 \u0130hlali ve Kimlik H\u0131rs\u0131zl\u0131\u011f\u0131 Google Cloud&#039;da Bar\u0131nd\u0131r\u0131l\u0131yor"},"content":{"rendered":"<p><span style=\"text-decoration: underline;\"><a href=\"https:\/\/test123456.nl\/wp-content\/uploads\/Case-Copyright-Infringement-and-Identity-Theft-Hosted-on-Google-Cloud.pdf\" target=\"_blank\" rel=\"noopener\">&lt; Bu bilgiyi indirmeyi tercih ediyorsan\u0131z buraya t\u0131klay\u0131n &gt;<\/a><\/span><\/p>\n<p><em>Bu belgede, telif hakk\u0131 ihlali ve kimlik h\u0131rs\u0131zl\u0131\u011f\u0131 \u00f6rnekleri bulacaks\u0131n\u0131z. Ve Revfine.com alan ad\u0131 ve web sitesine sahip olan MOI Online \u015firketinin sahibi oldu\u011fumu g\u00f6steren belgelerin bir ekran \u00e7\u0131kt\u0131s\u0131.<\/em><\/p>\n<p>A\u015fa\u011f\u0131da jisaiche.com&#039;daki t\u00fcm i\u00e7eriklerin kald\u0131r\u0131lmas\u0131na y\u00f6nelik talebiniz i\u00e7in gerekli t\u00fcm bilgileri bulabilirsiniz.<a id=\"case\"><\/a><\/p>\n<h2>\u0130\u00e7indekiler Tablosu<\/h2>\n<p>1. <span style=\"text-decoration: underline;\"><a href=\"#case\">Davan\u0131n tan\u0131t\u0131m\u0131<\/a><\/span><br \/>\n2. <span style=\"text-decoration: underline;\"><a href=\"#what-we-already-did\">Zaten yapt\u0131\u011f\u0131m\u0131z \u015fey<\/a><\/span><br \/>\n3. <span style=\"text-decoration: underline;\"><a href=\"#request\">Benim iste\u011fim<\/a><\/span><br \/>\n4. <span style=\"text-decoration: underline;\"><a href=\"#examples\">Web sitesini sergilemek i\u00e7in \u00f6rnekler; ki\u015fisel ve ticari bilgiler kopyalan\u0131yor<\/a><\/span><br \/>\n5. <span style=\"text-decoration: underline;\"><a href=\"#prove\">MOI Online &amp; Revfine.com&#039;un i\u015fletme sahibi ve Revfine.com alan ad\u0131n\u0131n sahibi oldu\u011fumu kan\u0131tlay\u0131n<\/a><\/span><br \/>\n6. <span style=\"text-decoration: underline;\"><a href=\"#contact\">\u0130leti\u015fim Bilgilerimiz<\/a><\/span><\/p>\n<h2>1. Davan\u0131n Tan\u0131t\u0131m\u0131<\/h2>\n<p>Ben MOI Online&#039;\u0131n ve Revfine.com&#039;un (https:\/\/www.revfine.com\/about\/) alan ad\u0131 ve web sitesinin sahibi Martijn Barten&#039;\u0131m.<\/p>\n<p>Jisaiche.com URL&#039;sinin, Revfine.com web sitemizin t\u00fcm i\u00e7eri\u011fini kopyalad\u0131\u011f\u0131n\u0131 ve \u015firket ad\u0131m, ki\u015fisel bilgilerim ve i\u015f detaylar\u0131m da dahil olmak \u00fczere beni taklit etti\u011fini bildirmek istiyorum.<\/p>\n<p>Telif hakk\u0131 ihlali ve kimlik h\u0131rs\u0131zl\u0131\u011f\u0131n\u0131n ticari zarara ve ki\u015fisel zarara yol a\u00e7t\u0131\u011f\u0131n\u0131 anlad\u0131\u011f\u0131n\u0131z gibi.<\/p>\n<p><strong>Jisaiche.com&#039;daki sahte i\u00e7eri\u011fin Google LLC taraf\u0131ndan bar\u0131nd\u0131r\u0131ld\u0131\u011f\u0131n\u0131 \u00f6\u011frendik; l\u00fctfen ayr\u0131nt\u0131lar\u0131 a\u015fa\u011f\u0131da inceleyin:<a id=\"what-we-already-did\"><\/a><\/strong><br \/>\nKurulu\u015f ad\u0131: Google Cloud (asia-east1)<br \/>\nIP adresi: 35.229.232.99<br \/>\nAS(otonom sistem) numaras\u0131 ve organizasyonu: AS396982 Google LLC<br \/>\nAd\u0131: GOOGLE-PRIVATE-CLOUD<br \/>\nIP&#039;nin Ters DNS&#039;i: 99.232.229.35.bc.googleusercontent.com<br \/>\n\u015eehir: Taipei<br \/>\n\u00dclke: Tayvan<\/p>\n<h2>2. Zaten Yapt\u0131klar\u0131m\u0131z<a id=\"request\"><\/a><\/h2>\n<p>A: Web y\u00f6neticisiyle ileti\u015fime ge\u00e7meyi deneyin<br \/>\njisaiche.com alan ad\u0131n\u0131n kay\u0131t sahipleri doland\u0131r\u0131c\u0131l\u0131k ama\u00e7l\u0131 oldu\u011fundan, web sitelerinde ileti\u015fim bilgileri bulunmad\u0131\u011f\u0131ndan ve PrivacyGuardian i\u015flevini kulland\u0131\u011f\u0131ndan, onlara do\u011frudan ula\u015fmak imkans\u0131zd\u0131r. Ayr\u0131ca, jisaiche.com web sitemizin t\u00fcm i\u00e7eri\u011fini kopyalad\u0131\u011f\u0131ndan, t\u00fcm ileti\u015fim bilgileri bizim ileti\u015fim bilgilerimizdir.<\/p>\n<p>B: Alan ad\u0131 kay\u0131t kurulu\u015fuyla ileti\u015fime ge\u00e7ildi<br \/>\njisaiche.com alan ad\u0131n\u0131n kay\u0131tl\u0131 oldu\u011fu alan ad\u0131 kay\u0131t \u015firketine ula\u015ft\u0131k. Sitede yay\u0131nlanan i\u00e7eri\u011fi do\u011frulayamad\u0131klar\u0131 veya kontrol edemedikleri i\u00e7in bize yard\u0131mc\u0131 olamayacaklar\u0131n\u0131 s\u00f6ylediler. Bizi jisaiche.com i\u00e7eri\u011finin yay\u0131nland\u0131\u011f\u0131 bar\u0131nd\u0131rma \u015firketine y\u00f6nlendirdiler. Bu durumda Google Cloud.<\/p>\n<h2>3. \u0130ste\u011fim<a id=\"examples\"><\/a><\/h2>\n<p>Telif hakk\u0131 ihlali ve kimlik h\u0131rs\u0131zl\u0131\u011f\u0131n\u0131n ticari zarara ve ki\u015fisel zarara yol a\u00e7t\u0131\u011f\u0131n\u0131 anlad\u0131\u011f\u0131n\u0131z gibi.<\/p>\n<p>MOI Online\/Revfine.com&#039;un sahibi oldu\u011fumuzu, Revfine.com alan ad\u0131n\u0131n sahibi oldu\u011fumuzu ispatlamak i\u00e7in \u00e7ok \u00e7aba sarf ettik ve jisaiche.com&#039;un ki\u015fisel ve ticari bilgiler de dahil olmak \u00fczere web sitemizin t\u00fcm i\u00e7eri\u011fini kopyalad\u0131\u011f\u0131n\u0131 g\u00f6sterdik.<\/p>\n<p>Google Cloud, jisaiche.com&#039;daki i\u00e7eri\u011fin bar\u0131nd\u0131rma \u015firketi oldu\u011fundan, jisaiche.com&#039;daki t\u00fcm i\u00e7eri\u011fin kald\u0131r\u0131lmas\u0131n\u0131 talep ediyoruz.<\/p>\n<h2>4. Web Sitesini Sergilemek \u0130\u00e7in \u00d6rnekler; Ki\u015fisel ve Ticari Bilgiler Kopyalan\u0131yor<\/h2>\n<p>T\u00fcm web sitesi kopyalanm\u0131\u015ft\u0131r. A\u015fa\u011f\u0131da 3 \u00f6rnek bulabilirsiniz:<\/p>\n<p><span style=\"color: #7da603;\"><strong>Orijinal web sitesi: Revfine.com<\/strong><\/span><br \/>\n<strong><span style=\"color: #ff0000;\">Doland\u0131r\u0131c\u0131l\u0131k sitesi: jisaiche.com<\/span><\/strong><\/p>\n<p>Alan adlar\u0131n\u0131 kontrol etmek i\u00e7in l\u00fctfen g\u00f6rselleri b\u00fcy\u00fct\u00fcn.<\/p>\n<h3><span style=\"color: #7da603;\">1a) Ana sayfa \u2013 Orijinal web sitesi: Revfine.com<\/span><\/h3>\n<p><strong><span style=\"color: #7da603;\">https:\/\/www.revfine.com\/<\/span><\/strong><\/p>\n<p><img decoding=\"async\" class=\"alignnone size-full wp-image-763\" src=\"https:\/\/test123456.nl\/wp-content\/uploads\/1a.jpg\" alt=\"\" width=\"601\" height=\"202\" srcset=\"https:\/\/test123456.nl\/wp-content\/uploads\/1a-200x67.jpg 200w, https:\/\/test123456.nl\/wp-content\/uploads\/1a-300x101.jpg 300w, https:\/\/test123456.nl\/wp-content\/uploads\/1a-400x134.jpg 400w, https:\/\/test123456.nl\/wp-content\/uploads\/1a.jpg 601w\" sizes=\"(max-width: 601px) 100vw, 601px\" \/><\/p>\n<h3><span style=\"color: #ff0000;\">1b) Ana sayfa \u2013 Sahtekarl\u0131k web sitesi: jisaiche.com<\/span><\/h3>\n<p><strong><span style=\"color: #ff0000;\">http:\/\/jisaiche.com\/<\/span><\/strong><\/p>\n<p><img decoding=\"async\" class=\"alignnone size-full wp-image-764\" src=\"https:\/\/test123456.nl\/wp-content\/uploads\/1b.jpg\" alt=\"\" width=\"605\" height=\"223\" srcset=\"https:\/\/test123456.nl\/wp-content\/uploads\/1b-200x74.jpg 200w, https:\/\/test123456.nl\/wp-content\/uploads\/1b-300x111.jpg 300w, https:\/\/test123456.nl\/wp-content\/uploads\/1b-400x147.jpg 400w, https:\/\/test123456.nl\/wp-content\/uploads\/1b-600x221.jpg 600w, https:\/\/test123456.nl\/wp-content\/uploads\/1b.jpg 605w\" sizes=\"(max-width: 605px) 100vw, 605px\" \/><\/p>\n<h3><span style=\"color: #7da603;\">2a) Hakk\u0131nda \u2013 Orijinal web sitesi: Revfine.com<\/span><\/h3>\n<p><strong><span style=\"color: #7da603;\">https:\/\/www.revfine.com\/about\/<\/span><\/strong><\/p>\n<p><img decoding=\"async\" class=\"alignnone size-full wp-image-765\" src=\"https:\/\/test123456.nl\/wp-content\/uploads\/2a.jpg\" alt=\"\" width=\"605\" height=\"315\" srcset=\"https:\/\/test123456.nl\/wp-content\/uploads\/2a-200x104.jpg 200w, https:\/\/test123456.nl\/wp-content\/uploads\/2a-300x156.jpg 300w, https:\/\/test123456.nl\/wp-content\/uploads\/2a-400x208.jpg 400w, https:\/\/test123456.nl\/wp-content\/uploads\/2a-600x312.jpg 600w, https:\/\/test123456.nl\/wp-content\/uploads\/2a.jpg 605w\" sizes=\"(max-width: 605px) 100vw, 605px\" \/><\/p>\n<h3><span style=\"color: #ff0000;\">2b) Hakk\u0131nda \u2013 Sahtekarl\u0131k web sitesi: jisaiche.com<\/span><\/h3>\n<p><strong><span style=\"color: #ff0000;\">http:\/\/jisaiche.com\/index-38.html<\/span><\/strong><\/p>\n<p><img decoding=\"async\" class=\"alignnone size-full wp-image-766\" src=\"https:\/\/test123456.nl\/wp-content\/uploads\/2b.jpg\" alt=\"\" width=\"588\" height=\"283\" srcset=\"https:\/\/test123456.nl\/wp-content\/uploads\/2b-200x96.jpg 200w, https:\/\/test123456.nl\/wp-content\/uploads\/2b-300x144.jpg 300w, https:\/\/test123456.nl\/wp-content\/uploads\/2b-400x193.jpg 400w, https:\/\/test123456.nl\/wp-content\/uploads\/2b.jpg 588w\" sizes=\"(max-width: 588px) 100vw, 588px\" \/><\/p>\n<h3><span style=\"color: #7da603;\">3a) \u0130leti\u015fim sayfas\u0131 \u2013 Orijinal web sitesi: Revfine.com<\/span><\/h3>\n<p><strong><span style=\"color: #7da603;\">https:\/\/www.revfine.com\/contact\/<\/span><\/strong><\/p>\n<p><img decoding=\"async\" class=\"alignnone size-full wp-image-767\" src=\"https:\/\/test123456.nl\/wp-content\/uploads\/3a.jpg\" alt=\"\" width=\"605\" height=\"195\" srcset=\"https:\/\/test123456.nl\/wp-content\/uploads\/3a-200x64.jpg 200w, https:\/\/test123456.nl\/wp-content\/uploads\/3a-300x97.jpg 300w, https:\/\/test123456.nl\/wp-content\/uploads\/3a-400x129.jpg 400w, https:\/\/test123456.nl\/wp-content\/uploads\/3a-600x193.jpg 600w, https:\/\/test123456.nl\/wp-content\/uploads\/3a.jpg 605w\" sizes=\"(max-width: 605px) 100vw, 605px\" \/><\/p>\n<h3><span style=\"color: #ff0000;\">3b) \u0130leti\u015fim sayfas\u0131 \u2013 Doland\u0131r\u0131c\u0131l\u0131k web sitesi: jisaiche.com<\/span><\/h3>\n<p><strong><span style=\"color: #ff0000;\">http:\/\/jisaiche.com\/index-41.html<a id=\"prove\"><\/a><\/span><\/strong><\/p>\n<p><img decoding=\"async\" class=\"alignnone size-full wp-image-768\" src=\"https:\/\/test123456.nl\/wp-content\/uploads\/3b.jpg\" alt=\"\" width=\"605\" height=\"201\" srcset=\"https:\/\/test123456.nl\/wp-content\/uploads\/3b-200x66.jpg 200w, https:\/\/test123456.nl\/wp-content\/uploads\/3b-300x100.jpg 300w, https:\/\/test123456.nl\/wp-content\/uploads\/3b-400x133.jpg 400w, https:\/\/test123456.nl\/wp-content\/uploads\/3b-600x199.jpg 600w, https:\/\/test123456.nl\/wp-content\/uploads\/3b.jpg 605w\" sizes=\"(max-width: 605px) 100vw, 605px\" \/><\/p>\n<h2>5. MOI Online ve Revfine.com&#039;un \u0130\u015fletme Sahibi Oldu\u011fumu Kan\u0131tlay\u0131n<\/h2>\n<p>A\u015fa\u011f\u0131da, MOI Online&#039;\u0131n ve Revfine ticari ad\u0131n\u0131n i\u015fletme sahibi oldu\u011fumu kan\u0131tlamak i\u00e7in Hollanda Ticaret Odas\u0131&#039;n\u0131n resmi belgesinin \u00e7\u0131kt\u0131s\u0131n\u0131 ve Revfine.com alan ad\u0131n\u0131n sahibi oldu\u011fumu (MOI Online) g\u00f6steren Whois veritaban\u0131n\u0131n \u00e7\u0131kt\u0131s\u0131n\u0131 bulabilirsiniz.<\/p>\n<h3>5a: Hollanda Ticaret Odas\u0131 Belgesi Ben MOI Online&#039;\u0131n ve Revfine ticari ad\u0131n\u0131n sahibiyim.<\/h3>\n<p><img decoding=\"async\" class=\"alignnone size-full wp-image-761\" src=\"https:\/\/test123456.nl\/wp-content\/uploads\/Schermafbeelding-2021-07-14-165158.png\" alt=\"\" width=\"906\" height=\"866\" srcset=\"https:\/\/test123456.nl\/wp-content\/uploads\/Schermafbeelding-2021-07-14-165158-200x191.png 200w, https:\/\/test123456.nl\/wp-content\/uploads\/Schermafbeelding-2021-07-14-165158-300x287.png 300w, https:\/\/test123456.nl\/wp-content\/uploads\/Schermafbeelding-2021-07-14-165158-400x382.png 400w, https:\/\/test123456.nl\/wp-content\/uploads\/Schermafbeelding-2021-07-14-165158-600x574.png 600w, https:\/\/test123456.nl\/wp-content\/uploads\/Schermafbeelding-2021-07-14-165158-768x734.png 768w, https:\/\/test123456.nl\/wp-content\/uploads\/Schermafbeelding-2021-07-14-165158-800x765.png 800w, https:\/\/test123456.nl\/wp-content\/uploads\/Schermafbeelding-2021-07-14-165158.png 906w\" sizes=\"(max-width: 906px) 100vw, 906px\" \/><\/p>\n<h3>5b: Whois veritaban\u0131, Revfine.com Alan ad\u0131n\u0131n sahibi oldu\u011fumu (MOI Online).<\/h3>\n<p><img decoding=\"async\" class=\"alignnone size-full wp-image-762\" src=\"https:\/\/test123456.nl\/wp-content\/uploads\/Whois-print-screen-revfine.com_.png\" alt=\"\" width=\"778\" height=\"554\" srcset=\"https:\/\/test123456.nl\/wp-content\/uploads\/Whois-print-screen-revfine.com_-200x142.png 200w, https:\/\/test123456.nl\/wp-content\/uploads\/Whois-print-screen-revfine.com_-300x214.png 300w, https:\/\/test123456.nl\/wp-content\/uploads\/Whois-print-screen-revfine.com_-400x285.png 400w, https:\/\/test123456.nl\/wp-content\/uploads\/Whois-print-screen-revfine.com_-600x427.png 600w, https:\/\/test123456.nl\/wp-content\/uploads\/Whois-print-screen-revfine.com_-768x547.png 768w, https:\/\/test123456.nl\/wp-content\/uploads\/Whois-print-screen-revfine.com_.png 778w\" sizes=\"(max-width: 778px) 100vw, 778px\" \/><\/p>\n<h2>6. \u0130leti\u015fim Bilgilerimiz<a id=\"contact\"><\/a><\/h2>\n<p>\u0130\u015fletme Ad\u0131: MOI Online (Sahibi Revfine.com)<br \/>\n\u0130rtibat kurulacak ki\u015fi: Martijn Barten<br \/>\nAdres: Brederoplein 3, 3521XA Utrecht, Hollanda<br \/>\nE-posta: mail@moionline.nl<br \/>\nTelefon: +31 6 551 835 05<\/p>\n<p>&nbsp;<\/p>\n<h2><\/h2>\n<p>&nbsp;<\/p>\n<h2><\/h2>\n<p>&nbsp;<\/p>","protected":false},"excerpt":{"rendered":"<p>&lt; Click here if you prefer to download this information &gt; In this document, you find examples of copyright infringement &amp; Identify theft. And a print screen of documents that shows I am the owner of the company MOI Online which owns the domain name and website Revfine.com. Below you find all necessary information for a request to remove all  [&#8230;]<\/p>\n","protected":false},"author":1,"featured_media":0,"parent":0,"menu_order":0,"comment_status":"closed","ping_status":"closed","template":"","meta":{"footnotes":""},"class_list":["post-495","page","type-page","status-publish","hentry"],"yoast_head":"<!-- This site is optimized with the Yoast SEO plugin v27.3 - https:\/\/yoast.com\/product\/yoast-seo-wordpress\/ -->\n<title>Case: Copyright Infringement and Identity Theft by jisaiche.com Hosted on Google Cloud - Test123456.nl<\/title>\n<meta name=\"robots\" content=\"noindex, nofollow\" \/>\n<meta property=\"og:locale\" content=\"tr_TR\" \/>\n<meta property=\"og:type\" content=\"article\" \/>\n<meta property=\"og:title\" content=\"Case: Copyright Infringement and Identity Theft by jisaiche.com Hosted on Google Cloud - Test123456.nl\" \/>\n<meta property=\"og:description\" content=\"&lt; Click here if you prefer to download this information &gt; In this document, you find examples of copyright infringement &amp; Identify theft. And a print screen of documents that shows I am the owner of the company MOI Online which owns the domain name and website Revfine.com. Below you find all necessary information for a request to remove all [...]\" \/>\n<meta property=\"og:url\" content=\"https:\/\/test123456.nl\/tr\/google-cloudda-barindirilan-telif-hakki-ihlali-ve-kimlik-hirsizligi-davasi\/\" \/>\n<meta property=\"og:site_name\" content=\"Test123456.nl\" \/>\n<meta property=\"article:modified_time\" content=\"2021-08-09T09:28:13+00:00\" \/>\n<meta property=\"og:image\" content=\"https:\/\/test123456.nl\/wp-content\/uploads\/1a.jpg\" \/>\n<script type=\"application\/ld+json\" class=\"yoast-schema-graph\">{\"@context\":\"https:\\\/\\\/schema.org\",\"@graph\":[{\"@type\":\"WebPage\",\"@id\":\"https:\\\/\\\/test123456.nl\\\/case-copyright-infringement-and-identity-theft-hosted-on-google-cloud\\\/\",\"url\":\"https:\\\/\\\/test123456.nl\\\/case-copyright-infringement-and-identity-theft-hosted-on-google-cloud\\\/\",\"name\":\"Case: Copyright Infringement and Identity Theft by jisaiche.com Hosted on Google Cloud - Test123456.nl\",\"isPartOf\":{\"@id\":\"https:\\\/\\\/test123456.nl\\\/#website\"},\"primaryImageOfPage\":{\"@id\":\"https:\\\/\\\/test123456.nl\\\/case-copyright-infringement-and-identity-theft-hosted-on-google-cloud\\\/#primaryimage\"},\"image\":{\"@id\":\"https:\\\/\\\/test123456.nl\\\/case-copyright-infringement-and-identity-theft-hosted-on-google-cloud\\\/#primaryimage\"},\"thumbnailUrl\":\"https:\\\/\\\/test123456.nl\\\/wp-content\\\/uploads\\\/1a.jpg\",\"datePublished\":\"2020-09-14T15:47:54+00:00\",\"dateModified\":\"2021-08-09T09:28:13+00:00\",\"breadcrumb\":{\"@id\":\"https:\\\/\\\/test123456.nl\\\/case-copyright-infringement-and-identity-theft-hosted-on-google-cloud\\\/#breadcrumb\"},\"inLanguage\":\"tr\",\"potentialAction\":[{\"@type\":\"ReadAction\",\"target\":[\"https:\\\/\\\/test123456.nl\\\/case-copyright-infringement-and-identity-theft-hosted-on-google-cloud\\\/\"]}]},{\"@type\":\"ImageObject\",\"inLanguage\":\"tr\",\"@id\":\"https:\\\/\\\/test123456.nl\\\/case-copyright-infringement-and-identity-theft-hosted-on-google-cloud\\\/#primaryimage\",\"url\":\"https:\\\/\\\/test123456.nl\\\/wp-content\\\/uploads\\\/1a.jpg\",\"contentUrl\":\"https:\\\/\\\/test123456.nl\\\/wp-content\\\/uploads\\\/1a.jpg\"},{\"@type\":\"BreadcrumbList\",\"@id\":\"https:\\\/\\\/test123456.nl\\\/case-copyright-infringement-and-identity-theft-hosted-on-google-cloud\\\/#breadcrumb\",\"itemListElement\":[{\"@type\":\"ListItem\",\"position\":1,\"name\":\"Home\",\"item\":\"https:\\\/\\\/test123456.nl\\\/\"},{\"@type\":\"ListItem\",\"position\":2,\"name\":\"Case: Copyright Infringement and Identity Theft by jisaiche.com Hosted on Google Cloud\"}]},{\"@type\":\"WebSite\",\"@id\":\"https:\\\/\\\/test123456.nl\\\/#website\",\"url\":\"https:\\\/\\\/test123456.nl\\\/\",\"name\":\"Test123456.nl\",\"description\":\"\",\"potentialAction\":[{\"@type\":\"SearchAction\",\"target\":{\"@type\":\"EntryPoint\",\"urlTemplate\":\"https:\\\/\\\/test123456.nl\\\/?s={search_term_string}\"},\"query-input\":{\"@type\":\"PropertyValueSpecification\",\"valueRequired\":true,\"valueName\":\"search_term_string\"}}],\"inLanguage\":\"tr\"}]}<\/script>\n<!-- \/ Yoast SEO plugin. -->","yoast_head_json":{"title":"Dava: jisaiche.com Taraf\u0131ndan Telif Hakk\u0131 \u0130hlali ve Kimlik H\u0131rs\u0131zl\u0131\u011f\u0131 Google Cloud&#039;da Bar\u0131nd\u0131r\u0131l\u0131yor - Test123456.nl","robots":{"index":"noindex","follow":"nofollow"},"og_locale":"tr_TR","og_type":"article","og_title":"Case: Copyright Infringement and Identity Theft by jisaiche.com Hosted on Google Cloud - Test123456.nl","og_description":"&lt; Click here if you prefer to download this information &gt; In this document, you find examples of copyright infringement &amp; Identify theft. And a print screen of documents that shows I am the owner of the company MOI Online which owns the domain name and website Revfine.com. Below you find all necessary information for a request to remove all [...]","og_url":"https:\/\/test123456.nl\/tr\/google-cloudda-barindirilan-telif-hakki-ihlali-ve-kimlik-hirsizligi-davasi\/","og_site_name":"Test123456.nl","article_modified_time":"2021-08-09T09:28:13+00:00","og_image":[{"url":"https:\/\/test123456.nl\/wp-content\/uploads\/1a.jpg","type":"","width":"","height":""}],"schema":{"@context":"https:\/\/schema.org","@graph":[{"@type":"WebPage","@id":"https:\/\/test123456.nl\/case-copyright-infringement-and-identity-theft-hosted-on-google-cloud\/","url":"https:\/\/test123456.nl\/case-copyright-infringement-and-identity-theft-hosted-on-google-cloud\/","name":"Dava: jisaiche.com Taraf\u0131ndan Telif Hakk\u0131 \u0130hlali ve Kimlik H\u0131rs\u0131zl\u0131\u011f\u0131 Google Cloud&#039;da Bar\u0131nd\u0131r\u0131l\u0131yor - Test123456.nl","isPartOf":{"@id":"https:\/\/test123456.nl\/#website"},"primaryImageOfPage":{"@id":"https:\/\/test123456.nl\/case-copyright-infringement-and-identity-theft-hosted-on-google-cloud\/#primaryimage"},"image":{"@id":"https:\/\/test123456.nl\/case-copyright-infringement-and-identity-theft-hosted-on-google-cloud\/#primaryimage"},"thumbnailUrl":"https:\/\/test123456.nl\/wp-content\/uploads\/1a.jpg","datePublished":"2020-09-14T15:47:54+00:00","dateModified":"2021-08-09T09:28:13+00:00","breadcrumb":{"@id":"https:\/\/test123456.nl\/case-copyright-infringement-and-identity-theft-hosted-on-google-cloud\/#breadcrumb"},"inLanguage":"tr","potentialAction":[{"@type":"ReadAction","target":["https:\/\/test123456.nl\/case-copyright-infringement-and-identity-theft-hosted-on-google-cloud\/"]}]},{"@type":"ImageObject","inLanguage":"tr","@id":"https:\/\/test123456.nl\/case-copyright-infringement-and-identity-theft-hosted-on-google-cloud\/#primaryimage","url":"https:\/\/test123456.nl\/wp-content\/uploads\/1a.jpg","contentUrl":"https:\/\/test123456.nl\/wp-content\/uploads\/1a.jpg"},{"@type":"BreadcrumbList","@id":"https:\/\/test123456.nl\/case-copyright-infringement-and-identity-theft-hosted-on-google-cloud\/#breadcrumb","itemListElement":[{"@type":"ListItem","position":1,"name":"Home","item":"https:\/\/test123456.nl\/"},{"@type":"ListItem","position":2,"name":"Case: Copyright Infringement and Identity Theft by jisaiche.com Hosted on Google Cloud"}]},{"@type":"WebSite","@id":"https:\/\/test123456.nl\/#website","url":"https:\/\/test123456.nl\/","name":"Test123456.nl","description":"","potentialAction":[{"@type":"SearchAction","target":{"@type":"EntryPoint","urlTemplate":"https:\/\/test123456.nl\/?s={search_term_string}"},"query-input":{"@type":"PropertyValueSpecification","valueRequired":true,"valueName":"search_term_string"}}],"inLanguage":"tr"}]}},"_links":{"self":[{"href":"https:\/\/test123456.nl\/tr\/wp-json\/wp\/v2\/pages\/495","targetHints":{"allow":["GET"]}}],"collection":[{"href":"https:\/\/test123456.nl\/tr\/wp-json\/wp\/v2\/pages"}],"about":[{"href":"https:\/\/test123456.nl\/tr\/wp-json\/wp\/v2\/types\/page"}],"author":[{"embeddable":true,"href":"https:\/\/test123456.nl\/tr\/wp-json\/wp\/v2\/users\/1"}],"replies":[{"embeddable":true,"href":"https:\/\/test123456.nl\/tr\/wp-json\/wp\/v2\/comments?post=495"}],"version-history":[{"count":17,"href":"https:\/\/test123456.nl\/tr\/wp-json\/wp\/v2\/pages\/495\/revisions"}],"predecessor-version":[{"id":772,"href":"https:\/\/test123456.nl\/tr\/wp-json\/wp\/v2\/pages\/495\/revisions\/772"}],"wp:attachment":[{"href":"https:\/\/test123456.nl\/tr\/wp-json\/wp\/v2\/media?parent=495"}],"curies":[{"name":"wp","href":"https:\/\/api.w.org\/{rel}","templated":true}]}}