{"id":800,"date":"2021-08-31T19:55:40","date_gmt":"2021-08-31T17:55:40","guid":{"rendered":"https:\/\/test123456.nl\/?page_id=800"},"modified":"2023-01-16T20:03:27","modified_gmt":"2023-01-16T19:03:27","slug":"cachelagring","status":"publish","type":"page","link":"https:\/\/test123456.nl\/sv\/caching\/","title":{"rendered":"Metamandrill.com Hastighetsoptimering (Caching)"},"content":{"rendered":"<h2>M\u00e5l:<\/h2>\n<h5>Vi vill ha v\u00e5r hemsida <a href=\"https:\/\/metamandrill.com\/\" target=\"_blank\" rel=\"noopener\">Metamandrill.com<\/a> ska hastighetsoptimeras (cachelagring).<\/h5>\n<p>Nedan hittar du projektinformation och n\u00e5gra fr\u00e5gor:<\/p>\n<h5>1) Vi har installerat och anv\u00e4nder f\u00f6ljande tj\u00e4nster. \u00c4r detta ok f\u00f6r dig?<\/h5>\n<p>\u2013 Avadas prestandainst\u00e4llningar<br \/>\n\u2013 WP Rocket premium<br \/>\n\u2013 Cloudflare Business<\/p>\n<p>Se till att &quot;Avada-prestandainst\u00e4llningarna&quot; \u00e4r anpassade till WP-raketen, och att \u00f6verlappning i inst\u00e4llningar undviks (till exempel lat inl\u00e4sning av bilder och videor).<\/p>\n<h5>2) Krav, \u00e4r dessa ok f\u00f6r dig?<\/h5>\n<p>\u2013 Alla webbplatsfunktioner m\u00e5ste f\u00f6rbli intakta<br \/>\n\u2013 Det finns inga konflikter med Avada-temat eller n\u00e5gra plugins efter att caching har implementerats<br \/>\n\u2013 Vi anv\u00e4nder TranslatePress f\u00f6r flera spr\u00e5k; hastighetsoptimering b\u00f6r ocks\u00e5 fungera f\u00f6r \u00f6versatta sidor<br \/>\n\u2013 Ge en hastighetstest\u00f6versikt f\u00f6r olika inl\u00e4ggstyper i b\u00f6rjan och slutet av implementeringen s\u00e5 att vi kan se f\u00f6rb\u00e4ttringar<\/p>\n<h5>3) Ytterligare fr\u00e5gor:<\/h5>\n<p>a. F\u00f6r detta projekt har vi en begr\u00e4nsad budget. Kan du erbjuda ett fast projektpris?<br \/>\nb. Hur l\u00e5ng tid tar det ungef\u00e4r?<\/p>\n<p>Jag ser fram emot att f\u00e5 h\u00f6ra fr\u00e5n dig.<\/p>\n<p>V\u00e4nliga H\u00e4lsningar,<br \/>\nMartijn<\/p>","protected":false},"excerpt":{"rendered":"<p>Goal: We want our website Metamandrill.com to be speed optimized (caching). Below you will find project information and a few questions: 1) We have installed and use the following services. Is this ok for you? &#8211; Avada performance settings &#8211; WP Rocket premium &#8211; Cloudflare Bussiness Please ensure the \u201cAvada performance settings\u201d are aligned with WP rocket, and overlap in  [&#8230;]<\/p>\n","protected":false},"author":1,"featured_media":0,"parent":0,"menu_order":0,"comment_status":"closed","ping_status":"closed","template":"","meta":{"footnotes":""},"class_list":["post-800","page","type-page","status-publish","hentry"],"yoast_head":"<!-- This site is optimized with the Yoast SEO plugin v27.3 - https:\/\/yoast.com\/product\/yoast-seo-wordpress\/ -->\n<title>Metamandrill.com Speed Optimization (Caching) - Test123456.nl<\/title>\n<meta name=\"robots\" content=\"noindex, follow, max-snippet:-1, max-image-preview:large, max-video-preview:-1\" \/>\n<meta property=\"og:locale\" content=\"sv_SE\" \/>\n<meta property=\"og:type\" content=\"article\" \/>\n<meta property=\"og:title\" content=\"Metamandrill.com Speed Optimization (Caching) - Test123456.nl\" \/>\n<meta property=\"og:description\" content=\"Goal: We want our website Metamandrill.com to be speed optimized (caching). Below you will find project information and a few questions: 1) We have installed and use the following services. Is this ok for you? &#8211; Avada performance settings &#8211; WP Rocket premium &#8211; Cloudflare Bussiness Please ensure the \u201cAvada performance settings\u201d are aligned with WP rocket, and overlap in [...]\" \/>\n<meta property=\"og:url\" content=\"https:\/\/test123456.nl\/sv\/cachelagring\/\" \/>\n<meta property=\"og:site_name\" content=\"Test123456.nl\" \/>\n<meta property=\"article:modified_time\" content=\"2023-01-16T19:03:27+00:00\" \/>\n<script type=\"application\/ld+json\" class=\"yoast-schema-graph\">{\"@context\":\"https:\\\/\\\/schema.org\",\"@graph\":[{\"@type\":\"WebPage\",\"@id\":\"https:\\\/\\\/test123456.nl\\\/caching\\\/\",\"url\":\"https:\\\/\\\/test123456.nl\\\/caching\\\/\",\"name\":\"Metamandrill.com Speed Optimization (Caching) - Test123456.nl\",\"isPartOf\":{\"@id\":\"https:\\\/\\\/test123456.nl\\\/#website\"},\"datePublished\":\"2021-08-31T17:55:40+00:00\",\"dateModified\":\"2023-01-16T19:03:27+00:00\",\"breadcrumb\":{\"@id\":\"https:\\\/\\\/test123456.nl\\\/caching\\\/#breadcrumb\"},\"inLanguage\":\"sv-SE\",\"potentialAction\":[{\"@type\":\"ReadAction\",\"target\":[\"https:\\\/\\\/test123456.nl\\\/caching\\\/\"]}]},{\"@type\":\"BreadcrumbList\",\"@id\":\"https:\\\/\\\/test123456.nl\\\/caching\\\/#breadcrumb\",\"itemListElement\":[{\"@type\":\"ListItem\",\"position\":1,\"name\":\"Home\",\"item\":\"https:\\\/\\\/test123456.nl\\\/\"},{\"@type\":\"ListItem\",\"position\":2,\"name\":\"Metamandrill.com Speed Optimization (Caching)\"}]},{\"@type\":\"WebSite\",\"@id\":\"https:\\\/\\\/test123456.nl\\\/#website\",\"url\":\"https:\\\/\\\/test123456.nl\\\/\",\"name\":\"Test123456.nl\",\"description\":\"\",\"potentialAction\":[{\"@type\":\"SearchAction\",\"target\":{\"@type\":\"EntryPoint\",\"urlTemplate\":\"https:\\\/\\\/test123456.nl\\\/?s={search_term_string}\"},\"query-input\":{\"@type\":\"PropertyValueSpecification\",\"valueRequired\":true,\"valueName\":\"search_term_string\"}}],\"inLanguage\":\"sv-SE\"}]}<\/script>\n<!-- \/ Yoast SEO plugin. -->","yoast_head_json":{"title":"Metamandrill.com Hastighetsoptimering (Caching) - Test123456.nl","robots":{"index":"noindex","follow":"follow","max-snippet":"max-snippet:-1","max-image-preview":"max-image-preview:large","max-video-preview":"max-video-preview:-1"},"og_locale":"sv_SE","og_type":"article","og_title":"Metamandrill.com Speed Optimization (Caching) - Test123456.nl","og_description":"Goal: We want our website Metamandrill.com to be speed optimized (caching). Below you will find project information and a few questions: 1) We have installed and use the following services. Is this ok for you? &#8211; Avada performance settings &#8211; WP Rocket premium &#8211; Cloudflare Bussiness Please ensure the \u201cAvada performance settings\u201d are aligned with WP rocket, and overlap in [...]","og_url":"https:\/\/test123456.nl\/sv\/cachelagring\/","og_site_name":"Test123456.nl","article_modified_time":"2023-01-16T19:03:27+00:00","schema":{"@context":"https:\/\/schema.org","@graph":[{"@type":"WebPage","@id":"https:\/\/test123456.nl\/caching\/","url":"https:\/\/test123456.nl\/caching\/","name":"Metamandrill.com Hastighetsoptimering (Caching) - Test123456.nl","isPartOf":{"@id":"https:\/\/test123456.nl\/#website"},"datePublished":"2021-08-31T17:55:40+00:00","dateModified":"2023-01-16T19:03:27+00:00","breadcrumb":{"@id":"https:\/\/test123456.nl\/caching\/#breadcrumb"},"inLanguage":"sv-SE","potentialAction":[{"@type":"ReadAction","target":["https:\/\/test123456.nl\/caching\/"]}]},{"@type":"BreadcrumbList","@id":"https:\/\/test123456.nl\/caching\/#breadcrumb","itemListElement":[{"@type":"ListItem","position":1,"name":"Home","item":"https:\/\/test123456.nl\/"},{"@type":"ListItem","position":2,"name":"Metamandrill.com Speed Optimization (Caching)"}]},{"@type":"WebSite","@id":"https:\/\/test123456.nl\/#website","url":"https:\/\/test123456.nl\/","name":"Test123456.nl","description":"","potentialAction":[{"@type":"SearchAction","target":{"@type":"EntryPoint","urlTemplate":"https:\/\/test123456.nl\/?s={search_term_string}"},"query-input":{"@type":"PropertyValueSpecification","valueRequired":true,"valueName":"search_term_string"}}],"inLanguage":"sv-SE"}]}},"_links":{"self":[{"href":"https:\/\/test123456.nl\/sv\/wp-json\/wp\/v2\/pages\/800","targetHints":{"allow":["GET"]}}],"collection":[{"href":"https:\/\/test123456.nl\/sv\/wp-json\/wp\/v2\/pages"}],"about":[{"href":"https:\/\/test123456.nl\/sv\/wp-json\/wp\/v2\/types\/page"}],"author":[{"embeddable":true,"href":"https:\/\/test123456.nl\/sv\/wp-json\/wp\/v2\/users\/1"}],"replies":[{"embeddable":true,"href":"https:\/\/test123456.nl\/sv\/wp-json\/wp\/v2\/comments?post=800"}],"version-history":[{"count":10,"href":"https:\/\/test123456.nl\/sv\/wp-json\/wp\/v2\/pages\/800\/revisions"}],"predecessor-version":[{"id":1201,"href":"https:\/\/test123456.nl\/sv\/wp-json\/wp\/v2\/pages\/800\/revisions\/1201"}],"wp:attachment":[{"href":"https:\/\/test123456.nl\/sv\/wp-json\/wp\/v2\/media?parent=800"}],"curies":[{"name":"wp","href":"https:\/\/api.w.org\/{rel}","templated":true}]}}