{"id":630,"date":"2021-03-19T21:57:47","date_gmt":"2021-03-19T20:57:47","guid":{"rendered":"https:\/\/test123456.nl\/?page_id=630"},"modified":"2022-10-28T15:08:13","modified_gmt":"2022-10-28T13:08:13","slug":"test-8","status":"publish","type":"page","link":"https:\/\/test123456.nl\/sv\/test-8\/","title":{"rendered":"Test 8: Easy Social Share Plugin \u2013 Sidof\u00e4lt saknas"},"content":{"rendered":"<h3>Sociala sidof\u00e4lt saknas p\u00e5 v\u00e5ra webbplatser Metamandrill.com och Revfine.com<\/h3>\n<p><img decoding=\"async\" class=\"alignnone size-full wp-image-1150\" src=\"https:\/\/test123456.nl\/wp-content\/uploads\/OK-bar-1.png\" alt=\"\" width=\"1032\" height=\"918\" srcset=\"https:\/\/test123456.nl\/wp-content\/uploads\/OK-bar-1-200x178.png 200w, https:\/\/test123456.nl\/wp-content\/uploads\/OK-bar-1-300x267.png 300w, https:\/\/test123456.nl\/wp-content\/uploads\/OK-bar-1-400x356.png 400w, https:\/\/test123456.nl\/wp-content\/uploads\/OK-bar-1-600x534.png 600w, https:\/\/test123456.nl\/wp-content\/uploads\/OK-bar-1-768x683.png 768w, https:\/\/test123456.nl\/wp-content\/uploads\/OK-bar-1-800x712.png 800w, https:\/\/test123456.nl\/wp-content\/uploads\/OK-bar-1-1024x911.png 1024w, https:\/\/test123456.nl\/wp-content\/uploads\/OK-bar-1.png 1032w\" sizes=\"(max-width: 1032px) 100vw, 1032px\" \/><\/p>\n<p>&nbsp;<\/p>","protected":false},"excerpt":{"rendered":"<p>Sociala sidof\u00e4lt saknas p\u00e5 v\u00e5ra webbplatser Metamandrill.com och Revfine.com &nbsp;<\/p>","protected":false},"author":1,"featured_media":0,"parent":0,"menu_order":0,"comment_status":"closed","ping_status":"closed","template":"","meta":{"footnotes":""},"class_list":["post-630","page","type-page","status-publish","hentry"],"yoast_head":"<!-- This site is optimized with the Yoast SEO plugin v27.3 - https:\/\/yoast.com\/product\/yoast-seo-wordpress\/ -->\n<title>Test 8: Easy Social Share Plugin - Sidebar Missing - Test123456.nl<\/title>\n<meta name=\"robots\" content=\"noindex, follow, max-snippet:-1, max-image-preview:large, max-video-preview:-1\" \/>\n<meta property=\"og:locale\" content=\"sv_SE\" \/>\n<meta property=\"og:type\" content=\"article\" \/>\n<meta property=\"og:title\" content=\"Test 8: Easy Social Share Plugin - Sidebar Missing - Test123456.nl\" \/>\n<meta property=\"og:description\" content=\"Social Sidebar is missing on our websites Metamandrill.com and Revfine.com &nbsp;\" \/>\n<meta property=\"og:url\" content=\"https:\/\/test123456.nl\/sv\/test-8\/\" \/>\n<meta property=\"og:site_name\" content=\"Test123456.nl\" \/>\n<meta property=\"article:modified_time\" content=\"2022-10-28T13:08:13+00:00\" \/>\n<meta property=\"og:image\" content=\"https:\/\/test123456.nl\/wp-content\/uploads\/OK-bar-1.png\" \/>\n<script type=\"application\/ld+json\" class=\"yoast-schema-graph\">{\"@context\":\"https:\\\/\\\/schema.org\",\"@graph\":[{\"@type\":\"WebPage\",\"@id\":\"https:\\\/\\\/test123456.nl\\\/test-8\\\/\",\"url\":\"https:\\\/\\\/test123456.nl\\\/test-8\\\/\",\"name\":\"Test 8: Easy Social Share Plugin - Sidebar Missing - Test123456.nl\",\"isPartOf\":{\"@id\":\"https:\\\/\\\/test123456.nl\\\/#website\"},\"primaryImageOfPage\":{\"@id\":\"https:\\\/\\\/test123456.nl\\\/test-8\\\/#primaryimage\"},\"image\":{\"@id\":\"https:\\\/\\\/test123456.nl\\\/test-8\\\/#primaryimage\"},\"thumbnailUrl\":\"https:\\\/\\\/test123456.nl\\\/wp-content\\\/uploads\\\/OK-bar-1.png\",\"datePublished\":\"2021-03-19T20:57:47+00:00\",\"dateModified\":\"2022-10-28T13:08:13+00:00\",\"breadcrumb\":{\"@id\":\"https:\\\/\\\/test123456.nl\\\/test-8\\\/#breadcrumb\"},\"inLanguage\":\"sv-SE\",\"potentialAction\":[{\"@type\":\"ReadAction\",\"target\":[\"https:\\\/\\\/test123456.nl\\\/test-8\\\/\"]}]},{\"@type\":\"ImageObject\",\"inLanguage\":\"sv-SE\",\"@id\":\"https:\\\/\\\/test123456.nl\\\/test-8\\\/#primaryimage\",\"url\":\"https:\\\/\\\/test123456.nl\\\/wp-content\\\/uploads\\\/OK-bar-1.png\",\"contentUrl\":\"https:\\\/\\\/test123456.nl\\\/wp-content\\\/uploads\\\/OK-bar-1.png\"},{\"@type\":\"BreadcrumbList\",\"@id\":\"https:\\\/\\\/test123456.nl\\\/test-8\\\/#breadcrumb\",\"itemListElement\":[{\"@type\":\"ListItem\",\"position\":1,\"name\":\"Home\",\"item\":\"https:\\\/\\\/test123456.nl\\\/\"},{\"@type\":\"ListItem\",\"position\":2,\"name\":\"Test 8: Easy Social Share Plugin &#8211; Sidebar Missing\"}]},{\"@type\":\"WebSite\",\"@id\":\"https:\\\/\\\/test123456.nl\\\/#website\",\"url\":\"https:\\\/\\\/test123456.nl\\\/\",\"name\":\"Test123456.nl\",\"description\":\"\",\"potentialAction\":[{\"@type\":\"SearchAction\",\"target\":{\"@type\":\"EntryPoint\",\"urlTemplate\":\"https:\\\/\\\/test123456.nl\\\/?s={search_term_string}\"},\"query-input\":{\"@type\":\"PropertyValueSpecification\",\"valueRequired\":true,\"valueName\":\"search_term_string\"}}],\"inLanguage\":\"sv-SE\"}]}<\/script>\n<!-- \/ Yoast SEO plugin. -->","yoast_head_json":{"title":"Test 8: Enkelt plugin f\u00f6r social delning - Sidof\u00e4lt saknas - Test123456.nl","robots":{"index":"noindex","follow":"follow","max-snippet":"max-snippet:-1","max-image-preview":"max-image-preview:large","max-video-preview":"max-video-preview:-1"},"og_locale":"sv_SE","og_type":"article","og_title":"Test 8: Easy Social Share Plugin - Sidebar Missing - Test123456.nl","og_description":"Social Sidebar is missing on our websites Metamandrill.com and Revfine.com &nbsp;","og_url":"https:\/\/test123456.nl\/sv\/test-8\/","og_site_name":"Test123456.nl","article_modified_time":"2022-10-28T13:08:13+00:00","og_image":[{"url":"https:\/\/test123456.nl\/wp-content\/uploads\/OK-bar-1.png","type":"","width":"","height":""}],"schema":{"@context":"https:\/\/schema.org","@graph":[{"@type":"WebPage","@id":"https:\/\/test123456.nl\/test-8\/","url":"https:\/\/test123456.nl\/test-8\/","name":"Test 8: Enkelt plugin f\u00f6r social delning - Sidof\u00e4lt saknas - Test123456.nl","isPartOf":{"@id":"https:\/\/test123456.nl\/#website"},"primaryImageOfPage":{"@id":"https:\/\/test123456.nl\/test-8\/#primaryimage"},"image":{"@id":"https:\/\/test123456.nl\/test-8\/#primaryimage"},"thumbnailUrl":"https:\/\/test123456.nl\/wp-content\/uploads\/OK-bar-1.png","datePublished":"2021-03-19T20:57:47+00:00","dateModified":"2022-10-28T13:08:13+00:00","breadcrumb":{"@id":"https:\/\/test123456.nl\/test-8\/#breadcrumb"},"inLanguage":"sv-SE","potentialAction":[{"@type":"ReadAction","target":["https:\/\/test123456.nl\/test-8\/"]}]},{"@type":"ImageObject","inLanguage":"sv-SE","@id":"https:\/\/test123456.nl\/test-8\/#primaryimage","url":"https:\/\/test123456.nl\/wp-content\/uploads\/OK-bar-1.png","contentUrl":"https:\/\/test123456.nl\/wp-content\/uploads\/OK-bar-1.png"},{"@type":"BreadcrumbList","@id":"https:\/\/test123456.nl\/test-8\/#breadcrumb","itemListElement":[{"@type":"ListItem","position":1,"name":"Home","item":"https:\/\/test123456.nl\/"},{"@type":"ListItem","position":2,"name":"Test 8: Easy Social Share Plugin &#8211; Sidebar Missing"}]},{"@type":"WebSite","@id":"https:\/\/test123456.nl\/#website","url":"https:\/\/test123456.nl\/","name":"Test123456.nl","description":"","potentialAction":[{"@type":"SearchAction","target":{"@type":"EntryPoint","urlTemplate":"https:\/\/test123456.nl\/?s={search_term_string}"},"query-input":{"@type":"PropertyValueSpecification","valueRequired":true,"valueName":"search_term_string"}}],"inLanguage":"sv-SE"}]}},"_links":{"self":[{"href":"https:\/\/test123456.nl\/sv\/wp-json\/wp\/v2\/pages\/630","targetHints":{"allow":["GET"]}}],"collection":[{"href":"https:\/\/test123456.nl\/sv\/wp-json\/wp\/v2\/pages"}],"about":[{"href":"https:\/\/test123456.nl\/sv\/wp-json\/wp\/v2\/types\/page"}],"author":[{"embeddable":true,"href":"https:\/\/test123456.nl\/sv\/wp-json\/wp\/v2\/users\/1"}],"replies":[{"embeddable":true,"href":"https:\/\/test123456.nl\/sv\/wp-json\/wp\/v2\/comments?post=630"}],"version-history":[{"count":24,"href":"https:\/\/test123456.nl\/sv\/wp-json\/wp\/v2\/pages\/630\/revisions"}],"predecessor-version":[{"id":1151,"href":"https:\/\/test123456.nl\/sv\/wp-json\/wp\/v2\/pages\/630\/revisions\/1151"}],"wp:attachment":[{"href":"https:\/\/test123456.nl\/sv\/wp-json\/wp\/v2\/media?parent=630"}],"curies":[{"name":"wp","href":"https:\/\/api.w.org\/{rel}","templated":true}]}}