{"id":401,"date":"2020-04-03T18:47:59","date_gmt":"2020-04-03T16:47:59","guid":{"rendered":"https:\/\/test123456.nl\/?page_id=401"},"modified":"2022-12-21T10:17:22","modified_gmt":"2022-12-21T09:17:22","slug":"test-4","status":"publish","type":"page","link":"https:\/\/test123456.nl\/sv\/test-4\/","title":{"rendered":"Test 4: Avada Bug \u2013 stoppningsbeh\u00e5llare"},"content":{"rendered":"<h1>1) Exempel p\u00e5 beh\u00e5llare som anv\u00e4nds p\u00e5 en sida<\/h1>\n<p><strong>Liveexempel: https:\/\/metamandrill.com\/interview-co-founder-julie-smithson-of-metavrse\/<\/strong><br \/>\n<strong>Obs: den h\u00e4r beh\u00e5llaren anv\u00e4nds p\u00e5 flera sidor<\/strong><\/p>\n<p><img decoding=\"async\" class=\"alignnone size-full wp-image-1155\" src=\"https:\/\/test123456.nl\/wp-content\/uploads\/Schermafbeelding-2022-12-20-213158.png\" alt=\"\" width=\"1008\" height=\"512\" srcset=\"https:\/\/test123456.nl\/wp-content\/uploads\/Schermafbeelding-2022-12-20-213158-200x102.png 200w, https:\/\/test123456.nl\/wp-content\/uploads\/Schermafbeelding-2022-12-20-213158-300x152.png 300w, https:\/\/test123456.nl\/wp-content\/uploads\/Schermafbeelding-2022-12-20-213158-400x203.png 400w, https:\/\/test123456.nl\/wp-content\/uploads\/Schermafbeelding-2022-12-20-213158-600x305.png 600w, https:\/\/test123456.nl\/wp-content\/uploads\/Schermafbeelding-2022-12-20-213158-768x390.png 768w, https:\/\/test123456.nl\/wp-content\/uploads\/Schermafbeelding-2022-12-20-213158-800x406.png 800w, https:\/\/test123456.nl\/wp-content\/uploads\/Schermafbeelding-2022-12-20-213158.png 1008w\" sizes=\"(max-width: 1008px) 100vw, 1008px\" \/><\/p>\n<h1>2) Exempel Beh\u00e5llare med de anv\u00e4nda elementen<\/h1>\n<p><img decoding=\"async\" class=\"alignnone size-full wp-image-1156\" src=\"https:\/\/test123456.nl\/wp-content\/uploads\/Schermafbeelding-2022-12-20-214225.png\" alt=\"\" width=\"1351\" height=\"562\" srcset=\"https:\/\/test123456.nl\/wp-content\/uploads\/Schermafbeelding-2022-12-20-214225-200x83.png 200w, https:\/\/test123456.nl\/wp-content\/uploads\/Schermafbeelding-2022-12-20-214225-300x125.png 300w, https:\/\/test123456.nl\/wp-content\/uploads\/Schermafbeelding-2022-12-20-214225-400x166.png 400w, https:\/\/test123456.nl\/wp-content\/uploads\/Schermafbeelding-2022-12-20-214225-600x250.png 600w, https:\/\/test123456.nl\/wp-content\/uploads\/Schermafbeelding-2022-12-20-214225-768x319.png 768w, https:\/\/test123456.nl\/wp-content\/uploads\/Schermafbeelding-2022-12-20-214225-800x333.png 800w, https:\/\/test123456.nl\/wp-content\/uploads\/Schermafbeelding-2022-12-20-214225-1024x426.png 1024w, https:\/\/test123456.nl\/wp-content\/uploads\/Schermafbeelding-2022-12-20-214225-1200x499.png 1200w, https:\/\/test123456.nl\/wp-content\/uploads\/Schermafbeelding-2022-12-20-214225.png 1351w\" sizes=\"(max-width: 1351px) 100vw, 1351px\" \/><\/p>\n<h1>3) Utfyllnadsinst\u00e4llningar g\u00e4ller inte<\/h1>\n<p><img decoding=\"async\" class=\"alignnone size-full wp-image-1157\" src=\"https:\/\/test123456.nl\/wp-content\/uploads\/Schermafbeelding-2022-12-20-213245.png\" alt=\"\" width=\"1483\" height=\"577\" srcset=\"https:\/\/test123456.nl\/wp-content\/uploads\/Schermafbeelding-2022-12-20-213245-200x78.png 200w, https:\/\/test123456.nl\/wp-content\/uploads\/Schermafbeelding-2022-12-20-213245-300x117.png 300w, https:\/\/test123456.nl\/wp-content\/uploads\/Schermafbeelding-2022-12-20-213245-400x156.png 400w, https:\/\/test123456.nl\/wp-content\/uploads\/Schermafbeelding-2022-12-20-213245-600x233.png 600w, https:\/\/test123456.nl\/wp-content\/uploads\/Schermafbeelding-2022-12-20-213245-768x299.png 768w, https:\/\/test123456.nl\/wp-content\/uploads\/Schermafbeelding-2022-12-20-213245-800x311.png 800w, https:\/\/test123456.nl\/wp-content\/uploads\/Schermafbeelding-2022-12-20-213245-1024x398.png 1024w, https:\/\/test123456.nl\/wp-content\/uploads\/Schermafbeelding-2022-12-20-213245-1200x467.png 1200w, https:\/\/test123456.nl\/wp-content\/uploads\/Schermafbeelding-2022-12-20-213245.png 1483w\" sizes=\"(max-width: 1483px) 100vw, 1483px\" \/><\/p>\n<p>&nbsp;<\/p>\n<p>&nbsp;<\/p>\n<p>&nbsp;<\/p>\n<p>&nbsp;<\/p>\n<p>&nbsp;<\/p>","protected":false},"excerpt":{"rendered":"<p>1) Exempel p\u00e5 container som anv\u00e4nds p\u00e5 en sida Live-exempel: https:\/\/metamandrill.com\/interview-co-founder-julie-smithson-of-metavrse\/ Obs: den h\u00e4r containern anv\u00e4nds p\u00e5 flera sidor 2) Exempel p\u00e5 container med de anv\u00e4nda elementen 3) Utfyllnadsinst\u00e4llningar g\u00e4ller inte &nbsp; &nbsp; &nbsp; &nbsp; &nbsp;<\/p>","protected":false},"author":1,"featured_media":0,"parent":0,"menu_order":0,"comment_status":"closed","ping_status":"closed","template":"","meta":{"footnotes":""},"class_list":["post-401","page","type-page","status-publish","hentry"],"yoast_head":"<!-- This site is optimized with the Yoast SEO plugin v27.3 - https:\/\/yoast.com\/product\/yoast-seo-wordpress\/ -->\n<title>Test 4: Avada Bug - Padding Containers - Test123456.nl<\/title>\n<meta name=\"robots\" content=\"noindex, nofollow\" \/>\n<meta property=\"og:locale\" content=\"sv_SE\" \/>\n<meta property=\"og:type\" content=\"article\" \/>\n<meta property=\"og:title\" content=\"Test 4: Avada Bug - Padding Containers - Test123456.nl\" \/>\n<meta property=\"og:description\" content=\"1) Example Container used on a Page Live example: https:\/\/metamandrill.com\/interview-co-founder-julie-smithson-of-metavrse\/ Note: this container is used on multiple pages 2) Example Container with the used elements 3) Padding settings don&#8217;t apply &nbsp; &nbsp; &nbsp; &nbsp; &nbsp;\" \/>\n<meta property=\"og:url\" content=\"https:\/\/test123456.nl\/sv\/test-4\/\" \/>\n<meta property=\"og:site_name\" content=\"Test123456.nl\" \/>\n<meta property=\"article:modified_time\" content=\"2022-12-21T09:17:22+00:00\" \/>\n<meta property=\"og:image\" content=\"https:\/\/test123456.nl\/wp-content\/uploads\/Schermafbeelding-2022-12-20-213158.png\" \/>\n<script type=\"application\/ld+json\" class=\"yoast-schema-graph\">{\"@context\":\"https:\\\/\\\/schema.org\",\"@graph\":[{\"@type\":\"WebPage\",\"@id\":\"https:\\\/\\\/test123456.nl\\\/test-4\\\/\",\"url\":\"https:\\\/\\\/test123456.nl\\\/test-4\\\/\",\"name\":\"Test 4: Avada Bug - Padding Containers - Test123456.nl\",\"isPartOf\":{\"@id\":\"https:\\\/\\\/test123456.nl\\\/#website\"},\"primaryImageOfPage\":{\"@id\":\"https:\\\/\\\/test123456.nl\\\/test-4\\\/#primaryimage\"},\"image\":{\"@id\":\"https:\\\/\\\/test123456.nl\\\/test-4\\\/#primaryimage\"},\"thumbnailUrl\":\"https:\\\/\\\/test123456.nl\\\/wp-content\\\/uploads\\\/Schermafbeelding-2022-12-20-213158.png\",\"datePublished\":\"2020-04-03T16:47:59+00:00\",\"dateModified\":\"2022-12-21T09:17:22+00:00\",\"breadcrumb\":{\"@id\":\"https:\\\/\\\/test123456.nl\\\/test-4\\\/#breadcrumb\"},\"inLanguage\":\"sv-SE\",\"potentialAction\":[{\"@type\":\"ReadAction\",\"target\":[\"https:\\\/\\\/test123456.nl\\\/test-4\\\/\"]}]},{\"@type\":\"ImageObject\",\"inLanguage\":\"sv-SE\",\"@id\":\"https:\\\/\\\/test123456.nl\\\/test-4\\\/#primaryimage\",\"url\":\"https:\\\/\\\/test123456.nl\\\/wp-content\\\/uploads\\\/Schermafbeelding-2022-12-20-213158.png\",\"contentUrl\":\"https:\\\/\\\/test123456.nl\\\/wp-content\\\/uploads\\\/Schermafbeelding-2022-12-20-213158.png\"},{\"@type\":\"BreadcrumbList\",\"@id\":\"https:\\\/\\\/test123456.nl\\\/test-4\\\/#breadcrumb\",\"itemListElement\":[{\"@type\":\"ListItem\",\"position\":1,\"name\":\"Home\",\"item\":\"https:\\\/\\\/test123456.nl\\\/\"},{\"@type\":\"ListItem\",\"position\":2,\"name\":\"Test 4: Avada Bug &#8211; Padding Containers\"}]},{\"@type\":\"WebSite\",\"@id\":\"https:\\\/\\\/test123456.nl\\\/#website\",\"url\":\"https:\\\/\\\/test123456.nl\\\/\",\"name\":\"Test123456.nl\",\"description\":\"\",\"potentialAction\":[{\"@type\":\"SearchAction\",\"target\":{\"@type\":\"EntryPoint\",\"urlTemplate\":\"https:\\\/\\\/test123456.nl\\\/?s={search_term_string}\"},\"query-input\":{\"@type\":\"PropertyValueSpecification\",\"valueRequired\":true,\"valueName\":\"search_term_string\"}}],\"inLanguage\":\"sv-SE\"}]}<\/script>\n<!-- \/ Yoast SEO plugin. -->","yoast_head_json":{"title":"Test 4: Avada Bug - Vadderingsbeh\u00e5llare - Test123456.nl","robots":{"index":"noindex","follow":"nofollow"},"og_locale":"sv_SE","og_type":"article","og_title":"Test 4: Avada Bug - Padding Containers - Test123456.nl","og_description":"1) Example Container used on a Page Live example: https:\/\/metamandrill.com\/interview-co-founder-julie-smithson-of-metavrse\/ Note: this container is used on multiple pages 2) Example Container with the used elements 3) Padding settings don&#8217;t apply &nbsp; &nbsp; &nbsp; &nbsp; &nbsp;","og_url":"https:\/\/test123456.nl\/sv\/test-4\/","og_site_name":"Test123456.nl","article_modified_time":"2022-12-21T09:17:22+00:00","og_image":[{"url":"https:\/\/test123456.nl\/wp-content\/uploads\/Schermafbeelding-2022-12-20-213158.png","type":"","width":"","height":""}],"schema":{"@context":"https:\/\/schema.org","@graph":[{"@type":"WebPage","@id":"https:\/\/test123456.nl\/test-4\/","url":"https:\/\/test123456.nl\/test-4\/","name":"Test 4: Avada Bug - Vadderingsbeh\u00e5llare - Test123456.nl","isPartOf":{"@id":"https:\/\/test123456.nl\/#website"},"primaryImageOfPage":{"@id":"https:\/\/test123456.nl\/test-4\/#primaryimage"},"image":{"@id":"https:\/\/test123456.nl\/test-4\/#primaryimage"},"thumbnailUrl":"https:\/\/test123456.nl\/wp-content\/uploads\/Schermafbeelding-2022-12-20-213158.png","datePublished":"2020-04-03T16:47:59+00:00","dateModified":"2022-12-21T09:17:22+00:00","breadcrumb":{"@id":"https:\/\/test123456.nl\/test-4\/#breadcrumb"},"inLanguage":"sv-SE","potentialAction":[{"@type":"ReadAction","target":["https:\/\/test123456.nl\/test-4\/"]}]},{"@type":"ImageObject","inLanguage":"sv-SE","@id":"https:\/\/test123456.nl\/test-4\/#primaryimage","url":"https:\/\/test123456.nl\/wp-content\/uploads\/Schermafbeelding-2022-12-20-213158.png","contentUrl":"https:\/\/test123456.nl\/wp-content\/uploads\/Schermafbeelding-2022-12-20-213158.png"},{"@type":"BreadcrumbList","@id":"https:\/\/test123456.nl\/test-4\/#breadcrumb","itemListElement":[{"@type":"ListItem","position":1,"name":"Home","item":"https:\/\/test123456.nl\/"},{"@type":"ListItem","position":2,"name":"Test 4: Avada Bug &#8211; Padding Containers"}]},{"@type":"WebSite","@id":"https:\/\/test123456.nl\/#website","url":"https:\/\/test123456.nl\/","name":"Test123456.nl","description":"","potentialAction":[{"@type":"SearchAction","target":{"@type":"EntryPoint","urlTemplate":"https:\/\/test123456.nl\/?s={search_term_string}"},"query-input":{"@type":"PropertyValueSpecification","valueRequired":true,"valueName":"search_term_string"}}],"inLanguage":"sv-SE"}]}},"_links":{"self":[{"href":"https:\/\/test123456.nl\/sv\/wp-json\/wp\/v2\/pages\/401","targetHints":{"allow":["GET"]}}],"collection":[{"href":"https:\/\/test123456.nl\/sv\/wp-json\/wp\/v2\/pages"}],"about":[{"href":"https:\/\/test123456.nl\/sv\/wp-json\/wp\/v2\/types\/page"}],"author":[{"embeddable":true,"href":"https:\/\/test123456.nl\/sv\/wp-json\/wp\/v2\/users\/1"}],"replies":[{"embeddable":true,"href":"https:\/\/test123456.nl\/sv\/wp-json\/wp\/v2\/comments?post=401"}],"version-history":[{"count":13,"href":"https:\/\/test123456.nl\/sv\/wp-json\/wp\/v2\/pages\/401\/revisions"}],"predecessor-version":[{"id":1158,"href":"https:\/\/test123456.nl\/sv\/wp-json\/wp\/v2\/pages\/401\/revisions\/1158"}],"wp:attachment":[{"href":"https:\/\/test123456.nl\/sv\/wp-json\/wp\/v2\/media?parent=401"}],"curies":[{"name":"wp","href":"https:\/\/api.w.org\/{rel}","templated":true}]}}