{"id":800,"date":"2021-08-31T19:55:40","date_gmt":"2021-08-31T17:55:40","guid":{"rendered":"https:\/\/test123456.nl\/?page_id=800"},"modified":"2023-01-16T20:03:27","modified_gmt":"2023-01-16T19:03:27","slug":"cache","status":"publish","type":"page","link":"https:\/\/test123456.nl\/pt\/caching\/","title":{"rendered":"Otimiza\u00e7\u00e3o de velocidade do Metamandrill.com (cache)"},"content":{"rendered":"<h2>Meta:<\/h2>\n<h5>Queremos nosso site <a href=\"https:\/\/metamandrill.com\/\" target=\"_blank\" rel=\"noopener\">Metamandrill.com<\/a> para ter velocidade otimizada (cache).<\/h5>\n<p>Abaixo voc\u00ea encontrar\u00e1 informa\u00e7\u00f5es do projeto e algumas d\u00favidas:<\/p>\n<h5>1) Instalamos e usamos os seguintes servi\u00e7os. Est\u00e1 tudo bem para voc\u00ea?<\/h5>\n<p>\u2013 Configura\u00e7\u00f5es de desempenho do Avada<br \/>\n\u2013 WP Foguete premium<br \/>\n\u2013 Neg\u00f3cios Cloudflare<\/p>\n<p>Certifique-se de que as \u201cconfigura\u00e7\u00f5es de desempenho do Avada\u201d estejam alinhadas com o foguete WP e que a sobreposi\u00e7\u00e3o nas configura\u00e7\u00f5es seja evitada (por exemplo, carregamento lento de imagens e v\u00eddeos).<\/p>\n<h5>2) Requisitos, est\u00e3o adequados para voc\u00ea?<\/h5>\n<p>\u2013 Todas as funcionalidades do site devem permanecer intactas<br \/>\n\u2013 N\u00e3o h\u00e1 conflitos com o tema Avada ou quaisquer plugins ap\u00f3s a implementa\u00e7\u00e3o do cache<br \/>\n\u2013 Usamos TranslatePress para multil\u00edngue; a otimiza\u00e7\u00e3o da velocidade tamb\u00e9m deve funcionar para p\u00e1ginas traduzidas<br \/>\n\u2013 Forne\u00e7a uma vis\u00e3o geral do teste de velocidade para diferentes tipos de postagem no in\u00edcio e no final da implementa\u00e7\u00e3o para que possamos ver melhorias<\/p>\n<h5>3) Perguntas adicionais:<\/h5>\n<p>a. Para este projeto, temos um or\u00e7amento limitado. Voc\u00ea poderia oferecer um pre\u00e7o fixo para o projeto?<br \/>\nb. Quanto tempo levar\u00e1 aproximadamente?<\/p>\n<p>Estou ansioso para ouvir de voc\u00ea.<\/p>\n<p>Atenciosamente,<br \/>\nMartijn<\/p>","protected":false},"excerpt":{"rendered":"<p>Goal: We want our website Metamandrill.com to be speed optimized (caching). Below you will find project information and a few questions: 1) We have installed and use the following services. Is this ok for you? &#8211; Avada performance settings &#8211; WP Rocket premium &#8211; Cloudflare Bussiness Please ensure the \u201cAvada performance settings\u201d are aligned with WP rocket, and overlap in  [&#8230;]<\/p>\n","protected":false},"author":1,"featured_media":0,"parent":0,"menu_order":0,"comment_status":"closed","ping_status":"closed","template":"","meta":{"footnotes":""},"class_list":["post-800","page","type-page","status-publish","hentry"],"yoast_head":"<!-- This site is optimized with the Yoast SEO plugin v27.3 - https:\/\/yoast.com\/product\/yoast-seo-wordpress\/ -->\n<title>Metamandrill.com Speed Optimization (Caching) - Test123456.nl<\/title>\n<meta name=\"robots\" content=\"noindex, follow, max-snippet:-1, max-image-preview:large, max-video-preview:-1\" \/>\n<meta property=\"og:locale\" content=\"pt_BR\" \/>\n<meta property=\"og:type\" content=\"article\" \/>\n<meta property=\"og:title\" content=\"Metamandrill.com Speed Optimization (Caching) - Test123456.nl\" \/>\n<meta property=\"og:description\" content=\"Goal: We want our website Metamandrill.com to be speed optimized (caching). Below you will find project information and a few questions: 1) We have installed and use the following services. Is this ok for you? &#8211; Avada performance settings &#8211; WP Rocket premium &#8211; Cloudflare Bussiness Please ensure the \u201cAvada performance settings\u201d are aligned with WP rocket, and overlap in [...]\" \/>\n<meta property=\"og:url\" content=\"https:\/\/test123456.nl\/pt\/cache\/\" \/>\n<meta property=\"og:site_name\" content=\"Test123456.nl\" \/>\n<meta property=\"article:modified_time\" content=\"2023-01-16T19:03:27+00:00\" \/>\n<script type=\"application\/ld+json\" class=\"yoast-schema-graph\">{\"@context\":\"https:\\\/\\\/schema.org\",\"@graph\":[{\"@type\":\"WebPage\",\"@id\":\"https:\\\/\\\/test123456.nl\\\/caching\\\/\",\"url\":\"https:\\\/\\\/test123456.nl\\\/caching\\\/\",\"name\":\"Metamandrill.com Speed Optimization (Caching) - Test123456.nl\",\"isPartOf\":{\"@id\":\"https:\\\/\\\/test123456.nl\\\/#website\"},\"datePublished\":\"2021-08-31T17:55:40+00:00\",\"dateModified\":\"2023-01-16T19:03:27+00:00\",\"breadcrumb\":{\"@id\":\"https:\\\/\\\/test123456.nl\\\/caching\\\/#breadcrumb\"},\"inLanguage\":\"pt-BR\",\"potentialAction\":[{\"@type\":\"ReadAction\",\"target\":[\"https:\\\/\\\/test123456.nl\\\/caching\\\/\"]}]},{\"@type\":\"BreadcrumbList\",\"@id\":\"https:\\\/\\\/test123456.nl\\\/caching\\\/#breadcrumb\",\"itemListElement\":[{\"@type\":\"ListItem\",\"position\":1,\"name\":\"Home\",\"item\":\"https:\\\/\\\/test123456.nl\\\/\"},{\"@type\":\"ListItem\",\"position\":2,\"name\":\"Metamandrill.com Speed Optimization (Caching)\"}]},{\"@type\":\"WebSite\",\"@id\":\"https:\\\/\\\/test123456.nl\\\/#website\",\"url\":\"https:\\\/\\\/test123456.nl\\\/\",\"name\":\"Test123456.nl\",\"description\":\"\",\"potentialAction\":[{\"@type\":\"SearchAction\",\"target\":{\"@type\":\"EntryPoint\",\"urlTemplate\":\"https:\\\/\\\/test123456.nl\\\/?s={search_term_string}\"},\"query-input\":{\"@type\":\"PropertyValueSpecification\",\"valueRequired\":true,\"valueName\":\"search_term_string\"}}],\"inLanguage\":\"pt-BR\"}]}<\/script>\n<!-- \/ Yoast SEO plugin. -->","yoast_head_json":{"title":"Otimiza\u00e7\u00e3o de velocidade do Metamandrill.com (cache) - Test123456.nl","robots":{"index":"noindex","follow":"follow","max-snippet":"max-snippet:-1","max-image-preview":"max-image-preview:large","max-video-preview":"max-video-preview:-1"},"og_locale":"pt_BR","og_type":"article","og_title":"Metamandrill.com Speed Optimization (Caching) - Test123456.nl","og_description":"Goal: We want our website Metamandrill.com to be speed optimized (caching). Below you will find project information and a few questions: 1) We have installed and use the following services. Is this ok for you? &#8211; Avada performance settings &#8211; WP Rocket premium &#8211; Cloudflare Bussiness Please ensure the \u201cAvada performance settings\u201d are aligned with WP rocket, and overlap in [...]","og_url":"https:\/\/test123456.nl\/pt\/cache\/","og_site_name":"Test123456.nl","article_modified_time":"2023-01-16T19:03:27+00:00","schema":{"@context":"https:\/\/schema.org","@graph":[{"@type":"WebPage","@id":"https:\/\/test123456.nl\/caching\/","url":"https:\/\/test123456.nl\/caching\/","name":"Otimiza\u00e7\u00e3o de velocidade do Metamandrill.com (cache) - Test123456.nl","isPartOf":{"@id":"https:\/\/test123456.nl\/#website"},"datePublished":"2021-08-31T17:55:40+00:00","dateModified":"2023-01-16T19:03:27+00:00","breadcrumb":{"@id":"https:\/\/test123456.nl\/caching\/#breadcrumb"},"inLanguage":"pt-BR","potentialAction":[{"@type":"ReadAction","target":["https:\/\/test123456.nl\/caching\/"]}]},{"@type":"BreadcrumbList","@id":"https:\/\/test123456.nl\/caching\/#breadcrumb","itemListElement":[{"@type":"ListItem","position":1,"name":"Home","item":"https:\/\/test123456.nl\/"},{"@type":"ListItem","position":2,"name":"Metamandrill.com Speed Optimization (Caching)"}]},{"@type":"WebSite","@id":"https:\/\/test123456.nl\/#website","url":"https:\/\/test123456.nl\/","name":"Test123456.nl","description":"","potentialAction":[{"@type":"SearchAction","target":{"@type":"EntryPoint","urlTemplate":"https:\/\/test123456.nl\/?s={search_term_string}"},"query-input":{"@type":"PropertyValueSpecification","valueRequired":true,"valueName":"search_term_string"}}],"inLanguage":"pt-BR"}]}},"_links":{"self":[{"href":"https:\/\/test123456.nl\/pt\/wp-json\/wp\/v2\/pages\/800","targetHints":{"allow":["GET"]}}],"collection":[{"href":"https:\/\/test123456.nl\/pt\/wp-json\/wp\/v2\/pages"}],"about":[{"href":"https:\/\/test123456.nl\/pt\/wp-json\/wp\/v2\/types\/page"}],"author":[{"embeddable":true,"href":"https:\/\/test123456.nl\/pt\/wp-json\/wp\/v2\/users\/1"}],"replies":[{"embeddable":true,"href":"https:\/\/test123456.nl\/pt\/wp-json\/wp\/v2\/comments?post=800"}],"version-history":[{"count":10,"href":"https:\/\/test123456.nl\/pt\/wp-json\/wp\/v2\/pages\/800\/revisions"}],"predecessor-version":[{"id":1201,"href":"https:\/\/test123456.nl\/pt\/wp-json\/wp\/v2\/pages\/800\/revisions\/1201"}],"wp:attachment":[{"href":"https:\/\/test123456.nl\/pt\/wp-json\/wp\/v2\/media?parent=800"}],"curies":[{"name":"wp","href":"https:\/\/api.w.org\/{rel}","templated":true}]}}