{"id":495,"date":"2020-09-14T17:47:54","date_gmt":"2020-09-14T15:47:54","guid":{"rendered":"https:\/\/test123456.nl\/?page_id=495"},"modified":"2021-08-09T11:28:13","modified_gmt":"2021-08-09T09:28:13","slug":"caso-violacao-de-direitos-autorais-e-roubo-de-identidade-hospedado-no-google-cloud","status":"publish","type":"page","link":"https:\/\/test123456.nl\/pt\/case-copyright-infringement-and-identity-theft-hosted-on-google-cloud\/","title":{"rendered":"Caso: viola\u00e7\u00e3o de direitos autorais e roubo de identidade por jisaiche.com hospedado no Google Cloud"},"content":{"rendered":"<p><span style=\"text-decoration: underline;\"><a href=\"https:\/\/test123456.nl\/wp-content\/uploads\/Case-Copyright-Infringement-and-Identity-Theft-Hosted-on-Google-Cloud.pdf\" target=\"_blank\" rel=\"noopener\">&lt; Clique aqui se preferir baixar essas informa\u00e7\u00f5es &gt;<\/a><\/span><\/p>\n<p><em>Neste documento, voc\u00ea encontra exemplos de viola\u00e7\u00e3o de direitos autorais e roubo de identidade. E uma tela de impress\u00e3o de documentos que mostra que sou o propriet\u00e1rio da empresa MOI Online, que det\u00e9m o nome de dom\u00ednio e o site Revfine.com.<\/em><\/p>\n<p>Abaixo voc\u00ea encontra todas as informa\u00e7\u00f5es necess\u00e1rias para uma solicita\u00e7\u00e3o de remo\u00e7\u00e3o de todo o conte\u00fado do jisaiche.com.<a id=\"case\"><\/a><\/p>\n<h2>\u00cdndice<\/h2>\n<p>1. <span style=\"text-decoration: underline;\"><a href=\"#case\">Introdu\u00e7\u00e3o do caso<\/a><\/span><br \/>\n2. <span style=\"text-decoration: underline;\"><a href=\"#what-we-already-did\">O que j\u00e1 fizemos<\/a><\/span><br \/>\n3. <span style=\"text-decoration: underline;\"><a href=\"#request\">Meu pedido<\/a><\/span><br \/>\n4. <span style=\"text-decoration: underline;\"><a href=\"#examples\">Exemplos para mostrar o site; informa\u00e7\u00f5es pessoais e comerciais s\u00e3o copiadas<\/a><\/span><br \/>\n5. <span style=\"text-decoration: underline;\"><a href=\"#prove\">Provar que sou o propriet\u00e1rio da empresa MOI Online &amp; Revfine.com e propriet\u00e1rio do nome de dom\u00ednio Revfine.com<\/a><\/span><br \/>\n6. <span style=\"text-decoration: underline;\"><a href=\"#contact\">Nossos detalhes de contato<\/a><\/span><\/p>\n<h2>1. Introdu\u00e7\u00e3o do caso<\/h2>\n<p>Sou Martijn Barten, propriet\u00e1rio do MOI Online e do nome de dom\u00ednio e site Revfine.com (https:\/\/www.revfine.com\/about\/).<\/p>\n<p>Gostaria de inform\u00e1-lo que o URL jisaiche.com copiou todo o conte\u00fado do nosso site Revfine.com e finge ser eu, incluindo o nome da minha empresa, informa\u00e7\u00f5es pessoais e detalhes comerciais.<\/p>\n<p>Como voc\u00ea entende, a viola\u00e7\u00e3o de direitos autorais e o roubo de identidade causam danos comerciais e pessoais.<\/p>\n<p><strong>Soubemos que o conte\u00fado fraudulento no jisaiche.com \u00e9 hospedado pela Google LLC; veja abaixo meus detalhes:<a id=\"what-we-already-did\"><\/a><\/strong><br \/>\nNome da organiza\u00e7\u00e3o: Google Cloud (asia-east1)<br \/>\nEndere\u00e7o IP: 35.229.232.99<br \/>\nN\u00famero e organiza\u00e7\u00e3o do AS (sistema aut\u00f4nomo): AS396982 Google LLC<br \/>\nNome AS: GOOGLE-PRIVATE-CLOUD<br \/>\nDNS reverso do IP: 99.232.229.35.bc.googleusercontent.com<br \/>\nCidade: Taip\u00e9<br \/>\nPa\u00eds: Taiwan<\/p>\n<h2>2. O que j\u00e1 fizemos<a id=\"request\"><\/a><\/h2>\n<p>A: Tente entrar em contato com o webmaster<br \/>\nComo os registrantes do nome de dom\u00ednio jisaiche.com t\u00eam inten\u00e7\u00f5es fraudulentas, n\u00e3o t\u00eam detalhes de contato em seu site e usam a funcionalidade PrivacyGuardian, \u00e9 imposs\u00edvel contat\u00e1-los diretamente. Al\u00e9m disso, como o jisaiche.com copia todo o conte\u00fado do nosso site, todas as informa\u00e7\u00f5es de contato s\u00e3o nossos detalhes de contato.<\/p>\n<p>B: Contatou o registrador de dom\u00ednio<br \/>\nEntramos em contato com o registrador de dom\u00ednio onde o nome de dom\u00ednio jisaiche.com est\u00e1 registrado. Eles respondem que n\u00e3o podem nos ajudar porque n\u00e3o podem validar ou controlar o conte\u00fado postado no site. Eles nos encaminham para a empresa de hospedagem onde o conte\u00fado de jisaiche.com \u00e9 publicado. Neste caso, o Google Cloud.<\/p>\n<h2>3. Meu Pedido<a id=\"examples\"><\/a><\/h2>\n<p>Como voc\u00ea entende, a viola\u00e7\u00e3o de direitos autorais e o roubo de identidade causam danos comerciais e pessoais.<\/p>\n<p>Fizemos um grande esfor\u00e7o para provar que somos os propriet\u00e1rios do MOI Online\/Revfine.com, o propriet\u00e1rio do nome de dom\u00ednio Revfine.com e mostramos que o jisaiche.com copiou todo o conte\u00fado do nosso site, incluindo informa\u00e7\u00f5es pessoais e comerciais.<\/p>\n<p>Como o Google Cloud \u00e9 a empresa de hospedagem do conte\u00fado em jisaiche.com, solicitamos a remo\u00e7\u00e3o de todo o conte\u00fado em jisaiche.com<\/p>\n<h2>4. Exemplos para mostrar o site; informa\u00e7\u00f5es pessoais e comerciais s\u00e3o copiadas<\/h2>\n<p>O site inteiro \u00e9 copiado. Abaixo voc\u00ea encontra 3 exemplos:<\/p>\n<p><span style=\"color: #7da603;\"><strong>Site original: Revfine.com<\/strong><\/span><br \/>\n<strong><span style=\"color: #ff0000;\">Site fraudulento: jisaiche.com<\/span><\/strong><\/p>\n<p>Amplie as imagens para verificar os nomes de dom\u00ednio.<\/p>\n<h3><span style=\"color: #7da603;\">1a) P\u00e1gina inicial \u2013 Site original: Revfine.com<\/span><\/h3>\n<p><strong><span style=\"color: #7da603;\">https:\/\/www.revfine.com\/<\/span><\/strong><\/p>\n<p><img decoding=\"async\" class=\"alignnone size-full wp-image-763\" src=\"https:\/\/test123456.nl\/wp-content\/uploads\/1a.jpg\" alt=\"\" width=\"601\" height=\"202\" srcset=\"https:\/\/test123456.nl\/wp-content\/uploads\/1a-200x67.jpg 200w, https:\/\/test123456.nl\/wp-content\/uploads\/1a-300x101.jpg 300w, https:\/\/test123456.nl\/wp-content\/uploads\/1a-400x134.jpg 400w, https:\/\/test123456.nl\/wp-content\/uploads\/1a.jpg 601w\" sizes=\"(max-width: 601px) 100vw, 601px\" \/><\/p>\n<h3><span style=\"color: #ff0000;\">1b) Homepage \u2013 Site de fraude: jisaiche.com<\/span><\/h3>\n<p><strong><span style=\"color: #ff0000;\">http:\/\/jisaiche.com\/<\/span><\/strong><\/p>\n<p><img decoding=\"async\" class=\"alignnone size-full wp-image-764\" src=\"https:\/\/test123456.nl\/wp-content\/uploads\/1b.jpg\" alt=\"\" width=\"605\" height=\"223\" srcset=\"https:\/\/test123456.nl\/wp-content\/uploads\/1b-200x74.jpg 200w, https:\/\/test123456.nl\/wp-content\/uploads\/1b-300x111.jpg 300w, https:\/\/test123456.nl\/wp-content\/uploads\/1b-400x147.jpg 400w, https:\/\/test123456.nl\/wp-content\/uploads\/1b-600x221.jpg 600w, https:\/\/test123456.nl\/wp-content\/uploads\/1b.jpg 605w\" sizes=\"(max-width: 605px) 100vw, 605px\" \/><\/p>\n<h3><span style=\"color: #7da603;\">2a) Sobre \u2013 Site original: Revfine.com<\/span><\/h3>\n<p><strong><span style=\"color: #7da603;\">https:\/\/www.revfine.com\/about\/<\/span><\/strong><\/p>\n<p><img decoding=\"async\" class=\"alignnone size-full wp-image-765\" src=\"https:\/\/test123456.nl\/wp-content\/uploads\/2a.jpg\" alt=\"\" width=\"605\" height=\"315\" srcset=\"https:\/\/test123456.nl\/wp-content\/uploads\/2a-200x104.jpg 200w, https:\/\/test123456.nl\/wp-content\/uploads\/2a-300x156.jpg 300w, https:\/\/test123456.nl\/wp-content\/uploads\/2a-400x208.jpg 400w, https:\/\/test123456.nl\/wp-content\/uploads\/2a-600x312.jpg 600w, https:\/\/test123456.nl\/wp-content\/uploads\/2a.jpg 605w\" sizes=\"(max-width: 605px) 100vw, 605px\" \/><\/p>\n<h3><span style=\"color: #ff0000;\">2b) Sobre \u2013 Site fraudulento: jisaiche.com<\/span><\/h3>\n<p><strong><span style=\"color: #ff0000;\">http:\/\/jisaiche.com\/index-38.html<\/span><\/strong><\/p>\n<p><img decoding=\"async\" class=\"alignnone size-full wp-image-766\" src=\"https:\/\/test123456.nl\/wp-content\/uploads\/2b.jpg\" alt=\"\" width=\"588\" height=\"283\" srcset=\"https:\/\/test123456.nl\/wp-content\/uploads\/2b-200x96.jpg 200w, https:\/\/test123456.nl\/wp-content\/uploads\/2b-300x144.jpg 300w, https:\/\/test123456.nl\/wp-content\/uploads\/2b-400x193.jpg 400w, https:\/\/test123456.nl\/wp-content\/uploads\/2b.jpg 588w\" sizes=\"(max-width: 588px) 100vw, 588px\" \/><\/p>\n<h3><span style=\"color: #7da603;\">3a) P\u00e1gina de contato \u2013 Site original: Revfine.com<\/span><\/h3>\n<p><strong><span style=\"color: #7da603;\">https:\/\/www.revfine.com\/contact\/<\/span><\/strong><\/p>\n<p><img decoding=\"async\" class=\"alignnone size-full wp-image-767\" src=\"https:\/\/test123456.nl\/wp-content\/uploads\/3a.jpg\" alt=\"\" width=\"605\" height=\"195\" srcset=\"https:\/\/test123456.nl\/wp-content\/uploads\/3a-200x64.jpg 200w, https:\/\/test123456.nl\/wp-content\/uploads\/3a-300x97.jpg 300w, https:\/\/test123456.nl\/wp-content\/uploads\/3a-400x129.jpg 400w, https:\/\/test123456.nl\/wp-content\/uploads\/3a-600x193.jpg 600w, https:\/\/test123456.nl\/wp-content\/uploads\/3a.jpg 605w\" sizes=\"(max-width: 605px) 100vw, 605px\" \/><\/p>\n<h3><span style=\"color: #ff0000;\">3b) P\u00e1gina de contato \u2013 Site fraudulento: jisaiche.com<\/span><\/h3>\n<p><strong><span style=\"color: #ff0000;\">http:\/\/jisaiche.com\/index-41.html<a id=\"prove\"><\/a><\/span><\/strong><\/p>\n<p><img decoding=\"async\" class=\"alignnone size-full wp-image-768\" src=\"https:\/\/test123456.nl\/wp-content\/uploads\/3b.jpg\" alt=\"\" width=\"605\" height=\"201\" srcset=\"https:\/\/test123456.nl\/wp-content\/uploads\/3b-200x66.jpg 200w, https:\/\/test123456.nl\/wp-content\/uploads\/3b-300x100.jpg 300w, https:\/\/test123456.nl\/wp-content\/uploads\/3b-400x133.jpg 400w, https:\/\/test123456.nl\/wp-content\/uploads\/3b-600x199.jpg 600w, https:\/\/test123456.nl\/wp-content\/uploads\/3b.jpg 605w\" sizes=\"(max-width: 605px) 100vw, 605px\" \/><\/p>\n<h2>5. Prove que sou o propriet\u00e1rio da empresa MOI Online e Revfine.com<\/h2>\n<p>Abaixo voc\u00ea encontra uma captura de tela do documento oficial da C\u00e2mara de Com\u00e9rcio Holandesa para provar que sou o propriet\u00e1rio comercial da MOI Online e do nome comercial Revfine, e uma captura de tela do banco de dados Whois, de que sou (MOI Online) o propriet\u00e1rio do nome de dom\u00ednio Revfine.com.<\/p>\n<h3>5a: Documento C\u00e2mara de Com\u00e9rcio Holandesa Sou o propriet\u00e1rio do MOI Online e do nome comercial Revfine.<\/h3>\n<p><img decoding=\"async\" class=\"alignnone size-full wp-image-761\" src=\"https:\/\/test123456.nl\/wp-content\/uploads\/Schermafbeelding-2021-07-14-165158.png\" alt=\"\" width=\"906\" height=\"866\" srcset=\"https:\/\/test123456.nl\/wp-content\/uploads\/Schermafbeelding-2021-07-14-165158-200x191.png 200w, https:\/\/test123456.nl\/wp-content\/uploads\/Schermafbeelding-2021-07-14-165158-300x287.png 300w, https:\/\/test123456.nl\/wp-content\/uploads\/Schermafbeelding-2021-07-14-165158-400x382.png 400w, https:\/\/test123456.nl\/wp-content\/uploads\/Schermafbeelding-2021-07-14-165158-600x574.png 600w, https:\/\/test123456.nl\/wp-content\/uploads\/Schermafbeelding-2021-07-14-165158-768x734.png 768w, https:\/\/test123456.nl\/wp-content\/uploads\/Schermafbeelding-2021-07-14-165158-800x765.png 800w, https:\/\/test123456.nl\/wp-content\/uploads\/Schermafbeelding-2021-07-14-165158.png 906w\" sizes=\"(max-width: 906px) 100vw, 906px\" \/><\/p>\n<h3>5b: Banco de dados Whois, no qual sou (MOI Online) o propriet\u00e1rio do nome de dom\u00ednio Revfine.com.<\/h3>\n<p><img decoding=\"async\" class=\"alignnone size-full wp-image-762\" src=\"https:\/\/test123456.nl\/wp-content\/uploads\/Whois-print-screen-revfine.com_.png\" alt=\"\" width=\"778\" height=\"554\" srcset=\"https:\/\/test123456.nl\/wp-content\/uploads\/Whois-print-screen-revfine.com_-200x142.png 200w, https:\/\/test123456.nl\/wp-content\/uploads\/Whois-print-screen-revfine.com_-300x214.png 300w, https:\/\/test123456.nl\/wp-content\/uploads\/Whois-print-screen-revfine.com_-400x285.png 400w, https:\/\/test123456.nl\/wp-content\/uploads\/Whois-print-screen-revfine.com_-600x427.png 600w, https:\/\/test123456.nl\/wp-content\/uploads\/Whois-print-screen-revfine.com_-768x547.png 768w, https:\/\/test123456.nl\/wp-content\/uploads\/Whois-print-screen-revfine.com_.png 778w\" sizes=\"(max-width: 778px) 100vw, 778px\" \/><\/p>\n<h2>6. Nossos detalhes de contato<a id=\"contact\"><\/a><\/h2>\n<p>Nome da empresa: MOI Online (propriet\u00e1rio Revfine.com)<br \/>\nPessoa de contato: Martijn Barten<br \/>\nEndere\u00e7o: Brederoplein 3, 3521XA Utrecht, Holanda<br \/>\nE-mail: mail@moionline.nl<br \/>\nTelefone: +31 6 551 835 05<\/p>\n<p>&nbsp;<\/p>\n<h2><\/h2>\n<p>&nbsp;<\/p>\n<h2><\/h2>\n<p>&nbsp;<\/p>","protected":false},"excerpt":{"rendered":"<p>&lt; Click here if you prefer to download this information &gt; In this document, you find examples of copyright infringement &amp; Identify theft. And a print screen of documents that shows I am the owner of the company MOI Online which owns the domain name and website Revfine.com. Below you find all necessary information for a request to remove all  [&#8230;]<\/p>\n","protected":false},"author":1,"featured_media":0,"parent":0,"menu_order":0,"comment_status":"closed","ping_status":"closed","template":"","meta":{"footnotes":""},"class_list":["post-495","page","type-page","status-publish","hentry"],"yoast_head":"<!-- This site is optimized with the Yoast SEO plugin v27.3 - https:\/\/yoast.com\/product\/yoast-seo-wordpress\/ -->\n<title>Case: Copyright Infringement and Identity Theft by jisaiche.com Hosted on Google Cloud - Test123456.nl<\/title>\n<meta name=\"robots\" content=\"noindex, nofollow\" \/>\n<meta property=\"og:locale\" content=\"pt_BR\" \/>\n<meta property=\"og:type\" content=\"article\" \/>\n<meta property=\"og:title\" content=\"Case: Copyright Infringement and Identity Theft by jisaiche.com Hosted on Google Cloud - Test123456.nl\" \/>\n<meta property=\"og:description\" content=\"&lt; Click here if you prefer to download this information &gt; In this document, you find examples of copyright infringement &amp; Identify theft. And a print screen of documents that shows I am the owner of the company MOI Online which owns the domain name and website Revfine.com. Below you find all necessary information for a request to remove all [...]\" \/>\n<meta property=\"og:url\" content=\"https:\/\/test123456.nl\/pt\/caso-violacao-de-direitos-autorais-e-roubo-de-identidade-hospedado-no-google-cloud\/\" \/>\n<meta property=\"og:site_name\" content=\"Test123456.nl\" \/>\n<meta property=\"article:modified_time\" content=\"2021-08-09T09:28:13+00:00\" \/>\n<meta property=\"og:image\" content=\"https:\/\/test123456.nl\/wp-content\/uploads\/1a.jpg\" \/>\n<script type=\"application\/ld+json\" class=\"yoast-schema-graph\">{\"@context\":\"https:\\\/\\\/schema.org\",\"@graph\":[{\"@type\":\"WebPage\",\"@id\":\"https:\\\/\\\/test123456.nl\\\/case-copyright-infringement-and-identity-theft-hosted-on-google-cloud\\\/\",\"url\":\"https:\\\/\\\/test123456.nl\\\/case-copyright-infringement-and-identity-theft-hosted-on-google-cloud\\\/\",\"name\":\"Case: Copyright Infringement and Identity Theft by jisaiche.com Hosted on Google Cloud - Test123456.nl\",\"isPartOf\":{\"@id\":\"https:\\\/\\\/test123456.nl\\\/#website\"},\"primaryImageOfPage\":{\"@id\":\"https:\\\/\\\/test123456.nl\\\/case-copyright-infringement-and-identity-theft-hosted-on-google-cloud\\\/#primaryimage\"},\"image\":{\"@id\":\"https:\\\/\\\/test123456.nl\\\/case-copyright-infringement-and-identity-theft-hosted-on-google-cloud\\\/#primaryimage\"},\"thumbnailUrl\":\"https:\\\/\\\/test123456.nl\\\/wp-content\\\/uploads\\\/1a.jpg\",\"datePublished\":\"2020-09-14T15:47:54+00:00\",\"dateModified\":\"2021-08-09T09:28:13+00:00\",\"breadcrumb\":{\"@id\":\"https:\\\/\\\/test123456.nl\\\/case-copyright-infringement-and-identity-theft-hosted-on-google-cloud\\\/#breadcrumb\"},\"inLanguage\":\"pt-BR\",\"potentialAction\":[{\"@type\":\"ReadAction\",\"target\":[\"https:\\\/\\\/test123456.nl\\\/case-copyright-infringement-and-identity-theft-hosted-on-google-cloud\\\/\"]}]},{\"@type\":\"ImageObject\",\"inLanguage\":\"pt-BR\",\"@id\":\"https:\\\/\\\/test123456.nl\\\/case-copyright-infringement-and-identity-theft-hosted-on-google-cloud\\\/#primaryimage\",\"url\":\"https:\\\/\\\/test123456.nl\\\/wp-content\\\/uploads\\\/1a.jpg\",\"contentUrl\":\"https:\\\/\\\/test123456.nl\\\/wp-content\\\/uploads\\\/1a.jpg\"},{\"@type\":\"BreadcrumbList\",\"@id\":\"https:\\\/\\\/test123456.nl\\\/case-copyright-infringement-and-identity-theft-hosted-on-google-cloud\\\/#breadcrumb\",\"itemListElement\":[{\"@type\":\"ListItem\",\"position\":1,\"name\":\"Home\",\"item\":\"https:\\\/\\\/test123456.nl\\\/\"},{\"@type\":\"ListItem\",\"position\":2,\"name\":\"Case: Copyright Infringement and Identity Theft by jisaiche.com Hosted on Google Cloud\"}]},{\"@type\":\"WebSite\",\"@id\":\"https:\\\/\\\/test123456.nl\\\/#website\",\"url\":\"https:\\\/\\\/test123456.nl\\\/\",\"name\":\"Test123456.nl\",\"description\":\"\",\"potentialAction\":[{\"@type\":\"SearchAction\",\"target\":{\"@type\":\"EntryPoint\",\"urlTemplate\":\"https:\\\/\\\/test123456.nl\\\/?s={search_term_string}\"},\"query-input\":{\"@type\":\"PropertyValueSpecification\",\"valueRequired\":true,\"valueName\":\"search_term_string\"}}],\"inLanguage\":\"pt-BR\"}]}<\/script>\n<!-- \/ Yoast SEO plugin. -->","yoast_head_json":{"title":"Caso: Viola\u00e7\u00e3o de direitos autorais e roubo de identidade por jisaiche.com hospedado no Google Cloud - Test123456.nl","robots":{"index":"noindex","follow":"nofollow"},"og_locale":"pt_BR","og_type":"article","og_title":"Case: Copyright Infringement and Identity Theft by jisaiche.com Hosted on Google Cloud - Test123456.nl","og_description":"&lt; Click here if you prefer to download this information &gt; In this document, you find examples of copyright infringement &amp; Identify theft. And a print screen of documents that shows I am the owner of the company MOI Online which owns the domain name and website Revfine.com. Below you find all necessary information for a request to remove all [...]","og_url":"https:\/\/test123456.nl\/pt\/caso-violacao-de-direitos-autorais-e-roubo-de-identidade-hospedado-no-google-cloud\/","og_site_name":"Test123456.nl","article_modified_time":"2021-08-09T09:28:13+00:00","og_image":[{"url":"https:\/\/test123456.nl\/wp-content\/uploads\/1a.jpg","type":"","width":"","height":""}],"schema":{"@context":"https:\/\/schema.org","@graph":[{"@type":"WebPage","@id":"https:\/\/test123456.nl\/case-copyright-infringement-and-identity-theft-hosted-on-google-cloud\/","url":"https:\/\/test123456.nl\/case-copyright-infringement-and-identity-theft-hosted-on-google-cloud\/","name":"Caso: Viola\u00e7\u00e3o de direitos autorais e roubo de identidade por jisaiche.com hospedado no Google Cloud - Test123456.nl","isPartOf":{"@id":"https:\/\/test123456.nl\/#website"},"primaryImageOfPage":{"@id":"https:\/\/test123456.nl\/case-copyright-infringement-and-identity-theft-hosted-on-google-cloud\/#primaryimage"},"image":{"@id":"https:\/\/test123456.nl\/case-copyright-infringement-and-identity-theft-hosted-on-google-cloud\/#primaryimage"},"thumbnailUrl":"https:\/\/test123456.nl\/wp-content\/uploads\/1a.jpg","datePublished":"2020-09-14T15:47:54+00:00","dateModified":"2021-08-09T09:28:13+00:00","breadcrumb":{"@id":"https:\/\/test123456.nl\/case-copyright-infringement-and-identity-theft-hosted-on-google-cloud\/#breadcrumb"},"inLanguage":"pt-BR","potentialAction":[{"@type":"ReadAction","target":["https:\/\/test123456.nl\/case-copyright-infringement-and-identity-theft-hosted-on-google-cloud\/"]}]},{"@type":"ImageObject","inLanguage":"pt-BR","@id":"https:\/\/test123456.nl\/case-copyright-infringement-and-identity-theft-hosted-on-google-cloud\/#primaryimage","url":"https:\/\/test123456.nl\/wp-content\/uploads\/1a.jpg","contentUrl":"https:\/\/test123456.nl\/wp-content\/uploads\/1a.jpg"},{"@type":"BreadcrumbList","@id":"https:\/\/test123456.nl\/case-copyright-infringement-and-identity-theft-hosted-on-google-cloud\/#breadcrumb","itemListElement":[{"@type":"ListItem","position":1,"name":"Home","item":"https:\/\/test123456.nl\/"},{"@type":"ListItem","position":2,"name":"Case: Copyright Infringement and Identity Theft by jisaiche.com Hosted on Google Cloud"}]},{"@type":"WebSite","@id":"https:\/\/test123456.nl\/#website","url":"https:\/\/test123456.nl\/","name":"Test123456.nl","description":"","potentialAction":[{"@type":"SearchAction","target":{"@type":"EntryPoint","urlTemplate":"https:\/\/test123456.nl\/?s={search_term_string}"},"query-input":{"@type":"PropertyValueSpecification","valueRequired":true,"valueName":"search_term_string"}}],"inLanguage":"pt-BR"}]}},"_links":{"self":[{"href":"https:\/\/test123456.nl\/pt\/wp-json\/wp\/v2\/pages\/495","targetHints":{"allow":["GET"]}}],"collection":[{"href":"https:\/\/test123456.nl\/pt\/wp-json\/wp\/v2\/pages"}],"about":[{"href":"https:\/\/test123456.nl\/pt\/wp-json\/wp\/v2\/types\/page"}],"author":[{"embeddable":true,"href":"https:\/\/test123456.nl\/pt\/wp-json\/wp\/v2\/users\/1"}],"replies":[{"embeddable":true,"href":"https:\/\/test123456.nl\/pt\/wp-json\/wp\/v2\/comments?post=495"}],"version-history":[{"count":17,"href":"https:\/\/test123456.nl\/pt\/wp-json\/wp\/v2\/pages\/495\/revisions"}],"predecessor-version":[{"id":772,"href":"https:\/\/test123456.nl\/pt\/wp-json\/wp\/v2\/pages\/495\/revisions\/772"}],"wp:attachment":[{"href":"https:\/\/test123456.nl\/pt\/wp-json\/wp\/v2\/media?parent=495"}],"curies":[{"name":"wp","href":"https:\/\/api.w.org\/{rel}","templated":true}]}}