{"id":800,"date":"2021-08-31T19:55:40","date_gmt":"2021-08-31T17:55:40","guid":{"rendered":"https:\/\/test123456.nl\/?page_id=800"},"modified":"2023-01-16T20:03:27","modified_gmt":"2023-01-16T19:03:27","slug":"mise-en-cache","status":"publish","type":"page","link":"https:\/\/test123456.nl\/fr\/caching\/","title":{"rendered":"Optimisation de la vitesse Metamandrill.com (mise en cache)"},"content":{"rendered":"<h2>But:<\/h2>\n<h5>Nous voulons notre site Web <a href=\"https:\/\/metamandrill.com\/\" target=\"_blank\" rel=\"noopener\">Metamandrill.com<\/a> pour \u00eatre optimis\u00e9 en vitesse (mise en cache).<\/h5>\n<p>Vous trouverez ci-dessous des informations sur le projet et quelques questions\u00a0:<\/p>\n<h5>1) Nous avons install\u00e9 et utilisons les services suivants. C&#039;est bon pour toi?<\/h5>\n<p>\u2013 Param\u00e8tres de performances Avada<br \/>\n\u2013 Prime WP Rocket<br \/>\n\u2013 Entreprise Cloudflare<\/p>\n<p>Veuillez vous assurer que les \u00ab\u00a0param\u00e8tres de performances Avada\u00a0\u00bb sont align\u00e9s sur WP Rocket et que le chevauchement des param\u00e8tres est \u00e9vit\u00e9 (par exemple, chargement paresseux d&#039;images et de vid\u00e9os).<\/p>\n<h5>2) Les exigences, sont-elles acceptables pour vous\u00a0?<\/h5>\n<p>\u2013 Toutes les fonctionnalit\u00e9s du site Web doivent rester intactes<br \/>\n\u2013 Il n\u2019y a aucun conflit avec le th\u00e8me Avada ou les plugins une fois la mise en cache impl\u00e9ment\u00e9e<br \/>\n\u2013 Nous utilisons TranslatePress pour le multilingue\u00a0; l&#039;optimisation de la vitesse devrait \u00e9galement fonctionner pour les pages traduites<br \/>\n\u2013 Veuillez fournir un aper\u00e7u des tests de vitesse pour diff\u00e9rents types de publications au d\u00e9but et \u00e0 la fin de la mise en \u0153uvre afin que nous puissions voir les am\u00e9liorations<\/p>\n<h5>3) Questions suppl\u00e9mentaires :<\/h5>\n<p>un. Pour ce projet, nous disposons d&#039;un budget limit\u00e9. Pourriez-vous proposer un prix de projet fixe\u00a0?<br \/>\nb. Combien de temps cela prendra-t-il environ ?<\/p>\n<p>J&#039;ai h\u00e2te d&#039;avoir de vos nouvelles.<\/p>\n<p>Cordialement,<br \/>\nMartin<\/p>","protected":false},"excerpt":{"rendered":"<p>Goal: We want our website Metamandrill.com to be speed optimized (caching). Below you will find project information and a few questions: 1) We have installed and use the following services. Is this ok for you? &#8211; Avada performance settings &#8211; WP Rocket premium &#8211; Cloudflare Bussiness Please ensure the \u201cAvada performance settings\u201d are aligned with WP rocket, and overlap in  [&#8230;]<\/p>\n","protected":false},"author":1,"featured_media":0,"parent":0,"menu_order":0,"comment_status":"closed","ping_status":"closed","template":"","meta":{"footnotes":""},"class_list":["post-800","page","type-page","status-publish","hentry"],"yoast_head":"<!-- This site is optimized with the Yoast SEO plugin v27.3 - https:\/\/yoast.com\/product\/yoast-seo-wordpress\/ -->\n<title>Metamandrill.com Speed Optimization (Caching) - Test123456.nl<\/title>\n<meta name=\"robots\" content=\"noindex, follow, max-snippet:-1, max-image-preview:large, max-video-preview:-1\" \/>\n<meta property=\"og:locale\" content=\"fr_FR\" \/>\n<meta property=\"og:type\" content=\"article\" \/>\n<meta property=\"og:title\" content=\"Metamandrill.com Speed Optimization (Caching) - Test123456.nl\" \/>\n<meta property=\"og:description\" content=\"Goal: We want our website Metamandrill.com to be speed optimized (caching). Below you will find project information and a few questions: 1) We have installed and use the following services. Is this ok for you? &#8211; Avada performance settings &#8211; WP Rocket premium &#8211; Cloudflare Bussiness Please ensure the \u201cAvada performance settings\u201d are aligned with WP rocket, and overlap in [...]\" \/>\n<meta property=\"og:url\" content=\"https:\/\/test123456.nl\/fr\/mise-en-cache\/\" \/>\n<meta property=\"og:site_name\" content=\"Test123456.nl\" \/>\n<meta property=\"article:modified_time\" content=\"2023-01-16T19:03:27+00:00\" \/>\n<script type=\"application\/ld+json\" class=\"yoast-schema-graph\">{\"@context\":\"https:\\\/\\\/schema.org\",\"@graph\":[{\"@type\":\"WebPage\",\"@id\":\"https:\\\/\\\/test123456.nl\\\/caching\\\/\",\"url\":\"https:\\\/\\\/test123456.nl\\\/caching\\\/\",\"name\":\"Metamandrill.com Speed Optimization (Caching) - Test123456.nl\",\"isPartOf\":{\"@id\":\"https:\\\/\\\/test123456.nl\\\/#website\"},\"datePublished\":\"2021-08-31T17:55:40+00:00\",\"dateModified\":\"2023-01-16T19:03:27+00:00\",\"breadcrumb\":{\"@id\":\"https:\\\/\\\/test123456.nl\\\/caching\\\/#breadcrumb\"},\"inLanguage\":\"fr-FR\",\"potentialAction\":[{\"@type\":\"ReadAction\",\"target\":[\"https:\\\/\\\/test123456.nl\\\/caching\\\/\"]}]},{\"@type\":\"BreadcrumbList\",\"@id\":\"https:\\\/\\\/test123456.nl\\\/caching\\\/#breadcrumb\",\"itemListElement\":[{\"@type\":\"ListItem\",\"position\":1,\"name\":\"Home\",\"item\":\"https:\\\/\\\/test123456.nl\\\/\"},{\"@type\":\"ListItem\",\"position\":2,\"name\":\"Metamandrill.com Speed Optimization (Caching)\"}]},{\"@type\":\"WebSite\",\"@id\":\"https:\\\/\\\/test123456.nl\\\/#website\",\"url\":\"https:\\\/\\\/test123456.nl\\\/\",\"name\":\"Test123456.nl\",\"description\":\"\",\"potentialAction\":[{\"@type\":\"SearchAction\",\"target\":{\"@type\":\"EntryPoint\",\"urlTemplate\":\"https:\\\/\\\/test123456.nl\\\/?s={search_term_string}\"},\"query-input\":{\"@type\":\"PropertyValueSpecification\",\"valueRequired\":true,\"valueName\":\"search_term_string\"}}],\"inLanguage\":\"fr-FR\"}]}<\/script>\n<!-- \/ Yoast SEO plugin. -->","yoast_head_json":{"title":"Optimisation de la vitesse Metamandrill.com (mise en cache) - Test123456.nl","robots":{"index":"noindex","follow":"follow","max-snippet":"max-snippet:-1","max-image-preview":"max-image-preview:large","max-video-preview":"max-video-preview:-1"},"og_locale":"fr_FR","og_type":"article","og_title":"Metamandrill.com Speed Optimization (Caching) - Test123456.nl","og_description":"Goal: We want our website Metamandrill.com to be speed optimized (caching). Below you will find project information and a few questions: 1) We have installed and use the following services. Is this ok for you? &#8211; Avada performance settings &#8211; WP Rocket premium &#8211; Cloudflare Bussiness Please ensure the \u201cAvada performance settings\u201d are aligned with WP rocket, and overlap in [...]","og_url":"https:\/\/test123456.nl\/fr\/mise-en-cache\/","og_site_name":"Test123456.nl","article_modified_time":"2023-01-16T19:03:27+00:00","schema":{"@context":"https:\/\/schema.org","@graph":[{"@type":"WebPage","@id":"https:\/\/test123456.nl\/caching\/","url":"https:\/\/test123456.nl\/caching\/","name":"Optimisation de la vitesse Metamandrill.com (mise en cache) - Test123456.nl","isPartOf":{"@id":"https:\/\/test123456.nl\/#website"},"datePublished":"2021-08-31T17:55:40+00:00","dateModified":"2023-01-16T19:03:27+00:00","breadcrumb":{"@id":"https:\/\/test123456.nl\/caching\/#breadcrumb"},"inLanguage":"fr-FR","potentialAction":[{"@type":"ReadAction","target":["https:\/\/test123456.nl\/caching\/"]}]},{"@type":"BreadcrumbList","@id":"https:\/\/test123456.nl\/caching\/#breadcrumb","itemListElement":[{"@type":"ListItem","position":1,"name":"Home","item":"https:\/\/test123456.nl\/"},{"@type":"ListItem","position":2,"name":"Metamandrill.com Speed Optimization (Caching)"}]},{"@type":"WebSite","@id":"https:\/\/test123456.nl\/#website","url":"https:\/\/test123456.nl\/","name":"Test123456.nl","description":"","potentialAction":[{"@type":"SearchAction","target":{"@type":"EntryPoint","urlTemplate":"https:\/\/test123456.nl\/?s={search_term_string}"},"query-input":{"@type":"PropertyValueSpecification","valueRequired":true,"valueName":"search_term_string"}}],"inLanguage":"fr-FR"}]}},"_links":{"self":[{"href":"https:\/\/test123456.nl\/fr\/wp-json\/wp\/v2\/pages\/800","targetHints":{"allow":["GET"]}}],"collection":[{"href":"https:\/\/test123456.nl\/fr\/wp-json\/wp\/v2\/pages"}],"about":[{"href":"https:\/\/test123456.nl\/fr\/wp-json\/wp\/v2\/types\/page"}],"author":[{"embeddable":true,"href":"https:\/\/test123456.nl\/fr\/wp-json\/wp\/v2\/users\/1"}],"replies":[{"embeddable":true,"href":"https:\/\/test123456.nl\/fr\/wp-json\/wp\/v2\/comments?post=800"}],"version-history":[{"count":10,"href":"https:\/\/test123456.nl\/fr\/wp-json\/wp\/v2\/pages\/800\/revisions"}],"predecessor-version":[{"id":1201,"href":"https:\/\/test123456.nl\/fr\/wp-json\/wp\/v2\/pages\/800\/revisions\/1201"}],"wp:attachment":[{"href":"https:\/\/test123456.nl\/fr\/wp-json\/wp\/v2\/media?parent=800"}],"curies":[{"name":"wp","href":"https:\/\/api.w.org\/{rel}","templated":true}]}}