{"id":495,"date":"2020-09-14T17:47:54","date_gmt":"2020-09-14T15:47:54","guid":{"rendered":"https:\/\/test123456.nl\/?page_id=495"},"modified":"2021-08-09T11:28:13","modified_gmt":"2021-08-09T09:28:13","slug":"cas-de-violation-de-droits-dauteur-et-de-vol-didentite-heberge-sur-google-cloud","status":"publish","type":"page","link":"https:\/\/test123456.nl\/fr\/case-copyright-infringement-and-identity-theft-hosted-on-google-cloud\/","title":{"rendered":"Cas\u00a0:\u00a0Violation des droits d&#039;auteur et vol d&#039;identit\u00e9 par jisaiche.com h\u00e9berg\u00e9 sur Google\u00a0Cloud"},"content":{"rendered":"<p><span style=\"text-decoration: underline;\"><a href=\"https:\/\/test123456.nl\/wp-content\/uploads\/Case-Copyright-Infringement-and-Identity-Theft-Hosted-on-Google-Cloud.pdf\" target=\"_blank\" rel=\"noopener\">&lt; Cliquez ici si vous pr\u00e9f\u00e9rez t\u00e9l\u00e9charger ces informations &gt;<\/a><\/span><\/p>\n<p><em>Dans ce document, vous trouverez des exemples de violation de droits d&#039;auteur et de vol d&#039;identit\u00e9. Et une capture d&#039;\u00e9cran de documents qui montre que je suis le propri\u00e9taire de la soci\u00e9t\u00e9 MOI Online qui poss\u00e8de le nom de domaine et le site Web Revfine.com.<\/em><\/p>\n<p>Vous trouverez ci-dessous toutes les informations n\u00e9cessaires pour une demande de suppression de tout contenu sur jisaiche.com.<a id=\"case\"><\/a><\/p>\n<h2>Table des mati\u00e8res<\/h2>\n<p>1. <span style=\"text-decoration: underline;\"><a href=\"#case\">Pr\u00e9sentation de l&#039;affaire<\/a><\/span><br \/>\n2. <span style=\"text-decoration: underline;\"><a href=\"#what-we-already-did\">Ce que nous avons d\u00e9j\u00e0 fait<\/a><\/span><br \/>\n3. <span style=\"text-decoration: underline;\"><a href=\"#request\">Ma demande<\/a><\/span><br \/>\n4. <span style=\"text-decoration: underline;\"><a href=\"#examples\">Exemples pour pr\u00e9senter le site Web\u00a0; les informations personnelles et commerciales sont copi\u00e9es<\/a><\/span><br \/>\n5. <span style=\"text-decoration: underline;\"><a href=\"#prove\">Je prouve que je suis le propri\u00e9taire de l&#039;entreprise MOI Online &amp; Revfine.com et le propri\u00e9taire du nom de domaine Revfine.com<\/a><\/span><br \/>\n6. <span style=\"text-decoration: underline;\"><a href=\"#contact\">Nos coordonn\u00e9es<\/a><\/span><\/p>\n<h2>1. Pr\u00e9sentation de l&#039;affaire<\/h2>\n<p>Je suis Martijn Barten, propri\u00e9taire de MOI Online et du nom de domaine et du site Web de Revfine.com (https:\/\/www.revfine.com\/about\/).<\/p>\n<p>Je tiens \u00e0 vous informer que l&#039;URL jisaiche.com a copi\u00e9 tout le contenu de notre site Web Revfine.com et pr\u00e9tend \u00eatre moi, y compris le nom de mon entreprise, mes informations personnelles et les d\u00e9tails de mon entreprise.<\/p>\n<p>Comme vous le comprenez, la violation du droit d\u2019auteur et le vol d\u2019identit\u00e9 causent des dommages commerciaux et personnels.<\/p>\n<p><strong>Nous avons appris que le contenu frauduleux sur jisaiche.com est h\u00e9berg\u00e9 par Google LLC ; veuillez consulter ci-dessous mes coordonn\u00e9es :<a id=\"what-we-already-did\"><\/a><\/strong><br \/>\nNom de l&#039;organisation : Google Cloud (asia-east1)<br \/>\nAdresse IP : 35.229.232.99<br \/>\nNum\u00e9ro AS (syst\u00e8me autonome) et organisation : AS396982 Google LLC<br \/>\nNom AS : GOOGLE-PRIVATE-CLOUD<br \/>\nDNS inverse de l&#039;IP : 99.232.229.35.bc.googleusercontent.com<br \/>\nVille: Taipei<br \/>\nPays : Ta\u00efwan<\/p>\n<h2>2. Ce que nous avons d\u00e9j\u00e0 fait<a id=\"request\"><\/a><\/h2>\n<p>A : Essayez de contacter le webmaster<br \/>\n\u00c9tant donn\u00e9 que les titulaires du nom de domaine jisaiche.com ont des intentions frauduleuses, n&#039;ont aucune information de contact sur leur site Web et utilisent la fonctionnalit\u00e9 PrivacyGuardian, il est impossible de les joindre directement. De plus, \u00e9tant donn\u00e9 que jisaiche.com copie tout le contenu de notre site Web, toutes les informations de contact sont nos coordonn\u00e9es.<\/p>\n<p>B : J&#039;ai contact\u00e9 le registraire du domaine<br \/>\nNous avons contact\u00e9 le registraire de domaine o\u00f9 le nom de domaine jisaiche.com est enregistr\u00e9. Ils nous r\u00e9pondent qu&#039;ils ne peuvent pas nous aider car ils ne peuvent pas valider ou contr\u00f4ler le contenu publi\u00e9 sur le site. Ils nous renvoient vers l&#039;h\u00e9bergeur o\u00f9 le contenu de jisaiche.com est publi\u00e9. Dans ce cas, il s&#039;agit de Google Cloud.<\/p>\n<h2>3. Ma demande<a id=\"examples\"><\/a><\/h2>\n<p>Comme vous le comprenez, la violation du droit d\u2019auteur et le vol d\u2019identit\u00e9 causent des dommages commerciaux et personnels.<\/p>\n<p>Nous avons d\u00e9ploy\u00e9 beaucoup d&#039;efforts pour prouver que nous sommes le propri\u00e9taire de MOI Online\/Revfine.com, le propri\u00e9taire du nom de domaine Revfine.com et avons montr\u00e9 que jisaiche.com avait copi\u00e9 l&#039;int\u00e9gralit\u00e9 du contenu de notre site Web, y compris les informations personnelles et commerciales.<\/p>\n<p>\u00c9tant donn\u00e9 que Google Cloud est la soci\u00e9t\u00e9 d&#039;h\u00e9bergement du contenu de jisaiche.com, nous demandons la suppression de tout le contenu de jisaiche.com<\/p>\n<h2>4. Exemples pour pr\u00e9senter le site Web\u00a0; les informations personnelles et commerciales sont copi\u00e9es<\/h2>\n<p>L&#039;int\u00e9gralit\u00e9 du site est copi\u00e9e. Vous trouverez ci-dessous 3 exemples :<\/p>\n<p><span style=\"color: #7da603;\"><strong>Site Web d&#039;origine : Revfine.com<\/strong><\/span><br \/>\n<strong><span style=\"color: #ff0000;\">Site Web frauduleux : jisaiche.com<\/span><\/strong><\/p>\n<p>Veuillez agrandir les images pour v\u00e9rifier les noms de domaine.<\/p>\n<h3><span style=\"color: #7da603;\">1a) Page d&#039;accueil \u2013 Site Web d&#039;origine : Revfine.com<\/span><\/h3>\n<p><strong><span style=\"color: #7da603;\">https:\/\/www.revfine.com\/<\/span><\/strong><\/p>\n<p><img decoding=\"async\" class=\"alignnone size-full wp-image-763\" src=\"https:\/\/test123456.nl\/wp-content\/uploads\/1a.jpg\" alt=\"\" width=\"601\" height=\"202\" srcset=\"https:\/\/test123456.nl\/wp-content\/uploads\/1a-200x67.jpg 200w, https:\/\/test123456.nl\/wp-content\/uploads\/1a-300x101.jpg 300w, https:\/\/test123456.nl\/wp-content\/uploads\/1a-400x134.jpg 400w, https:\/\/test123456.nl\/wp-content\/uploads\/1a.jpg 601w\" sizes=\"(max-width: 601px) 100vw, 601px\" \/><\/p>\n<h3><span style=\"color: #ff0000;\">1b) Page d&#039;accueil \u2013 Site Web frauduleux : jisaiche.com<\/span><\/h3>\n<p><strong><span style=\"color: #ff0000;\">http:\/\/jisaiche.com\/<\/span><\/strong><\/p>\n<p><img decoding=\"async\" class=\"alignnone size-full wp-image-764\" src=\"https:\/\/test123456.nl\/wp-content\/uploads\/1b.jpg\" alt=\"\" width=\"605\" height=\"223\" srcset=\"https:\/\/test123456.nl\/wp-content\/uploads\/1b-200x74.jpg 200w, https:\/\/test123456.nl\/wp-content\/uploads\/1b-300x111.jpg 300w, https:\/\/test123456.nl\/wp-content\/uploads\/1b-400x147.jpg 400w, https:\/\/test123456.nl\/wp-content\/uploads\/1b-600x221.jpg 600w, https:\/\/test123456.nl\/wp-content\/uploads\/1b.jpg 605w\" sizes=\"(max-width: 605px) 100vw, 605px\" \/><\/p>\n<h3><span style=\"color: #7da603;\">2a) \u00c0 propos \u2013 Site Web d\u2019origine : Revfine.com<\/span><\/h3>\n<p><strong><span style=\"color: #7da603;\">https:\/\/www.revfine.com\/about\/<\/span><\/strong><\/p>\n<p><img decoding=\"async\" class=\"alignnone size-full wp-image-765\" src=\"https:\/\/test123456.nl\/wp-content\/uploads\/2a.jpg\" alt=\"\" width=\"605\" height=\"315\" srcset=\"https:\/\/test123456.nl\/wp-content\/uploads\/2a-200x104.jpg 200w, https:\/\/test123456.nl\/wp-content\/uploads\/2a-300x156.jpg 300w, https:\/\/test123456.nl\/wp-content\/uploads\/2a-400x208.jpg 400w, https:\/\/test123456.nl\/wp-content\/uploads\/2a-600x312.jpg 600w, https:\/\/test123456.nl\/wp-content\/uploads\/2a.jpg 605w\" sizes=\"(max-width: 605px) 100vw, 605px\" \/><\/p>\n<h3><span style=\"color: #ff0000;\">2b) \u00c0 propos \u2013 Site Web frauduleux : jisaiche.com<\/span><\/h3>\n<p><strong><span style=\"color: #ff0000;\">http:\/\/jisaiche.com\/index-38.html<\/span><\/strong><\/p>\n<p><img decoding=\"async\" class=\"alignnone size-full wp-image-766\" src=\"https:\/\/test123456.nl\/wp-content\/uploads\/2b.jpg\" alt=\"\" width=\"588\" height=\"283\" srcset=\"https:\/\/test123456.nl\/wp-content\/uploads\/2b-200x96.jpg 200w, https:\/\/test123456.nl\/wp-content\/uploads\/2b-300x144.jpg 300w, https:\/\/test123456.nl\/wp-content\/uploads\/2b-400x193.jpg 400w, https:\/\/test123456.nl\/wp-content\/uploads\/2b.jpg 588w\" sizes=\"(max-width: 588px) 100vw, 588px\" \/><\/p>\n<h3><span style=\"color: #7da603;\">3a) Page de contact \u2013 Site Web d\u2019origine : Revfine.com<\/span><\/h3>\n<p><strong><span style=\"color: #7da603;\">https:\/\/www.revfine.com\/contact\/<\/span><\/strong><\/p>\n<p><img decoding=\"async\" class=\"alignnone size-full wp-image-767\" src=\"https:\/\/test123456.nl\/wp-content\/uploads\/3a.jpg\" alt=\"\" width=\"605\" height=\"195\" srcset=\"https:\/\/test123456.nl\/wp-content\/uploads\/3a-200x64.jpg 200w, https:\/\/test123456.nl\/wp-content\/uploads\/3a-300x97.jpg 300w, https:\/\/test123456.nl\/wp-content\/uploads\/3a-400x129.jpg 400w, https:\/\/test123456.nl\/wp-content\/uploads\/3a-600x193.jpg 600w, https:\/\/test123456.nl\/wp-content\/uploads\/3a.jpg 605w\" sizes=\"(max-width: 605px) 100vw, 605px\" \/><\/p>\n<h3><span style=\"color: #ff0000;\">3b) Page de contact \u2013 Site Web frauduleux : jisaiche.com<\/span><\/h3>\n<p><strong><span style=\"color: #ff0000;\">http:\/\/jisaiche.com\/index-41.html<a id=\"prove\"><\/a><\/span><\/strong><\/p>\n<p><img decoding=\"async\" class=\"alignnone size-full wp-image-768\" src=\"https:\/\/test123456.nl\/wp-content\/uploads\/3b.jpg\" alt=\"\" width=\"605\" height=\"201\" srcset=\"https:\/\/test123456.nl\/wp-content\/uploads\/3b-200x66.jpg 200w, https:\/\/test123456.nl\/wp-content\/uploads\/3b-300x100.jpg 300w, https:\/\/test123456.nl\/wp-content\/uploads\/3b-400x133.jpg 400w, https:\/\/test123456.nl\/wp-content\/uploads\/3b-600x199.jpg 600w, https:\/\/test123456.nl\/wp-content\/uploads\/3b.jpg 605w\" sizes=\"(max-width: 605px) 100vw, 605px\" \/><\/p>\n<h2>5. Prouver que je suis le propri\u00e9taire de l&#039;entreprise MOI Online et Revfine.com<\/h2>\n<p>Ci-dessous vous trouverez une capture d&#039;\u00e9cran du document officiel de la Chambre de commerce n\u00e9erlandaise prouvant que je suis le propri\u00e9taire de l&#039;entreprise MOI Online et du nom commercial Revfine et une capture d&#039;\u00e9cran de la base de donn\u00e9es Whois, que je suis (MOI Online) le propri\u00e9taire du nom de domaine Revfine.com.<\/p>\n<h3>5a : Document de la Chambre de commerce n\u00e9erlandaise Je suis propri\u00e9taire de MOI Online et du nom commercial Revfine.<\/h3>\n<p><img decoding=\"async\" class=\"alignnone size-full wp-image-761\" src=\"https:\/\/test123456.nl\/wp-content\/uploads\/Schermafbeelding-2021-07-14-165158.png\" alt=\"\" width=\"906\" height=\"866\" srcset=\"https:\/\/test123456.nl\/wp-content\/uploads\/Schermafbeelding-2021-07-14-165158-200x191.png 200w, https:\/\/test123456.nl\/wp-content\/uploads\/Schermafbeelding-2021-07-14-165158-300x287.png 300w, https:\/\/test123456.nl\/wp-content\/uploads\/Schermafbeelding-2021-07-14-165158-400x382.png 400w, https:\/\/test123456.nl\/wp-content\/uploads\/Schermafbeelding-2021-07-14-165158-600x574.png 600w, https:\/\/test123456.nl\/wp-content\/uploads\/Schermafbeelding-2021-07-14-165158-768x734.png 768w, https:\/\/test123456.nl\/wp-content\/uploads\/Schermafbeelding-2021-07-14-165158-800x765.png 800w, https:\/\/test123456.nl\/wp-content\/uploads\/Schermafbeelding-2021-07-14-165158.png 906w\" sizes=\"(max-width: 906px) 100vw, 906px\" \/><\/p>\n<h3>5b : Base de donn\u00e9es Whois, que je suis (MOI Online) le propri\u00e9taire du nom de domaine Revfine.com.<\/h3>\n<p><img decoding=\"async\" class=\"alignnone size-full wp-image-762\" src=\"https:\/\/test123456.nl\/wp-content\/uploads\/Whois-print-screen-revfine.com_.png\" alt=\"\" width=\"778\" height=\"554\" srcset=\"https:\/\/test123456.nl\/wp-content\/uploads\/Whois-print-screen-revfine.com_-200x142.png 200w, https:\/\/test123456.nl\/wp-content\/uploads\/Whois-print-screen-revfine.com_-300x214.png 300w, https:\/\/test123456.nl\/wp-content\/uploads\/Whois-print-screen-revfine.com_-400x285.png 400w, https:\/\/test123456.nl\/wp-content\/uploads\/Whois-print-screen-revfine.com_-600x427.png 600w, https:\/\/test123456.nl\/wp-content\/uploads\/Whois-print-screen-revfine.com_-768x547.png 768w, https:\/\/test123456.nl\/wp-content\/uploads\/Whois-print-screen-revfine.com_.png 778w\" sizes=\"(max-width: 778px) 100vw, 778px\" \/><\/p>\n<h2>6. Nos coordonn\u00e9es<a id=\"contact\"><\/a><\/h2>\n<p>Nom commercial : MOI Online (propri\u00e9taire Revfine.com)<br \/>\nPersonne \u00e0 contacter : Martijn Barten<br \/>\nAdresse : Brederoplein 3, 3521XA Utrecht, Pays-Bas<br \/>\nCourriel : mail@moionline.nl<br \/>\nT\u00e9l\u00e9phone : +31 6 551 835 05<\/p>\n<p>&nbsp;<\/p>\n<h2><\/h2>\n<p>&nbsp;<\/p>\n<h2><\/h2>\n<p>&nbsp;<\/p>","protected":false},"excerpt":{"rendered":"<p>&lt; Click here if you prefer to download this information &gt; In this document, you find examples of copyright infringement &amp; Identify theft. And a print screen of documents that shows I am the owner of the company MOI Online which owns the domain name and website Revfine.com. Below you find all necessary information for a request to remove all  [&#8230;]<\/p>\n","protected":false},"author":1,"featured_media":0,"parent":0,"menu_order":0,"comment_status":"closed","ping_status":"closed","template":"","meta":{"footnotes":""},"class_list":["post-495","page","type-page","status-publish","hentry"],"yoast_head":"<!-- This site is optimized with the Yoast SEO plugin v27.3 - https:\/\/yoast.com\/product\/yoast-seo-wordpress\/ -->\n<title>Case: Copyright Infringement and Identity Theft by jisaiche.com Hosted on Google Cloud - Test123456.nl<\/title>\n<meta name=\"robots\" content=\"noindex, nofollow\" \/>\n<meta property=\"og:locale\" content=\"fr_FR\" \/>\n<meta property=\"og:type\" content=\"article\" \/>\n<meta property=\"og:title\" content=\"Case: Copyright Infringement and Identity Theft by jisaiche.com Hosted on Google Cloud - Test123456.nl\" \/>\n<meta property=\"og:description\" content=\"&lt; Click here if you prefer to download this information &gt; In this document, you find examples of copyright infringement &amp; Identify theft. And a print screen of documents that shows I am the owner of the company MOI Online which owns the domain name and website Revfine.com. Below you find all necessary information for a request to remove all [...]\" \/>\n<meta property=\"og:url\" content=\"https:\/\/test123456.nl\/fr\/cas-de-violation-de-droits-dauteur-et-de-vol-didentite-heberge-sur-google-cloud\/\" \/>\n<meta property=\"og:site_name\" content=\"Test123456.nl\" \/>\n<meta property=\"article:modified_time\" content=\"2021-08-09T09:28:13+00:00\" \/>\n<meta property=\"og:image\" content=\"https:\/\/test123456.nl\/wp-content\/uploads\/1a.jpg\" \/>\n<script type=\"application\/ld+json\" class=\"yoast-schema-graph\">{\"@context\":\"https:\\\/\\\/schema.org\",\"@graph\":[{\"@type\":\"WebPage\",\"@id\":\"https:\\\/\\\/test123456.nl\\\/case-copyright-infringement-and-identity-theft-hosted-on-google-cloud\\\/\",\"url\":\"https:\\\/\\\/test123456.nl\\\/case-copyright-infringement-and-identity-theft-hosted-on-google-cloud\\\/\",\"name\":\"Case: Copyright Infringement and Identity Theft by jisaiche.com Hosted on Google Cloud - Test123456.nl\",\"isPartOf\":{\"@id\":\"https:\\\/\\\/test123456.nl\\\/#website\"},\"primaryImageOfPage\":{\"@id\":\"https:\\\/\\\/test123456.nl\\\/case-copyright-infringement-and-identity-theft-hosted-on-google-cloud\\\/#primaryimage\"},\"image\":{\"@id\":\"https:\\\/\\\/test123456.nl\\\/case-copyright-infringement-and-identity-theft-hosted-on-google-cloud\\\/#primaryimage\"},\"thumbnailUrl\":\"https:\\\/\\\/test123456.nl\\\/wp-content\\\/uploads\\\/1a.jpg\",\"datePublished\":\"2020-09-14T15:47:54+00:00\",\"dateModified\":\"2021-08-09T09:28:13+00:00\",\"breadcrumb\":{\"@id\":\"https:\\\/\\\/test123456.nl\\\/case-copyright-infringement-and-identity-theft-hosted-on-google-cloud\\\/#breadcrumb\"},\"inLanguage\":\"fr-FR\",\"potentialAction\":[{\"@type\":\"ReadAction\",\"target\":[\"https:\\\/\\\/test123456.nl\\\/case-copyright-infringement-and-identity-theft-hosted-on-google-cloud\\\/\"]}]},{\"@type\":\"ImageObject\",\"inLanguage\":\"fr-FR\",\"@id\":\"https:\\\/\\\/test123456.nl\\\/case-copyright-infringement-and-identity-theft-hosted-on-google-cloud\\\/#primaryimage\",\"url\":\"https:\\\/\\\/test123456.nl\\\/wp-content\\\/uploads\\\/1a.jpg\",\"contentUrl\":\"https:\\\/\\\/test123456.nl\\\/wp-content\\\/uploads\\\/1a.jpg\"},{\"@type\":\"BreadcrumbList\",\"@id\":\"https:\\\/\\\/test123456.nl\\\/case-copyright-infringement-and-identity-theft-hosted-on-google-cloud\\\/#breadcrumb\",\"itemListElement\":[{\"@type\":\"ListItem\",\"position\":1,\"name\":\"Home\",\"item\":\"https:\\\/\\\/test123456.nl\\\/\"},{\"@type\":\"ListItem\",\"position\":2,\"name\":\"Case: Copyright Infringement and Identity Theft by jisaiche.com Hosted on Google Cloud\"}]},{\"@type\":\"WebSite\",\"@id\":\"https:\\\/\\\/test123456.nl\\\/#website\",\"url\":\"https:\\\/\\\/test123456.nl\\\/\",\"name\":\"Test123456.nl\",\"description\":\"\",\"potentialAction\":[{\"@type\":\"SearchAction\",\"target\":{\"@type\":\"EntryPoint\",\"urlTemplate\":\"https:\\\/\\\/test123456.nl\\\/?s={search_term_string}\"},\"query-input\":{\"@type\":\"PropertyValueSpecification\",\"valueRequired\":true,\"valueName\":\"search_term_string\"}}],\"inLanguage\":\"fr-FR\"}]}<\/script>\n<!-- \/ Yoast SEO plugin. -->","yoast_head_json":{"title":"Affaire : Violation du droit d&#039;auteur et vol d&#039;identit\u00e9 par jisaiche.com H\u00e9berg\u00e9 sur Google Cloud - Test123456.nl","robots":{"index":"noindex","follow":"nofollow"},"og_locale":"fr_FR","og_type":"article","og_title":"Case: Copyright Infringement and Identity Theft by jisaiche.com Hosted on Google Cloud - Test123456.nl","og_description":"&lt; Click here if you prefer to download this information &gt; In this document, you find examples of copyright infringement &amp; Identify theft. And a print screen of documents that shows I am the owner of the company MOI Online which owns the domain name and website Revfine.com. Below you find all necessary information for a request to remove all [...]","og_url":"https:\/\/test123456.nl\/fr\/cas-de-violation-de-droits-dauteur-et-de-vol-didentite-heberge-sur-google-cloud\/","og_site_name":"Test123456.nl","article_modified_time":"2021-08-09T09:28:13+00:00","og_image":[{"url":"https:\/\/test123456.nl\/wp-content\/uploads\/1a.jpg","type":"","width":"","height":""}],"schema":{"@context":"https:\/\/schema.org","@graph":[{"@type":"WebPage","@id":"https:\/\/test123456.nl\/case-copyright-infringement-and-identity-theft-hosted-on-google-cloud\/","url":"https:\/\/test123456.nl\/case-copyright-infringement-and-identity-theft-hosted-on-google-cloud\/","name":"Affaire : Violation du droit d&#039;auteur et vol d&#039;identit\u00e9 par jisaiche.com H\u00e9berg\u00e9 sur Google Cloud - Test123456.nl","isPartOf":{"@id":"https:\/\/test123456.nl\/#website"},"primaryImageOfPage":{"@id":"https:\/\/test123456.nl\/case-copyright-infringement-and-identity-theft-hosted-on-google-cloud\/#primaryimage"},"image":{"@id":"https:\/\/test123456.nl\/case-copyright-infringement-and-identity-theft-hosted-on-google-cloud\/#primaryimage"},"thumbnailUrl":"https:\/\/test123456.nl\/wp-content\/uploads\/1a.jpg","datePublished":"2020-09-14T15:47:54+00:00","dateModified":"2021-08-09T09:28:13+00:00","breadcrumb":{"@id":"https:\/\/test123456.nl\/case-copyright-infringement-and-identity-theft-hosted-on-google-cloud\/#breadcrumb"},"inLanguage":"fr-FR","potentialAction":[{"@type":"ReadAction","target":["https:\/\/test123456.nl\/case-copyright-infringement-and-identity-theft-hosted-on-google-cloud\/"]}]},{"@type":"ImageObject","inLanguage":"fr-FR","@id":"https:\/\/test123456.nl\/case-copyright-infringement-and-identity-theft-hosted-on-google-cloud\/#primaryimage","url":"https:\/\/test123456.nl\/wp-content\/uploads\/1a.jpg","contentUrl":"https:\/\/test123456.nl\/wp-content\/uploads\/1a.jpg"},{"@type":"BreadcrumbList","@id":"https:\/\/test123456.nl\/case-copyright-infringement-and-identity-theft-hosted-on-google-cloud\/#breadcrumb","itemListElement":[{"@type":"ListItem","position":1,"name":"Home","item":"https:\/\/test123456.nl\/"},{"@type":"ListItem","position":2,"name":"Case: Copyright Infringement and Identity Theft by jisaiche.com Hosted on Google Cloud"}]},{"@type":"WebSite","@id":"https:\/\/test123456.nl\/#website","url":"https:\/\/test123456.nl\/","name":"Test123456.nl","description":"","potentialAction":[{"@type":"SearchAction","target":{"@type":"EntryPoint","urlTemplate":"https:\/\/test123456.nl\/?s={search_term_string}"},"query-input":{"@type":"PropertyValueSpecification","valueRequired":true,"valueName":"search_term_string"}}],"inLanguage":"fr-FR"}]}},"_links":{"self":[{"href":"https:\/\/test123456.nl\/fr\/wp-json\/wp\/v2\/pages\/495","targetHints":{"allow":["GET"]}}],"collection":[{"href":"https:\/\/test123456.nl\/fr\/wp-json\/wp\/v2\/pages"}],"about":[{"href":"https:\/\/test123456.nl\/fr\/wp-json\/wp\/v2\/types\/page"}],"author":[{"embeddable":true,"href":"https:\/\/test123456.nl\/fr\/wp-json\/wp\/v2\/users\/1"}],"replies":[{"embeddable":true,"href":"https:\/\/test123456.nl\/fr\/wp-json\/wp\/v2\/comments?post=495"}],"version-history":[{"count":17,"href":"https:\/\/test123456.nl\/fr\/wp-json\/wp\/v2\/pages\/495\/revisions"}],"predecessor-version":[{"id":772,"href":"https:\/\/test123456.nl\/fr\/wp-json\/wp\/v2\/pages\/495\/revisions\/772"}],"wp:attachment":[{"href":"https:\/\/test123456.nl\/fr\/wp-json\/wp\/v2\/media?parent=495"}],"curies":[{"name":"wp","href":"https:\/\/api.w.org\/{rel}","templated":true}]}}