{"id":800,"date":"2021-08-31T19:55:40","date_gmt":"2021-08-31T17:55:40","guid":{"rendered":"https:\/\/test123456.nl\/?page_id=800"},"modified":"2023-01-16T20:03:27","modified_gmt":"2023-01-16T19:03:27","slug":"almacenamiento-en-cache","status":"publish","type":"page","link":"https:\/\/test123456.nl\/es\/caching\/","title":{"rendered":"Optimizaci\u00f3n de velocidad de Metamandrill.com (almacenamiento en cach\u00e9)"},"content":{"rendered":"<h2>Meta:<\/h2>\n<h5>Queremos nuestro sitio web <a href=\"https:\/\/metamandrill.com\/\" target=\"_blank\" rel=\"noopener\">Metamandrill.com<\/a> Para optimizar la velocidad (almacenamiento en cach\u00e9).<\/h5>\n<p>A continuaci\u00f3n encontrar\u00e1 informaci\u00f3n del proyecto y algunas preguntas:<\/p>\n<h5>1) Hemos instalado y utilizamos los siguientes servicios. \u00bfLe parece bien?<\/h5>\n<p>\u2013 Configuraci\u00f3n de rendimiento de Avada<br \/>\n\u2013 WP Rocket premium<br \/>\n\u2013 Cloudflare Business<\/p>\n<p>Aseg\u00farese de que las \u201cconfiguraciones de rendimiento de Avada\u201d est\u00e9n alineadas con WP Rocket y se evite la superposici\u00f3n de configuraciones (por ejemplo, carga diferida de im\u00e1genes y videos).<\/p>\n<h5>2) Requisitos, \u00bfest\u00e1n bien para ti?<\/h5>\n<p>\u2013 Todas las funcionalidades del sitio web deben permanecer intactas<br \/>\n\u2013 No hay conflictos con el tema Avada ni con ning\u00fan complemento despu\u00e9s de implementar el almacenamiento en cach\u00e9<br \/>\n\u2013 Usamos TranslatePress para varios idiomas; la optimizaci\u00f3n de velocidad tambi\u00e9n deber\u00eda funcionar para p\u00e1ginas traducidas<br \/>\n\u2013 Proporcione una descripci\u00f3n general de la prueba de velocidad para diferentes tipos de publicaciones al inicio y al final de la implementaci\u00f3n para que podamos ver las mejoras.<\/p>\n<h5>3) Preguntas adicionales:<\/h5>\n<p>a. Para este proyecto contamos con un presupuesto limitado. \u00bfPodr\u00eda ofrecernos un precio fijo para el proyecto?<br \/>\nb. \u00bfCu\u00e1nto tiempo tardar\u00e1 aproximadamente?<\/p>\n<p>Estoy esperando saber de usted.<\/p>\n<p>Atentamente,<br \/>\nMartijn<\/p>","protected":false},"excerpt":{"rendered":"<p>Goal: We want our website Metamandrill.com to be speed optimized (caching). Below you will find project information and a few questions: 1) We have installed and use the following services. Is this ok for you? &#8211; Avada performance settings &#8211; WP Rocket premium &#8211; Cloudflare Bussiness Please ensure the \u201cAvada performance settings\u201d are aligned with WP rocket, and overlap in  [&#8230;]<\/p>\n","protected":false},"author":1,"featured_media":0,"parent":0,"menu_order":0,"comment_status":"closed","ping_status":"closed","template":"","meta":{"footnotes":""},"class_list":["post-800","page","type-page","status-publish","hentry"],"yoast_head":"<!-- This site is optimized with the Yoast SEO plugin v27.3 - https:\/\/yoast.com\/product\/yoast-seo-wordpress\/ -->\n<title>Metamandrill.com Speed Optimization (Caching) - Test123456.nl<\/title>\n<meta name=\"robots\" content=\"noindex, follow, max-snippet:-1, max-image-preview:large, max-video-preview:-1\" \/>\n<meta property=\"og:locale\" content=\"es_ES\" \/>\n<meta property=\"og:type\" content=\"article\" \/>\n<meta property=\"og:title\" content=\"Metamandrill.com Speed Optimization (Caching) - Test123456.nl\" \/>\n<meta property=\"og:description\" content=\"Goal: We want our website Metamandrill.com to be speed optimized (caching). Below you will find project information and a few questions: 1) We have installed and use the following services. Is this ok for you? &#8211; Avada performance settings &#8211; WP Rocket premium &#8211; Cloudflare Bussiness Please ensure the \u201cAvada performance settings\u201d are aligned with WP rocket, and overlap in [...]\" \/>\n<meta property=\"og:url\" content=\"https:\/\/test123456.nl\/es\/almacenamiento-en-cache\/\" \/>\n<meta property=\"og:site_name\" content=\"Test123456.nl\" \/>\n<meta property=\"article:modified_time\" content=\"2023-01-16T19:03:27+00:00\" \/>\n<script type=\"application\/ld+json\" class=\"yoast-schema-graph\">{\"@context\":\"https:\\\/\\\/schema.org\",\"@graph\":[{\"@type\":\"WebPage\",\"@id\":\"https:\\\/\\\/test123456.nl\\\/caching\\\/\",\"url\":\"https:\\\/\\\/test123456.nl\\\/caching\\\/\",\"name\":\"Metamandrill.com Speed Optimization (Caching) - Test123456.nl\",\"isPartOf\":{\"@id\":\"https:\\\/\\\/test123456.nl\\\/#website\"},\"datePublished\":\"2021-08-31T17:55:40+00:00\",\"dateModified\":\"2023-01-16T19:03:27+00:00\",\"breadcrumb\":{\"@id\":\"https:\\\/\\\/test123456.nl\\\/caching\\\/#breadcrumb\"},\"inLanguage\":\"es\",\"potentialAction\":[{\"@type\":\"ReadAction\",\"target\":[\"https:\\\/\\\/test123456.nl\\\/caching\\\/\"]}]},{\"@type\":\"BreadcrumbList\",\"@id\":\"https:\\\/\\\/test123456.nl\\\/caching\\\/#breadcrumb\",\"itemListElement\":[{\"@type\":\"ListItem\",\"position\":1,\"name\":\"Home\",\"item\":\"https:\\\/\\\/test123456.nl\\\/\"},{\"@type\":\"ListItem\",\"position\":2,\"name\":\"Metamandrill.com Speed Optimization (Caching)\"}]},{\"@type\":\"WebSite\",\"@id\":\"https:\\\/\\\/test123456.nl\\\/#website\",\"url\":\"https:\\\/\\\/test123456.nl\\\/\",\"name\":\"Test123456.nl\",\"description\":\"\",\"potentialAction\":[{\"@type\":\"SearchAction\",\"target\":{\"@type\":\"EntryPoint\",\"urlTemplate\":\"https:\\\/\\\/test123456.nl\\\/?s={search_term_string}\"},\"query-input\":{\"@type\":\"PropertyValueSpecification\",\"valueRequired\":true,\"valueName\":\"search_term_string\"}}],\"inLanguage\":\"es\"}]}<\/script>\n<!-- \/ Yoast SEO plugin. -->","yoast_head_json":{"title":"Optimizaci\u00f3n de velocidad de Metamandrill.com (almacenamiento en cach\u00e9) - Test123456.nl","robots":{"index":"noindex","follow":"follow","max-snippet":"max-snippet:-1","max-image-preview":"max-image-preview:large","max-video-preview":"max-video-preview:-1"},"og_locale":"es_ES","og_type":"article","og_title":"Metamandrill.com Speed Optimization (Caching) - Test123456.nl","og_description":"Goal: We want our website Metamandrill.com to be speed optimized (caching). Below you will find project information and a few questions: 1) We have installed and use the following services. Is this ok for you? &#8211; Avada performance settings &#8211; WP Rocket premium &#8211; Cloudflare Bussiness Please ensure the \u201cAvada performance settings\u201d are aligned with WP rocket, and overlap in [...]","og_url":"https:\/\/test123456.nl\/es\/almacenamiento-en-cache\/","og_site_name":"Test123456.nl","article_modified_time":"2023-01-16T19:03:27+00:00","schema":{"@context":"https:\/\/schema.org","@graph":[{"@type":"WebPage","@id":"https:\/\/test123456.nl\/caching\/","url":"https:\/\/test123456.nl\/caching\/","name":"Optimizaci\u00f3n de velocidad de Metamandrill.com (almacenamiento en cach\u00e9) - Test123456.nl","isPartOf":{"@id":"https:\/\/test123456.nl\/#website"},"datePublished":"2021-08-31T17:55:40+00:00","dateModified":"2023-01-16T19:03:27+00:00","breadcrumb":{"@id":"https:\/\/test123456.nl\/caching\/#breadcrumb"},"inLanguage":"es","potentialAction":[{"@type":"ReadAction","target":["https:\/\/test123456.nl\/caching\/"]}]},{"@type":"BreadcrumbList","@id":"https:\/\/test123456.nl\/caching\/#breadcrumb","itemListElement":[{"@type":"ListItem","position":1,"name":"Home","item":"https:\/\/test123456.nl\/"},{"@type":"ListItem","position":2,"name":"Metamandrill.com Speed Optimization (Caching)"}]},{"@type":"WebSite","@id":"https:\/\/test123456.nl\/#website","url":"https:\/\/test123456.nl\/","name":"Prueba123456.nl","description":"","potentialAction":[{"@type":"SearchAction","target":{"@type":"EntryPoint","urlTemplate":"https:\/\/test123456.nl\/?s={search_term_string}"},"query-input":{"@type":"PropertyValueSpecification","valueRequired":true,"valueName":"search_term_string"}}],"inLanguage":"es"}]}},"_links":{"self":[{"href":"https:\/\/test123456.nl\/es\/wp-json\/wp\/v2\/pages\/800","targetHints":{"allow":["GET"]}}],"collection":[{"href":"https:\/\/test123456.nl\/es\/wp-json\/wp\/v2\/pages"}],"about":[{"href":"https:\/\/test123456.nl\/es\/wp-json\/wp\/v2\/types\/page"}],"author":[{"embeddable":true,"href":"https:\/\/test123456.nl\/es\/wp-json\/wp\/v2\/users\/1"}],"replies":[{"embeddable":true,"href":"https:\/\/test123456.nl\/es\/wp-json\/wp\/v2\/comments?post=800"}],"version-history":[{"count":10,"href":"https:\/\/test123456.nl\/es\/wp-json\/wp\/v2\/pages\/800\/revisions"}],"predecessor-version":[{"id":1201,"href":"https:\/\/test123456.nl\/es\/wp-json\/wp\/v2\/pages\/800\/revisions\/1201"}],"wp:attachment":[{"href":"https:\/\/test123456.nl\/es\/wp-json\/wp\/v2\/media?parent=800"}],"curies":[{"name":"wp","href":"https:\/\/api.w.org\/{rel}","templated":true}]}}