{"id":495,"date":"2020-09-14T17:47:54","date_gmt":"2020-09-14T15:47:54","guid":{"rendered":"https:\/\/test123456.nl\/?page_id=495"},"modified":"2021-08-09T11:28:13","modified_gmt":"2021-08-09T09:28:13","slug":"caso-de-infraccion-de-derechos-de-autor-y-robo-de-identidad-alojado-en-la-nube-de-google","status":"publish","type":"page","link":"https:\/\/test123456.nl\/es\/case-copyright-infringement-and-identity-theft-hosted-on-google-cloud\/","title":{"rendered":"Caso: Violaci\u00f3n de derechos de autor y robo de identidad por parte de jisaiche.com Alojado en Google Cloud"},"content":{"rendered":"<p><span style=\"text-decoration: underline;\"><a href=\"https:\/\/test123456.nl\/wp-content\/uploads\/Case-Copyright-Infringement-and-Identity-Theft-Hosted-on-Google-Cloud.pdf\" target=\"_blank\" rel=\"noopener\">&lt; Haga clic aqu\u00ed si prefiere descargar esta informaci\u00f3n &gt;<\/a><\/span><\/p>\n<p><em>En este documento, encontrar\u00e1 ejemplos de violaci\u00f3n de derechos de autor y robo de identidad, as\u00ed como una captura de pantalla de documentos que demuestra que soy el propietario de la empresa MOI Online, propietaria del nombre de dominio y el sitio web Revfine.com.<\/em><\/p>\n<p>A continuaci\u00f3n encontrar\u00e1 toda la informaci\u00f3n necesaria para solicitar la eliminaci\u00f3n de todo el contenido de jisaiche.com.<a id=\"case\"><\/a><\/p>\n<h2>Tabla de contenido<\/h2>\n<p>1. <span style=\"text-decoration: underline;\"><a href=\"#case\">Introducci\u00f3n del caso<\/a><\/span><br \/>\n2. <span style=\"text-decoration: underline;\"><a href=\"#what-we-already-did\">Lo que ya hicimos<\/a><\/span><br \/>\n3. <span style=\"text-decoration: underline;\"><a href=\"#request\">Mi petici\u00f3n<\/a><\/span><br \/>\n4. <span style=\"text-decoration: underline;\"><a href=\"#examples\">Ejemplos para mostrar el sitio web; se copia informaci\u00f3n personal y comercial<\/a><\/span><br \/>\n5. <span style=\"text-decoration: underline;\"><a href=\"#prove\">Demuestre que soy el propietario comercial de MOI Online y Revfine.com y el propietario del nombre de dominio Revfine.com<\/a><\/span><br \/>\n6. <span style=\"text-decoration: underline;\"><a href=\"#contact\">Nuestros datos de contacto<\/a><\/span><\/p>\n<h2>1. Introducci\u00f3n del caso<\/h2>\n<p>Soy Martijn Barten, propietario de MOI Online y del nombre de dominio y sitio web de Revfine.com (https:\/\/www.revfine.com\/about\/).<\/p>\n<p>Quiero informarle que la URL jisaiche.com ha copiado todo el contenido de nuestro sitio web Revfine.com y se hace pasar por m\u00ed, incluido el nombre de mi empresa, informaci\u00f3n personal y detalles comerciales.<\/p>\n<p>Como usted comprende, la infracci\u00f3n de derechos de autor y el robo de identidad provocan da\u00f1os comerciales y da\u00f1os personales.<\/p>\n<p><strong>Nos enteramos de que el contenido fraudulento en jisaiche.com est\u00e1 alojado por Google LLC; consulte a continuaci\u00f3n mis datos:<a id=\"what-we-already-did\"><\/a><\/strong><br \/>\nNombre de la organizaci\u00f3n: Google Cloud (asia-east1)<br \/>\nDirecci\u00f3n IP: 35.229.232.99<br \/>\nN\u00famero y organizaci\u00f3n del sistema aut\u00f3nomo: AS396982 Google LLC<br \/>\nNombre del AS: GOOGLE-PRIVATE-CLOUD<br \/>\nDNS inverso de la IP: 99.232.229.35.bc.googleusercontent.com<br \/>\nCiudad: Taipei<br \/>\nPa\u00eds: Taiw\u00e1n<\/p>\n<h2>2. Lo que ya hicimos<a id=\"request\"><\/a><\/h2>\n<p>A: Intenta contactar con el webmaster<br \/>\nDado que los registrantes del nombre de dominio jisaiche.com tienen intenciones fraudulentas, no tienen datos de contacto en su sitio web y utilizan la funci\u00f3n PrivacyGuardian, es imposible contactarlos directamente. Adem\u00e1s, dado que jisaiche.com copia todo el contenido de nuestro sitio web, toda la informaci\u00f3n de contacto es nuestra.<\/p>\n<p>B: Me comuniqu\u00e9 con el registrador del dominio<br \/>\nNos pusimos en contacto con el registrador del dominio donde est\u00e1 registrado el nombre de dominio jisaiche.com. Nos responden que no pueden ayudarnos porque no pueden validar ni controlar el contenido publicado en el sitio. Nos remiten a la empresa de hosting donde est\u00e1 publicado el contenido de jisaiche.com. En este caso, Google Cloud.<\/p>\n<h2>3. Mi solicitud<a id=\"examples\"><\/a><\/h2>\n<p>Como usted comprende, la infracci\u00f3n de derechos de autor y el robo de identidad provocan da\u00f1os comerciales y da\u00f1os personales.<\/p>\n<p>Hemos puesto mucho esfuerzo en demostrar que somos los propietarios de MOI Online\/ Revfine.com, el propietario del nombre de dominio Revfine.com y demostramos que jisaiche.com hab\u00eda copiado todo el contenido de nuestro sitio web, incluida informaci\u00f3n personal y comercial.<\/p>\n<p>Dado que Google Cloud es la empresa de alojamiento del contenido de jisaiche.com, solicitamos eliminar todo el contenido de jisaiche.com<\/p>\n<h2>4. Ejemplos para mostrar el sitio web; se copia informaci\u00f3n personal y comercial<\/h2>\n<p>Se ha copiado todo el sitio web. A continuaci\u00f3n se muestran 3 ejemplos:<\/p>\n<p><span style=\"color: #7da603;\"><strong>Sitio web original: Revfine.com<\/strong><\/span><br \/>\n<strong><span style=\"color: #ff0000;\">Sitio web fraudulento: jisaiche.com<\/span><\/strong><\/p>\n<p>Ampl\u00ede las im\u00e1genes para comprobar los nombres de dominio.<\/p>\n<h3><span style=\"color: #7da603;\">1a) P\u00e1gina de inicio \u2013 Sitio web original: Revfine.com<\/span><\/h3>\n<p><strong><span style=\"color: #7da603;\">https:\/\/www.revfine.com\/<\/span><\/strong><\/p>\n<p><img decoding=\"async\" class=\"alignnone size-full wp-image-763\" src=\"https:\/\/test123456.nl\/wp-content\/uploads\/1a.jpg\" alt=\"\" width=\"601\" height=\"202\" srcset=\"https:\/\/test123456.nl\/wp-content\/uploads\/1a-200x67.jpg 200w, https:\/\/test123456.nl\/wp-content\/uploads\/1a-300x101.jpg 300w, https:\/\/test123456.nl\/wp-content\/uploads\/1a-400x134.jpg 400w, https:\/\/test123456.nl\/wp-content\/uploads\/1a.jpg 601w\" sizes=\"(max-width: 601px) 100vw, 601px\" \/><\/p>\n<h3><span style=\"color: #ff0000;\">1b) P\u00e1gina de inicio \u2013 Sitio web fraudulento: jisaiche.com<\/span><\/h3>\n<p><strong><span style=\"color: #ff0000;\">http:\/\/jisaiche.com\/<\/span><\/strong><\/p>\n<p><img decoding=\"async\" class=\"alignnone size-full wp-image-764\" src=\"https:\/\/test123456.nl\/wp-content\/uploads\/1b.jpg\" alt=\"\" width=\"605\" height=\"223\" srcset=\"https:\/\/test123456.nl\/wp-content\/uploads\/1b-200x74.jpg 200w, https:\/\/test123456.nl\/wp-content\/uploads\/1b-300x111.jpg 300w, https:\/\/test123456.nl\/wp-content\/uploads\/1b-400x147.jpg 400w, https:\/\/test123456.nl\/wp-content\/uploads\/1b-600x221.jpg 600w, https:\/\/test123456.nl\/wp-content\/uploads\/1b.jpg 605w\" sizes=\"(max-width: 605px) 100vw, 605px\" \/><\/p>\n<h3><span style=\"color: #7da603;\">2a) Acerca de \u2013 Sitio web original: Revfine.com<\/span><\/h3>\n<p><strong><span style=\"color: #7da603;\">https:\/\/www.revfine.com\/about\/<\/span><\/strong><\/p>\n<p><img decoding=\"async\" class=\"alignnone size-full wp-image-765\" src=\"https:\/\/test123456.nl\/wp-content\/uploads\/2a.jpg\" alt=\"\" width=\"605\" height=\"315\" srcset=\"https:\/\/test123456.nl\/wp-content\/uploads\/2a-200x104.jpg 200w, https:\/\/test123456.nl\/wp-content\/uploads\/2a-300x156.jpg 300w, https:\/\/test123456.nl\/wp-content\/uploads\/2a-400x208.jpg 400w, https:\/\/test123456.nl\/wp-content\/uploads\/2a-600x312.jpg 600w, https:\/\/test123456.nl\/wp-content\/uploads\/2a.jpg 605w\" sizes=\"(max-width: 605px) 100vw, 605px\" \/><\/p>\n<h3><span style=\"color: #ff0000;\">2b) Acerca de \u2013 Sitio web fraudulento: jisaiche.com<\/span><\/h3>\n<p><strong><span style=\"color: #ff0000;\">http:\/\/jisaiche.com\/index-38.html<\/span><\/strong><\/p>\n<p><img decoding=\"async\" class=\"alignnone size-full wp-image-766\" src=\"https:\/\/test123456.nl\/wp-content\/uploads\/2b.jpg\" alt=\"\" width=\"588\" height=\"283\" srcset=\"https:\/\/test123456.nl\/wp-content\/uploads\/2b-200x96.jpg 200w, https:\/\/test123456.nl\/wp-content\/uploads\/2b-300x144.jpg 300w, https:\/\/test123456.nl\/wp-content\/uploads\/2b-400x193.jpg 400w, https:\/\/test123456.nl\/wp-content\/uploads\/2b.jpg 588w\" sizes=\"(max-width: 588px) 100vw, 588px\" \/><\/p>\n<h3><span style=\"color: #7da603;\">3a) P\u00e1gina de contacto \u2013 Sitio web original: Revfine.com<\/span><\/h3>\n<p><strong><span style=\"color: #7da603;\">https:\/\/www.revfine.com\/contact\/<\/span><\/strong><\/p>\n<p><img decoding=\"async\" class=\"alignnone size-full wp-image-767\" src=\"https:\/\/test123456.nl\/wp-content\/uploads\/3a.jpg\" alt=\"\" width=\"605\" height=\"195\" srcset=\"https:\/\/test123456.nl\/wp-content\/uploads\/3a-200x64.jpg 200w, https:\/\/test123456.nl\/wp-content\/uploads\/3a-300x97.jpg 300w, https:\/\/test123456.nl\/wp-content\/uploads\/3a-400x129.jpg 400w, https:\/\/test123456.nl\/wp-content\/uploads\/3a-600x193.jpg 600w, https:\/\/test123456.nl\/wp-content\/uploads\/3a.jpg 605w\" sizes=\"(max-width: 605px) 100vw, 605px\" \/><\/p>\n<h3><span style=\"color: #ff0000;\">3b) P\u00e1gina de contacto \u2013 Sitio web fraudulento: jisaiche.com<\/span><\/h3>\n<p><strong><span style=\"color: #ff0000;\">http:\/\/jisaiche.com\/index-41.html<a id=\"prove\"><\/a><\/span><\/strong><\/p>\n<p><img decoding=\"async\" class=\"alignnone size-full wp-image-768\" src=\"https:\/\/test123456.nl\/wp-content\/uploads\/3b.jpg\" alt=\"\" width=\"605\" height=\"201\" srcset=\"https:\/\/test123456.nl\/wp-content\/uploads\/3b-200x66.jpg 200w, https:\/\/test123456.nl\/wp-content\/uploads\/3b-300x100.jpg 300w, https:\/\/test123456.nl\/wp-content\/uploads\/3b-400x133.jpg 400w, https:\/\/test123456.nl\/wp-content\/uploads\/3b-600x199.jpg 600w, https:\/\/test123456.nl\/wp-content\/uploads\/3b.jpg 605w\" sizes=\"(max-width: 605px) 100vw, 605px\" \/><\/p>\n<h2>5. Demuestre que soy el propietario comercial de MOI Online y Revfine.com<\/h2>\n<p>A continuaci\u00f3n encontrar\u00e1 una captura de pantalla del documento oficial de la C\u00e1mara de Comercio Holandesa para demostrar que soy el propietario comercial de MOI Online y el nombre comercial Revfine y una captura de pantalla de la base de datos Whois, que soy (MOI Online) el propietario del nombre de dominio Revfine.com.<\/p>\n<h3>5a: Documento C\u00e1mara de Comercio Holandesa Soy el propietario de MOI Online y del nombre comercial Revfine.<\/h3>\n<p><img decoding=\"async\" class=\"alignnone size-full wp-image-761\" src=\"https:\/\/test123456.nl\/wp-content\/uploads\/Schermafbeelding-2021-07-14-165158.png\" alt=\"\" width=\"906\" height=\"866\" srcset=\"https:\/\/test123456.nl\/wp-content\/uploads\/Schermafbeelding-2021-07-14-165158-200x191.png 200w, https:\/\/test123456.nl\/wp-content\/uploads\/Schermafbeelding-2021-07-14-165158-300x287.png 300w, https:\/\/test123456.nl\/wp-content\/uploads\/Schermafbeelding-2021-07-14-165158-400x382.png 400w, https:\/\/test123456.nl\/wp-content\/uploads\/Schermafbeelding-2021-07-14-165158-600x574.png 600w, https:\/\/test123456.nl\/wp-content\/uploads\/Schermafbeelding-2021-07-14-165158-768x734.png 768w, https:\/\/test123456.nl\/wp-content\/uploads\/Schermafbeelding-2021-07-14-165158-800x765.png 800w, https:\/\/test123456.nl\/wp-content\/uploads\/Schermafbeelding-2021-07-14-165158.png 906w\" sizes=\"(max-width: 906px) 100vw, 906px\" \/><\/p>\n<h3>5b: Base de datos Whois, de la que soy (MOI Online) el propietario del nombre de dominio Revfine.com.<\/h3>\n<p><img decoding=\"async\" class=\"alignnone size-full wp-image-762\" src=\"https:\/\/test123456.nl\/wp-content\/uploads\/Whois-print-screen-revfine.com_.png\" alt=\"\" width=\"778\" height=\"554\" srcset=\"https:\/\/test123456.nl\/wp-content\/uploads\/Whois-print-screen-revfine.com_-200x142.png 200w, https:\/\/test123456.nl\/wp-content\/uploads\/Whois-print-screen-revfine.com_-300x214.png 300w, https:\/\/test123456.nl\/wp-content\/uploads\/Whois-print-screen-revfine.com_-400x285.png 400w, https:\/\/test123456.nl\/wp-content\/uploads\/Whois-print-screen-revfine.com_-600x427.png 600w, https:\/\/test123456.nl\/wp-content\/uploads\/Whois-print-screen-revfine.com_-768x547.png 768w, https:\/\/test123456.nl\/wp-content\/uploads\/Whois-print-screen-revfine.com_.png 778w\" sizes=\"(max-width: 778px) 100vw, 778px\" \/><\/p>\n<h2>6. Nuestros datos de contacto<a id=\"contact\"><\/a><\/h2>\n<p>Nombre comercial: MOI Online (Propietario Revfine.com)<br \/>\nPersona de contacto: Martijn Barten<br \/>\nDirecci\u00f3n: Brederoplein 3, 3521XA Utrecht, Pa\u00edses Bajos<br \/>\nCorreo electr\u00f3nico: mail@moionline.nl<br \/>\nTel\u00e9fono: +31 6 551 835 05<\/p>\n<p>&nbsp;<\/p>\n<h2><\/h2>\n<p>&nbsp;<\/p>\n<h2><\/h2>\n<p>&nbsp;<\/p>","protected":false},"excerpt":{"rendered":"<p>&lt; Click here if you prefer to download this information &gt; In this document, you find examples of copyright infringement &amp; Identify theft. And a print screen of documents that shows I am the owner of the company MOI Online which owns the domain name and website Revfine.com. Below you find all necessary information for a request to remove all  [&#8230;]<\/p>\n","protected":false},"author":1,"featured_media":0,"parent":0,"menu_order":0,"comment_status":"closed","ping_status":"closed","template":"","meta":{"footnotes":""},"class_list":["post-495","page","type-page","status-publish","hentry"],"yoast_head":"<!-- This site is optimized with the Yoast SEO plugin v27.3 - https:\/\/yoast.com\/product\/yoast-seo-wordpress\/ -->\n<title>Case: Copyright Infringement and Identity Theft by jisaiche.com Hosted on Google Cloud - Test123456.nl<\/title>\n<meta name=\"robots\" content=\"noindex, nofollow\" \/>\n<meta property=\"og:locale\" content=\"es_ES\" \/>\n<meta property=\"og:type\" content=\"article\" \/>\n<meta property=\"og:title\" content=\"Case: Copyright Infringement and Identity Theft by jisaiche.com Hosted on Google Cloud - Test123456.nl\" \/>\n<meta property=\"og:description\" content=\"&lt; Click here if you prefer to download this information &gt; In this document, you find examples of copyright infringement &amp; Identify theft. And a print screen of documents that shows I am the owner of the company MOI Online which owns the domain name and website Revfine.com. Below you find all necessary information for a request to remove all [...]\" \/>\n<meta property=\"og:url\" content=\"https:\/\/test123456.nl\/es\/caso-de-infraccion-de-derechos-de-autor-y-robo-de-identidad-alojado-en-la-nube-de-google\/\" \/>\n<meta property=\"og:site_name\" content=\"Test123456.nl\" \/>\n<meta property=\"article:modified_time\" content=\"2021-08-09T09:28:13+00:00\" \/>\n<meta property=\"og:image\" content=\"https:\/\/test123456.nl\/wp-content\/uploads\/1a.jpg\" \/>\n<script type=\"application\/ld+json\" class=\"yoast-schema-graph\">{\"@context\":\"https:\\\/\\\/schema.org\",\"@graph\":[{\"@type\":\"WebPage\",\"@id\":\"https:\\\/\\\/test123456.nl\\\/case-copyright-infringement-and-identity-theft-hosted-on-google-cloud\\\/\",\"url\":\"https:\\\/\\\/test123456.nl\\\/case-copyright-infringement-and-identity-theft-hosted-on-google-cloud\\\/\",\"name\":\"Case: Copyright Infringement and Identity Theft by jisaiche.com Hosted on Google Cloud - Test123456.nl\",\"isPartOf\":{\"@id\":\"https:\\\/\\\/test123456.nl\\\/#website\"},\"primaryImageOfPage\":{\"@id\":\"https:\\\/\\\/test123456.nl\\\/case-copyright-infringement-and-identity-theft-hosted-on-google-cloud\\\/#primaryimage\"},\"image\":{\"@id\":\"https:\\\/\\\/test123456.nl\\\/case-copyright-infringement-and-identity-theft-hosted-on-google-cloud\\\/#primaryimage\"},\"thumbnailUrl\":\"https:\\\/\\\/test123456.nl\\\/wp-content\\\/uploads\\\/1a.jpg\",\"datePublished\":\"2020-09-14T15:47:54+00:00\",\"dateModified\":\"2021-08-09T09:28:13+00:00\",\"breadcrumb\":{\"@id\":\"https:\\\/\\\/test123456.nl\\\/case-copyright-infringement-and-identity-theft-hosted-on-google-cloud\\\/#breadcrumb\"},\"inLanguage\":\"es\",\"potentialAction\":[{\"@type\":\"ReadAction\",\"target\":[\"https:\\\/\\\/test123456.nl\\\/case-copyright-infringement-and-identity-theft-hosted-on-google-cloud\\\/\"]}]},{\"@type\":\"ImageObject\",\"inLanguage\":\"es\",\"@id\":\"https:\\\/\\\/test123456.nl\\\/case-copyright-infringement-and-identity-theft-hosted-on-google-cloud\\\/#primaryimage\",\"url\":\"https:\\\/\\\/test123456.nl\\\/wp-content\\\/uploads\\\/1a.jpg\",\"contentUrl\":\"https:\\\/\\\/test123456.nl\\\/wp-content\\\/uploads\\\/1a.jpg\"},{\"@type\":\"BreadcrumbList\",\"@id\":\"https:\\\/\\\/test123456.nl\\\/case-copyright-infringement-and-identity-theft-hosted-on-google-cloud\\\/#breadcrumb\",\"itemListElement\":[{\"@type\":\"ListItem\",\"position\":1,\"name\":\"Home\",\"item\":\"https:\\\/\\\/test123456.nl\\\/\"},{\"@type\":\"ListItem\",\"position\":2,\"name\":\"Case: Copyright Infringement and Identity Theft by jisaiche.com Hosted on Google Cloud\"}]},{\"@type\":\"WebSite\",\"@id\":\"https:\\\/\\\/test123456.nl\\\/#website\",\"url\":\"https:\\\/\\\/test123456.nl\\\/\",\"name\":\"Test123456.nl\",\"description\":\"\",\"potentialAction\":[{\"@type\":\"SearchAction\",\"target\":{\"@type\":\"EntryPoint\",\"urlTemplate\":\"https:\\\/\\\/test123456.nl\\\/?s={search_term_string}\"},\"query-input\":{\"@type\":\"PropertyValueSpecification\",\"valueRequired\":true,\"valueName\":\"search_term_string\"}}],\"inLanguage\":\"es\"}]}<\/script>\n<!-- \/ Yoast SEO plugin. -->","yoast_head_json":{"title":"Caso: Violaci\u00f3n de derechos de autor y robo de identidad por parte de jisaiche.com Alojado en Google Cloud - Test123456.nl","robots":{"index":"noindex","follow":"nofollow"},"og_locale":"es_ES","og_type":"article","og_title":"Case: Copyright Infringement and Identity Theft by jisaiche.com Hosted on Google Cloud - Test123456.nl","og_description":"&lt; Click here if you prefer to download this information &gt; In this document, you find examples of copyright infringement &amp; Identify theft. And a print screen of documents that shows I am the owner of the company MOI Online which owns the domain name and website Revfine.com. Below you find all necessary information for a request to remove all [...]","og_url":"https:\/\/test123456.nl\/es\/caso-de-infraccion-de-derechos-de-autor-y-robo-de-identidad-alojado-en-la-nube-de-google\/","og_site_name":"Test123456.nl","article_modified_time":"2021-08-09T09:28:13+00:00","og_image":[{"url":"https:\/\/test123456.nl\/wp-content\/uploads\/1a.jpg","type":"","width":"","height":""}],"schema":{"@context":"https:\/\/schema.org","@graph":[{"@type":"WebPage","@id":"https:\/\/test123456.nl\/case-copyright-infringement-and-identity-theft-hosted-on-google-cloud\/","url":"https:\/\/test123456.nl\/case-copyright-infringement-and-identity-theft-hosted-on-google-cloud\/","name":"Caso: Violaci\u00f3n de derechos de autor y robo de identidad por parte de jisaiche.com Alojado en Google Cloud - Test123456.nl","isPartOf":{"@id":"https:\/\/test123456.nl\/#website"},"primaryImageOfPage":{"@id":"https:\/\/test123456.nl\/case-copyright-infringement-and-identity-theft-hosted-on-google-cloud\/#primaryimage"},"image":{"@id":"https:\/\/test123456.nl\/case-copyright-infringement-and-identity-theft-hosted-on-google-cloud\/#primaryimage"},"thumbnailUrl":"https:\/\/test123456.nl\/wp-content\/uploads\/1a.jpg","datePublished":"2020-09-14T15:47:54+00:00","dateModified":"2021-08-09T09:28:13+00:00","breadcrumb":{"@id":"https:\/\/test123456.nl\/case-copyright-infringement-and-identity-theft-hosted-on-google-cloud\/#breadcrumb"},"inLanguage":"es","potentialAction":[{"@type":"ReadAction","target":["https:\/\/test123456.nl\/case-copyright-infringement-and-identity-theft-hosted-on-google-cloud\/"]}]},{"@type":"ImageObject","inLanguage":"es","@id":"https:\/\/test123456.nl\/case-copyright-infringement-and-identity-theft-hosted-on-google-cloud\/#primaryimage","url":"https:\/\/test123456.nl\/wp-content\/uploads\/1a.jpg","contentUrl":"https:\/\/test123456.nl\/wp-content\/uploads\/1a.jpg"},{"@type":"BreadcrumbList","@id":"https:\/\/test123456.nl\/case-copyright-infringement-and-identity-theft-hosted-on-google-cloud\/#breadcrumb","itemListElement":[{"@type":"ListItem","position":1,"name":"Home","item":"https:\/\/test123456.nl\/"},{"@type":"ListItem","position":2,"name":"Case: Copyright Infringement and Identity Theft by jisaiche.com Hosted on Google Cloud"}]},{"@type":"WebSite","@id":"https:\/\/test123456.nl\/#website","url":"https:\/\/test123456.nl\/","name":"Prueba123456.nl","description":"","potentialAction":[{"@type":"SearchAction","target":{"@type":"EntryPoint","urlTemplate":"https:\/\/test123456.nl\/?s={search_term_string}"},"query-input":{"@type":"PropertyValueSpecification","valueRequired":true,"valueName":"search_term_string"}}],"inLanguage":"es"}]}},"_links":{"self":[{"href":"https:\/\/test123456.nl\/es\/wp-json\/wp\/v2\/pages\/495","targetHints":{"allow":["GET"]}}],"collection":[{"href":"https:\/\/test123456.nl\/es\/wp-json\/wp\/v2\/pages"}],"about":[{"href":"https:\/\/test123456.nl\/es\/wp-json\/wp\/v2\/types\/page"}],"author":[{"embeddable":true,"href":"https:\/\/test123456.nl\/es\/wp-json\/wp\/v2\/users\/1"}],"replies":[{"embeddable":true,"href":"https:\/\/test123456.nl\/es\/wp-json\/wp\/v2\/comments?post=495"}],"version-history":[{"count":17,"href":"https:\/\/test123456.nl\/es\/wp-json\/wp\/v2\/pages\/495\/revisions"}],"predecessor-version":[{"id":772,"href":"https:\/\/test123456.nl\/es\/wp-json\/wp\/v2\/pages\/495\/revisions\/772"}],"wp:attachment":[{"href":"https:\/\/test123456.nl\/es\/wp-json\/wp\/v2\/media?parent=495"}],"curies":[{"name":"wp","href":"https:\/\/api.w.org\/{rel}","templated":true}]}}