{"id":800,"date":"2021-08-31T19:55:40","date_gmt":"2021-08-31T17:55:40","guid":{"rendered":"https:\/\/test123456.nl\/?page_id=800"},"modified":"2023-01-16T20:03:27","modified_gmt":"2023-01-16T19:03:27","slug":"zwischenspeicherung","status":"publish","type":"page","link":"https:\/\/test123456.nl\/de\/caching\/","title":{"rendered":"Metamandrill.com Geschwindigkeitsoptimierung (Caching)"},"content":{"rendered":"<h2>Ziel:<\/h2>\n<h5>Wir m\u00f6chten, dass unsere Website <a href=\"https:\/\/metamandrill.com\/\" target=\"_blank\" rel=\"noopener\">Metamandrill.com<\/a> geschwindigkeitsoptimiert sein (Caching).<\/h5>\n<p>Nachfolgend finden Sie Projektinformationen und einige Fragen:<\/p>\n<h5>1) Wir haben folgende Dienste installiert und nutzen diese. Ist das f\u00fcr Sie ok?<\/h5>\n<p>\u2013 Avada-Leistungseinstellungen<br \/>\n\u2013 WP Rocket Premium<br \/>\n\u2013 Cloudflare-Gesch\u00e4ft<\/p>\n<p>Bitte stellen Sie sicher, dass die \u201eAvada-Leistungseinstellungen\u201c mit WP Rocket \u00fcbereinstimmen und \u00dcberschneidungen in den Einstellungen vermieden werden (z. B. verz\u00f6gertes Laden von Bildern und Videos).<\/p>\n<h5>2) Voraussetzungen, sind diese f\u00fcr Sie ok?<\/h5>\n<p>\u2013 Alle Website-Funktionalit\u00e4ten m\u00fcssen erhalten bleiben<br \/>\n\u2013 Es gibt keine Konflikte mit dem Avada-Theme oder irgendwelchen Plugins, nachdem das Caching implementiert wurde<br \/>\n\u2013 Wir verwenden TranslatePress f\u00fcr mehrere Sprachen; die Geschwindigkeitsoptimierung sollte auch f\u00fcr \u00fcbersetzte Seiten funktionieren<br \/>\n\u2013 Bitte stellen Sie zu Beginn und am Ende der Implementierung eine \u00dcbersicht \u00fcber den Geschwindigkeitstest f\u00fcr verschiedene Beitragstypen bereit, damit wir Verbesserungen erkennen k\u00f6nnen<\/p>\n<h5>3) Zusatzfragen:<\/h5>\n<p>a. F\u00fcr dieses Projekt haben wir ein begrenztes Budget. K\u00f6nnen Sie einen festen Projektpreis anbieten?<br \/>\nb. Wie lange wird es ungef\u00e4hr dauern?<\/p>\n<p>Ich freue mich auf Ihre Kontaktaufnahme.<\/p>\n<p>Mit freundlichen Gr\u00fc\u00dfe,<br \/>\nMartijn<\/p>","protected":false},"excerpt":{"rendered":"<p>Goal: We want our website Metamandrill.com to be speed optimized (caching). Below you will find project information and a few questions: 1) We have installed and use the following services. Is this ok for you? &#8211; Avada performance settings &#8211; WP Rocket premium &#8211; Cloudflare Bussiness Please ensure the \u201cAvada performance settings\u201d are aligned with WP rocket, and overlap in  [&#8230;]<\/p>\n","protected":false},"author":1,"featured_media":0,"parent":0,"menu_order":0,"comment_status":"closed","ping_status":"closed","template":"","meta":{"footnotes":""},"class_list":["post-800","page","type-page","status-publish","hentry"],"yoast_head":"<!-- This site is optimized with the Yoast SEO plugin v27.3 - https:\/\/yoast.com\/product\/yoast-seo-wordpress\/ -->\n<title>Metamandrill.com Speed Optimization (Caching) - Test123456.nl<\/title>\n<meta name=\"robots\" content=\"noindex, follow, max-snippet:-1, max-image-preview:large, max-video-preview:-1\" \/>\n<meta property=\"og:locale\" content=\"de_DE\" \/>\n<meta property=\"og:type\" content=\"article\" \/>\n<meta property=\"og:title\" content=\"Metamandrill.com Speed Optimization (Caching) - Test123456.nl\" \/>\n<meta property=\"og:description\" content=\"Goal: We want our website Metamandrill.com to be speed optimized (caching). Below you will find project information and a few questions: 1) We have installed and use the following services. Is this ok for you? &#8211; Avada performance settings &#8211; WP Rocket premium &#8211; Cloudflare Bussiness Please ensure the \u201cAvada performance settings\u201d are aligned with WP rocket, and overlap in [...]\" \/>\n<meta property=\"og:url\" content=\"https:\/\/test123456.nl\/de\/zwischenspeicherung\/\" \/>\n<meta property=\"og:site_name\" content=\"Test123456.nl\" \/>\n<meta property=\"article:modified_time\" content=\"2023-01-16T19:03:27+00:00\" \/>\n<script type=\"application\/ld+json\" class=\"yoast-schema-graph\">{\"@context\":\"https:\\\/\\\/schema.org\",\"@graph\":[{\"@type\":\"WebPage\",\"@id\":\"https:\\\/\\\/test123456.nl\\\/caching\\\/\",\"url\":\"https:\\\/\\\/test123456.nl\\\/caching\\\/\",\"name\":\"Metamandrill.com Speed Optimization (Caching) - Test123456.nl\",\"isPartOf\":{\"@id\":\"https:\\\/\\\/test123456.nl\\\/#website\"},\"datePublished\":\"2021-08-31T17:55:40+00:00\",\"dateModified\":\"2023-01-16T19:03:27+00:00\",\"breadcrumb\":{\"@id\":\"https:\\\/\\\/test123456.nl\\\/caching\\\/#breadcrumb\"},\"inLanguage\":\"de\",\"potentialAction\":[{\"@type\":\"ReadAction\",\"target\":[\"https:\\\/\\\/test123456.nl\\\/caching\\\/\"]}]},{\"@type\":\"BreadcrumbList\",\"@id\":\"https:\\\/\\\/test123456.nl\\\/caching\\\/#breadcrumb\",\"itemListElement\":[{\"@type\":\"ListItem\",\"position\":1,\"name\":\"Home\",\"item\":\"https:\\\/\\\/test123456.nl\\\/\"},{\"@type\":\"ListItem\",\"position\":2,\"name\":\"Metamandrill.com Speed Optimization (Caching)\"}]},{\"@type\":\"WebSite\",\"@id\":\"https:\\\/\\\/test123456.nl\\\/#website\",\"url\":\"https:\\\/\\\/test123456.nl\\\/\",\"name\":\"Test123456.nl\",\"description\":\"\",\"potentialAction\":[{\"@type\":\"SearchAction\",\"target\":{\"@type\":\"EntryPoint\",\"urlTemplate\":\"https:\\\/\\\/test123456.nl\\\/?s={search_term_string}\"},\"query-input\":{\"@type\":\"PropertyValueSpecification\",\"valueRequired\":true,\"valueName\":\"search_term_string\"}}],\"inLanguage\":\"de\"}]}<\/script>\n<!-- \/ Yoast SEO plugin. -->","yoast_head_json":{"title":"Metamandrill.com Geschwindigkeitsoptimierung (Caching) - Test123456.nl","robots":{"index":"noindex","follow":"follow","max-snippet":"max-snippet:-1","max-image-preview":"max-image-preview:large","max-video-preview":"max-video-preview:-1"},"og_locale":"de_DE","og_type":"article","og_title":"Metamandrill.com Speed Optimization (Caching) - Test123456.nl","og_description":"Goal: We want our website Metamandrill.com to be speed optimized (caching). Below you will find project information and a few questions: 1) We have installed and use the following services. Is this ok for you? &#8211; Avada performance settings &#8211; WP Rocket premium &#8211; Cloudflare Bussiness Please ensure the \u201cAvada performance settings\u201d are aligned with WP rocket, and overlap in [...]","og_url":"https:\/\/test123456.nl\/de\/zwischenspeicherung\/","og_site_name":"Test123456.nl","article_modified_time":"2023-01-16T19:03:27+00:00","schema":{"@context":"https:\/\/schema.org","@graph":[{"@type":"WebPage","@id":"https:\/\/test123456.nl\/caching\/","url":"https:\/\/test123456.nl\/caching\/","name":"Metamandrill.com Geschwindigkeitsoptimierung (Caching) - Test123456.nl","isPartOf":{"@id":"https:\/\/test123456.nl\/#website"},"datePublished":"2021-08-31T17:55:40+00:00","dateModified":"2023-01-16T19:03:27+00:00","breadcrumb":{"@id":"https:\/\/test123456.nl\/caching\/#breadcrumb"},"inLanguage":"de","potentialAction":[{"@type":"ReadAction","target":["https:\/\/test123456.nl\/caching\/"]}]},{"@type":"BreadcrumbList","@id":"https:\/\/test123456.nl\/caching\/#breadcrumb","itemListElement":[{"@type":"ListItem","position":1,"name":"Home","item":"https:\/\/test123456.nl\/"},{"@type":"ListItem","position":2,"name":"Metamandrill.com Speed Optimization (Caching)"}]},{"@type":"WebSite","@id":"https:\/\/test123456.nl\/#website","url":"https:\/\/test123456.nl\/","name":"Test123456.nl","description":"","potentialAction":[{"@type":"SearchAction","target":{"@type":"EntryPoint","urlTemplate":"https:\/\/test123456.nl\/?s={search_term_string}"},"query-input":{"@type":"PropertyValueSpecification","valueRequired":true,"valueName":"search_term_string"}}],"inLanguage":"de"}]}},"_links":{"self":[{"href":"https:\/\/test123456.nl\/de\/wp-json\/wp\/v2\/pages\/800","targetHints":{"allow":["GET"]}}],"collection":[{"href":"https:\/\/test123456.nl\/de\/wp-json\/wp\/v2\/pages"}],"about":[{"href":"https:\/\/test123456.nl\/de\/wp-json\/wp\/v2\/types\/page"}],"author":[{"embeddable":true,"href":"https:\/\/test123456.nl\/de\/wp-json\/wp\/v2\/users\/1"}],"replies":[{"embeddable":true,"href":"https:\/\/test123456.nl\/de\/wp-json\/wp\/v2\/comments?post=800"}],"version-history":[{"count":10,"href":"https:\/\/test123456.nl\/de\/wp-json\/wp\/v2\/pages\/800\/revisions"}],"predecessor-version":[{"id":1201,"href":"https:\/\/test123456.nl\/de\/wp-json\/wp\/v2\/pages\/800\/revisions\/1201"}],"wp:attachment":[{"href":"https:\/\/test123456.nl\/de\/wp-json\/wp\/v2\/media?parent=800"}],"curies":[{"name":"wp","href":"https:\/\/api.w.org\/{rel}","templated":true}]}}