{"id":495,"date":"2020-09-14T17:47:54","date_gmt":"2020-09-14T15:47:54","guid":{"rendered":"https:\/\/test123456.nl\/?page_id=495"},"modified":"2021-08-09T11:28:13","modified_gmt":"2021-08-09T09:28:13","slug":"fall-urheberrechtsverletzung-und-identitatsdiebstahl-gehostet-auf-google-cloud","status":"publish","type":"page","link":"https:\/\/test123456.nl\/de\/case-copyright-infringement-and-identity-theft-hosted-on-google-cloud\/","title":{"rendered":"Fall: Urheberrechtsverletzung und Identit\u00e4tsdiebstahl von jisaiche.com, gehostet in Google Cloud"},"content":{"rendered":"<p><span style=\"text-decoration: underline;\"><a href=\"https:\/\/test123456.nl\/wp-content\/uploads\/Case-Copyright-Infringement-and-Identity-Theft-Hosted-on-Google-Cloud.pdf\" target=\"_blank\" rel=\"noopener\">&lt; Klicken Sie hier, wenn Sie diese Informationen lieber herunterladen m\u00f6chten &gt;<\/a><\/span><\/p>\n<p><em>In diesem Dokument finden Sie Beispiele f\u00fcr Urheberrechtsverletzungen und zum Identifizieren von Diebstahl. Und ein Druckbildschirm mit Dokumenten, der zeigt, dass ich der Eigent\u00fcmer der Firma MOI Online bin, die den Domainnamen und die Website Revfine.com besitzt.<\/em><\/p>\n<p>Nachfolgend finden Sie alle notwendigen Informationen f\u00fcr einen Antrag auf Entfernung aller Inhalte auf jisaiche.com.<a id=\"case\"><\/a><\/p>\n<h2>Inhaltsverzeichnis<\/h2>\n<p>1. <span style=\"text-decoration: underline;\"><a href=\"#case\">Einf\u00fchrung in den Fall<\/a><\/span><br \/>\n2. <span style=\"text-decoration: underline;\"><a href=\"#what-we-already-did\">Was wir schon gemacht haben<\/a><\/span><br \/>\n3. <span style=\"text-decoration: underline;\"><a href=\"#request\">Meine Anfrage<\/a><\/span><br \/>\n4. <span style=\"text-decoration: underline;\"><a href=\"#examples\">Beispiele zur Pr\u00e4sentation der Website; pers\u00f6nliche und gesch\u00e4ftliche Informationen werden kopiert<\/a><\/span><br \/>\n5. <span style=\"text-decoration: underline;\"><a href=\"#prove\">Beweisen Sie, dass ich der Gesch\u00e4ftsinhaber von MOI Online &amp; Revfine.com und Inhaber des Domainnamens Revfine.com bin<\/a><\/span><br \/>\n6. <span style=\"text-decoration: underline;\"><a href=\"#contact\">Unsere Kontaktdaten<\/a><\/span><\/p>\n<h2>1. Einf\u00fchrung in den Fall<\/h2>\n<p>Ich bin Martijn Barten, Inhaber von MOI Online und dem Domainnamen und der Website von Revfine.com (https:\/\/www.revfine.com\/about\/).<\/p>\n<p>Ich m\u00f6chte Sie dar\u00fcber informieren, dass die URL jisaiche.com den gesamten Inhalt unserer Website Revfine.com kopiert hat und vorgibt, ich zu sein, einschlie\u00dflich meines Firmennamens, meiner pers\u00f6nlichen Daten und Gesch\u00e4ftsdaten.<\/p>\n<p>Wie Sie verstehen, verursacht die Verletzung des Urheberrechts und der Diebstahl gesch\u00e4ftliche und pers\u00f6nliche Sch\u00e4den.<\/p>\n<p><strong>Wir haben erfahren, dass der betr\u00fcgerische Inhalt auf jisaiche.com von Google LLC gehostet wird; siehe unten f\u00fcr meine details:<a id=\"what-we-already-did\"><\/a><\/strong><br \/>\nName der Organisation: Google Cloud (asia-east1)<br \/>\nIP-Adresse: 35.229.232.99<br \/>\nAS(autonomes System)-Nummer und Organisation: AS396982 Google LLC<br \/>\nAS-Name: GOOGLE-PRIVATE-CLOUD<br \/>\nReverse-DNS der IP: 99.232.229.35.bc.googleusercontent.com<br \/>\nStadt: Taipeh<br \/>\nLand: Taiwan<\/p>\n<h2>2. Was wir bereits getan haben<a id=\"request\"><\/a><\/h2>\n<p>A: Versuchen Sie, den Webmaster zu kontaktieren<br \/>\nDa die Registranten des Domainnamens jisaiche.com betr\u00fcgerische Absichten haben, keine Kontaktdaten auf ihrer Website haben und die PrivacyGuardian-Funktionalit\u00e4t verwenden, ist es unm\u00f6glich, sie direkt zu erreichen. Da jisaiche.com alle Inhalte unserer Website kopiert, sind alle Kontaktinformationen unsere Kontaktdaten.<\/p>\n<p>B: Kontaktaufnahme mit dem Domain-Registrar<br \/>\nWir haben den Domain-Registrar kontaktiert, bei dem der Domain-Name jisaiche.com registriert ist. Sie antworten, dass sie uns nicht helfen k\u00f6nnen, weil sie die auf der Website ver\u00f6ffentlichten Inhalte nicht validieren oder kontrollieren k\u00f6nnen. Sie verweisen uns auf das Hosting-Unternehmen, bei dem der Inhalt von jisaiche.com ver\u00f6ffentlicht wird. In diesem Fall Google Cloud.<\/p>\n<h2>3. Meine Anfrage<a id=\"examples\"><\/a><\/h2>\n<p>Wie Sie verstehen, verursacht die Verletzung des Urheberrechts und der Diebstahl gesch\u00e4ftliche und pers\u00f6nliche Sch\u00e4den.<\/p>\n<p>Wir haben gro\u00dfe Anstrengungen unternommen, um zu beweisen, dass wir der Eigent\u00fcmer von MOI Online\/Revfine.com, der Eigent\u00fcmer des Domainnamens Revfine.com, sind und haben gezeigt, dass jisaiche.com den gesamten Inhalt unserer Website, einschlie\u00dflich pers\u00f6nlicher und gesch\u00e4ftlicher Informationen, kopiert hat.<\/p>\n<p>Da Google Cloud das Hosting-Unternehmen der Inhalte auf jisaiche.com ist, bitten wir Sie, alle Inhalte auf jisaiche.com zu entfernen<\/p>\n<h2>4. Beispiele zur Pr\u00e4sentation der Website; Pers\u00f6nliche und gesch\u00e4ftliche Daten werden kopiert<\/h2>\n<p>Die gesamte Website wird kopiert. Nachfolgend finden Sie 3 Beispiele:<\/p>\n<p><span style=\"color: #7da603;\"><strong>Original-Website: Revfine.com<\/strong><\/span><br \/>\n<strong><span style=\"color: #ff0000;\">Betrugswebsite: jisaiche.com<\/span><\/strong><\/p>\n<p>Bitte vergr\u00f6\u00dfern Sie die Bilder, um Domainnamen zu \u00fcberpr\u00fcfen.<\/p>\n<h3><span style=\"color: #7da603;\">1a) Homepage \u2013 Urspr\u00fcngliche Website: Revfine.com<\/span><\/h3>\n<p><strong><span style=\"color: #7da603;\">https:\/\/www.revfine.com\/<\/span><\/strong><\/p>\n<p><img decoding=\"async\" class=\"alignnone size-full wp-image-763\" src=\"https:\/\/test123456.nl\/wp-content\/uploads\/1a.jpg\" alt=\"\" width=\"601\" height=\"202\" srcset=\"https:\/\/test123456.nl\/wp-content\/uploads\/1a-200x67.jpg 200w, https:\/\/test123456.nl\/wp-content\/uploads\/1a-300x101.jpg 300w, https:\/\/test123456.nl\/wp-content\/uploads\/1a-400x134.jpg 400w, https:\/\/test123456.nl\/wp-content\/uploads\/1a.jpg 601w\" sizes=\"(max-width: 601px) 100vw, 601px\" \/><\/p>\n<h3><span style=\"color: #ff0000;\">1b) Homepage \u2013 Betrugswebsite: jisaiche.com<\/span><\/h3>\n<p><strong><span style=\"color: #ff0000;\">http:\/\/jisaiche.com\/<\/span><\/strong><\/p>\n<p><img decoding=\"async\" class=\"alignnone size-full wp-image-764\" src=\"https:\/\/test123456.nl\/wp-content\/uploads\/1b.jpg\" alt=\"\" width=\"605\" height=\"223\" srcset=\"https:\/\/test123456.nl\/wp-content\/uploads\/1b-200x74.jpg 200w, https:\/\/test123456.nl\/wp-content\/uploads\/1b-300x111.jpg 300w, https:\/\/test123456.nl\/wp-content\/uploads\/1b-400x147.jpg 400w, https:\/\/test123456.nl\/wp-content\/uploads\/1b-600x221.jpg 600w, https:\/\/test123456.nl\/wp-content\/uploads\/1b.jpg 605w\" sizes=\"(max-width: 605px) 100vw, 605px\" \/><\/p>\n<h3><span style=\"color: #7da603;\">2a) \u00dcber \u2013 Urspr\u00fcngliche Website: Revfine.com<\/span><\/h3>\n<p><strong><span style=\"color: #7da603;\">https:\/\/www.revfine.com\/about\/<\/span><\/strong><\/p>\n<p><img decoding=\"async\" class=\"alignnone size-full wp-image-765\" src=\"https:\/\/test123456.nl\/wp-content\/uploads\/2a.jpg\" alt=\"\" width=\"605\" height=\"315\" srcset=\"https:\/\/test123456.nl\/wp-content\/uploads\/2a-200x104.jpg 200w, https:\/\/test123456.nl\/wp-content\/uploads\/2a-300x156.jpg 300w, https:\/\/test123456.nl\/wp-content\/uploads\/2a-400x208.jpg 400w, https:\/\/test123456.nl\/wp-content\/uploads\/2a-600x312.jpg 600w, https:\/\/test123456.nl\/wp-content\/uploads\/2a.jpg 605w\" sizes=\"(max-width: 605px) 100vw, 605px\" \/><\/p>\n<h3><span style=\"color: #ff0000;\">2b) \u00dcber \u2013 Betrugswebsite: jisaiche.com<\/span><\/h3>\n<p><strong><span style=\"color: #ff0000;\">http:\/\/jisaiche.com\/index-38.html<\/span><\/strong><\/p>\n<p><img decoding=\"async\" class=\"alignnone size-full wp-image-766\" src=\"https:\/\/test123456.nl\/wp-content\/uploads\/2b.jpg\" alt=\"\" width=\"588\" height=\"283\" srcset=\"https:\/\/test123456.nl\/wp-content\/uploads\/2b-200x96.jpg 200w, https:\/\/test123456.nl\/wp-content\/uploads\/2b-300x144.jpg 300w, https:\/\/test123456.nl\/wp-content\/uploads\/2b-400x193.jpg 400w, https:\/\/test123456.nl\/wp-content\/uploads\/2b.jpg 588w\" sizes=\"(max-width: 588px) 100vw, 588px\" \/><\/p>\n<h3><span style=\"color: #7da603;\">3a) Kontaktseite \u2013 Urspr\u00fcngliche Website: Revfine.com<\/span><\/h3>\n<p><strong><span style=\"color: #7da603;\">https:\/\/www.revfine.com\/contact\/<\/span><\/strong><\/p>\n<p><img decoding=\"async\" class=\"alignnone size-full wp-image-767\" src=\"https:\/\/test123456.nl\/wp-content\/uploads\/3a.jpg\" alt=\"\" width=\"605\" height=\"195\" srcset=\"https:\/\/test123456.nl\/wp-content\/uploads\/3a-200x64.jpg 200w, https:\/\/test123456.nl\/wp-content\/uploads\/3a-300x97.jpg 300w, https:\/\/test123456.nl\/wp-content\/uploads\/3a-400x129.jpg 400w, https:\/\/test123456.nl\/wp-content\/uploads\/3a-600x193.jpg 600w, https:\/\/test123456.nl\/wp-content\/uploads\/3a.jpg 605w\" sizes=\"(max-width: 605px) 100vw, 605px\" \/><\/p>\n<h3><span style=\"color: #ff0000;\">3b) Kontaktseite \u2013 Betrugswebsite: jisaiche.com<\/span><\/h3>\n<p><strong><span style=\"color: #ff0000;\">http:\/\/jisaiche.com\/index-41.html<a id=\"prove\"><\/a><\/span><\/strong><\/p>\n<p><img decoding=\"async\" class=\"alignnone size-full wp-image-768\" src=\"https:\/\/test123456.nl\/wp-content\/uploads\/3b.jpg\" alt=\"\" width=\"605\" height=\"201\" srcset=\"https:\/\/test123456.nl\/wp-content\/uploads\/3b-200x66.jpg 200w, https:\/\/test123456.nl\/wp-content\/uploads\/3b-300x100.jpg 300w, https:\/\/test123456.nl\/wp-content\/uploads\/3b-400x133.jpg 400w, https:\/\/test123456.nl\/wp-content\/uploads\/3b-600x199.jpg 600w, https:\/\/test123456.nl\/wp-content\/uploads\/3b.jpg 605w\" sizes=\"(max-width: 605px) 100vw, 605px\" \/><\/p>\n<h2>5. Beweisen Sie, dass ich der Gesch\u00e4ftsinhaber von MOI Online &amp; Revfine.com bin<\/h2>\n<p>Unten finden Sie eine Druckansicht des offiziellen Dokuments der niederl\u00e4ndischen Handelskammer, um zu beweisen, dass ich der Gesch\u00e4ftsinhaber von MOI Online und der Handelsname Revfine bin, sowie eine Druckansicht der Whois-Datenbank, dass ich (MOI Online) der Inhaber von . bin den Domainnamen Revfine.com.<\/p>\n<h3>5a: Dokument Niederl\u00e4ndische Handelskammer Ich bin der Inhaber von MOI Online und dem Handelsnamen Revfine.<\/h3>\n<p><img decoding=\"async\" class=\"alignnone size-full wp-image-761\" src=\"https:\/\/test123456.nl\/wp-content\/uploads\/Schermafbeelding-2021-07-14-165158.png\" alt=\"\" width=\"906\" height=\"866\" srcset=\"https:\/\/test123456.nl\/wp-content\/uploads\/Schermafbeelding-2021-07-14-165158-200x191.png 200w, https:\/\/test123456.nl\/wp-content\/uploads\/Schermafbeelding-2021-07-14-165158-300x287.png 300w, https:\/\/test123456.nl\/wp-content\/uploads\/Schermafbeelding-2021-07-14-165158-400x382.png 400w, https:\/\/test123456.nl\/wp-content\/uploads\/Schermafbeelding-2021-07-14-165158-600x574.png 600w, https:\/\/test123456.nl\/wp-content\/uploads\/Schermafbeelding-2021-07-14-165158-768x734.png 768w, https:\/\/test123456.nl\/wp-content\/uploads\/Schermafbeelding-2021-07-14-165158-800x765.png 800w, https:\/\/test123456.nl\/wp-content\/uploads\/Schermafbeelding-2021-07-14-165158.png 906w\" sizes=\"(max-width: 906px) 100vw, 906px\" \/><\/p>\n<h3>5b: Whois-Datenbank, dass ich (MOI Online) der Eigent\u00fcmer des Domainnamens Revfine.com bin.<\/h3>\n<p><img decoding=\"async\" class=\"alignnone size-full wp-image-762\" src=\"https:\/\/test123456.nl\/wp-content\/uploads\/Whois-print-screen-revfine.com_.png\" alt=\"\" width=\"778\" height=\"554\" srcset=\"https:\/\/test123456.nl\/wp-content\/uploads\/Whois-print-screen-revfine.com_-200x142.png 200w, https:\/\/test123456.nl\/wp-content\/uploads\/Whois-print-screen-revfine.com_-300x214.png 300w, https:\/\/test123456.nl\/wp-content\/uploads\/Whois-print-screen-revfine.com_-400x285.png 400w, https:\/\/test123456.nl\/wp-content\/uploads\/Whois-print-screen-revfine.com_-600x427.png 600w, https:\/\/test123456.nl\/wp-content\/uploads\/Whois-print-screen-revfine.com_-768x547.png 768w, https:\/\/test123456.nl\/wp-content\/uploads\/Whois-print-screen-revfine.com_.png 778w\" sizes=\"(max-width: 778px) 100vw, 778px\" \/><\/p>\n<h2>6. Unsere Kontaktdaten<a id=\"contact\"><\/a><\/h2>\n<p>Firmenname: MOI Online (Inhaber Revfine.com)<br \/>\nAnsprechpartner: Martijn Barten<br \/>\nAdresse: Brederoplein 3, 3521XA Utrecht, Niederlande<br \/>\nE-Mail: mail@moionline.nl<br \/>\nTelefon: +31 6 551 835 05<\/p>\n<p>&nbsp;<\/p>\n<h2><\/h2>\n<p>&nbsp;<\/p>\n<h2><\/h2>\n<p>&nbsp;<\/p>","protected":false},"excerpt":{"rendered":"<p>&lt; Click here if you prefer to download this information &gt; In this document, you find examples of copyright infringement &amp; Identify theft. And a print screen of documents that shows I am the owner of the company MOI Online which owns the domain name and website Revfine.com. Below you find all necessary information for a request to remove all  [&#8230;]<\/p>\n","protected":false},"author":1,"featured_media":0,"parent":0,"menu_order":0,"comment_status":"closed","ping_status":"closed","template":"","meta":{"footnotes":""},"class_list":["post-495","page","type-page","status-publish","hentry"],"yoast_head":"<!-- This site is optimized with the Yoast SEO plugin v27.3 - https:\/\/yoast.com\/product\/yoast-seo-wordpress\/ -->\n<title>Case: Copyright Infringement and Identity Theft by jisaiche.com Hosted on Google Cloud - Test123456.nl<\/title>\n<meta name=\"robots\" content=\"noindex, nofollow\" \/>\n<meta property=\"og:locale\" content=\"de_DE\" \/>\n<meta property=\"og:type\" content=\"article\" \/>\n<meta property=\"og:title\" content=\"Case: Copyright Infringement and Identity Theft by jisaiche.com Hosted on Google Cloud - Test123456.nl\" \/>\n<meta property=\"og:description\" content=\"&lt; Click here if you prefer to download this information &gt; In this document, you find examples of copyright infringement &amp; Identify theft. And a print screen of documents that shows I am the owner of the company MOI Online which owns the domain name and website Revfine.com. Below you find all necessary information for a request to remove all [...]\" \/>\n<meta property=\"og:url\" content=\"https:\/\/test123456.nl\/de\/fall-urheberrechtsverletzung-und-identitatsdiebstahl-gehostet-auf-google-cloud\/\" \/>\n<meta property=\"og:site_name\" content=\"Test123456.nl\" \/>\n<meta property=\"article:modified_time\" content=\"2021-08-09T09:28:13+00:00\" \/>\n<meta property=\"og:image\" content=\"https:\/\/test123456.nl\/wp-content\/uploads\/1a.jpg\" \/>\n<script type=\"application\/ld+json\" class=\"yoast-schema-graph\">{\"@context\":\"https:\\\/\\\/schema.org\",\"@graph\":[{\"@type\":\"WebPage\",\"@id\":\"https:\\\/\\\/test123456.nl\\\/case-copyright-infringement-and-identity-theft-hosted-on-google-cloud\\\/\",\"url\":\"https:\\\/\\\/test123456.nl\\\/case-copyright-infringement-and-identity-theft-hosted-on-google-cloud\\\/\",\"name\":\"Case: Copyright Infringement and Identity Theft by jisaiche.com Hosted on Google Cloud - Test123456.nl\",\"isPartOf\":{\"@id\":\"https:\\\/\\\/test123456.nl\\\/#website\"},\"primaryImageOfPage\":{\"@id\":\"https:\\\/\\\/test123456.nl\\\/case-copyright-infringement-and-identity-theft-hosted-on-google-cloud\\\/#primaryimage\"},\"image\":{\"@id\":\"https:\\\/\\\/test123456.nl\\\/case-copyright-infringement-and-identity-theft-hosted-on-google-cloud\\\/#primaryimage\"},\"thumbnailUrl\":\"https:\\\/\\\/test123456.nl\\\/wp-content\\\/uploads\\\/1a.jpg\",\"datePublished\":\"2020-09-14T15:47:54+00:00\",\"dateModified\":\"2021-08-09T09:28:13+00:00\",\"breadcrumb\":{\"@id\":\"https:\\\/\\\/test123456.nl\\\/case-copyright-infringement-and-identity-theft-hosted-on-google-cloud\\\/#breadcrumb\"},\"inLanguage\":\"de\",\"potentialAction\":[{\"@type\":\"ReadAction\",\"target\":[\"https:\\\/\\\/test123456.nl\\\/case-copyright-infringement-and-identity-theft-hosted-on-google-cloud\\\/\"]}]},{\"@type\":\"ImageObject\",\"inLanguage\":\"de\",\"@id\":\"https:\\\/\\\/test123456.nl\\\/case-copyright-infringement-and-identity-theft-hosted-on-google-cloud\\\/#primaryimage\",\"url\":\"https:\\\/\\\/test123456.nl\\\/wp-content\\\/uploads\\\/1a.jpg\",\"contentUrl\":\"https:\\\/\\\/test123456.nl\\\/wp-content\\\/uploads\\\/1a.jpg\"},{\"@type\":\"BreadcrumbList\",\"@id\":\"https:\\\/\\\/test123456.nl\\\/case-copyright-infringement-and-identity-theft-hosted-on-google-cloud\\\/#breadcrumb\",\"itemListElement\":[{\"@type\":\"ListItem\",\"position\":1,\"name\":\"Home\",\"item\":\"https:\\\/\\\/test123456.nl\\\/\"},{\"@type\":\"ListItem\",\"position\":2,\"name\":\"Case: Copyright Infringement and Identity Theft by jisaiche.com Hosted on Google Cloud\"}]},{\"@type\":\"WebSite\",\"@id\":\"https:\\\/\\\/test123456.nl\\\/#website\",\"url\":\"https:\\\/\\\/test123456.nl\\\/\",\"name\":\"Test123456.nl\",\"description\":\"\",\"potentialAction\":[{\"@type\":\"SearchAction\",\"target\":{\"@type\":\"EntryPoint\",\"urlTemplate\":\"https:\\\/\\\/test123456.nl\\\/?s={search_term_string}\"},\"query-input\":{\"@type\":\"PropertyValueSpecification\",\"valueRequired\":true,\"valueName\":\"search_term_string\"}}],\"inLanguage\":\"de\"}]}<\/script>\n<!-- \/ Yoast SEO plugin. -->","yoast_head_json":{"title":"Fall: Urheberrechtsverletzung und Identit\u00e4tsdiebstahl von jisaiche.com, gehostet in Google Cloud \u2013 Test123456.nl","robots":{"index":"noindex","follow":"nofollow"},"og_locale":"de_DE","og_type":"article","og_title":"Case: Copyright Infringement and Identity Theft by jisaiche.com Hosted on Google Cloud - Test123456.nl","og_description":"&lt; Click here if you prefer to download this information &gt; In this document, you find examples of copyright infringement &amp; Identify theft. And a print screen of documents that shows I am the owner of the company MOI Online which owns the domain name and website Revfine.com. Below you find all necessary information for a request to remove all [...]","og_url":"https:\/\/test123456.nl\/de\/fall-urheberrechtsverletzung-und-identitatsdiebstahl-gehostet-auf-google-cloud\/","og_site_name":"Test123456.nl","article_modified_time":"2021-08-09T09:28:13+00:00","og_image":[{"url":"https:\/\/test123456.nl\/wp-content\/uploads\/1a.jpg","type":"","width":"","height":""}],"schema":{"@context":"https:\/\/schema.org","@graph":[{"@type":"WebPage","@id":"https:\/\/test123456.nl\/case-copyright-infringement-and-identity-theft-hosted-on-google-cloud\/","url":"https:\/\/test123456.nl\/case-copyright-infringement-and-identity-theft-hosted-on-google-cloud\/","name":"Fall: Urheberrechtsverletzung und Identit\u00e4tsdiebstahl von jisaiche.com, gehostet in Google Cloud \u2013 Test123456.nl","isPartOf":{"@id":"https:\/\/test123456.nl\/#website"},"primaryImageOfPage":{"@id":"https:\/\/test123456.nl\/case-copyright-infringement-and-identity-theft-hosted-on-google-cloud\/#primaryimage"},"image":{"@id":"https:\/\/test123456.nl\/case-copyright-infringement-and-identity-theft-hosted-on-google-cloud\/#primaryimage"},"thumbnailUrl":"https:\/\/test123456.nl\/wp-content\/uploads\/1a.jpg","datePublished":"2020-09-14T15:47:54+00:00","dateModified":"2021-08-09T09:28:13+00:00","breadcrumb":{"@id":"https:\/\/test123456.nl\/case-copyright-infringement-and-identity-theft-hosted-on-google-cloud\/#breadcrumb"},"inLanguage":"de","potentialAction":[{"@type":"ReadAction","target":["https:\/\/test123456.nl\/case-copyright-infringement-and-identity-theft-hosted-on-google-cloud\/"]}]},{"@type":"ImageObject","inLanguage":"de","@id":"https:\/\/test123456.nl\/case-copyright-infringement-and-identity-theft-hosted-on-google-cloud\/#primaryimage","url":"https:\/\/test123456.nl\/wp-content\/uploads\/1a.jpg","contentUrl":"https:\/\/test123456.nl\/wp-content\/uploads\/1a.jpg"},{"@type":"BreadcrumbList","@id":"https:\/\/test123456.nl\/case-copyright-infringement-and-identity-theft-hosted-on-google-cloud\/#breadcrumb","itemListElement":[{"@type":"ListItem","position":1,"name":"Home","item":"https:\/\/test123456.nl\/"},{"@type":"ListItem","position":2,"name":"Case: Copyright Infringement and Identity Theft by jisaiche.com Hosted on Google Cloud"}]},{"@type":"WebSite","@id":"https:\/\/test123456.nl\/#website","url":"https:\/\/test123456.nl\/","name":"Test123456.nl","description":"","potentialAction":[{"@type":"SearchAction","target":{"@type":"EntryPoint","urlTemplate":"https:\/\/test123456.nl\/?s={search_term_string}"},"query-input":{"@type":"PropertyValueSpecification","valueRequired":true,"valueName":"search_term_string"}}],"inLanguage":"de"}]}},"_links":{"self":[{"href":"https:\/\/test123456.nl\/de\/wp-json\/wp\/v2\/pages\/495","targetHints":{"allow":["GET"]}}],"collection":[{"href":"https:\/\/test123456.nl\/de\/wp-json\/wp\/v2\/pages"}],"about":[{"href":"https:\/\/test123456.nl\/de\/wp-json\/wp\/v2\/types\/page"}],"author":[{"embeddable":true,"href":"https:\/\/test123456.nl\/de\/wp-json\/wp\/v2\/users\/1"}],"replies":[{"embeddable":true,"href":"https:\/\/test123456.nl\/de\/wp-json\/wp\/v2\/comments?post=495"}],"version-history":[{"count":17,"href":"https:\/\/test123456.nl\/de\/wp-json\/wp\/v2\/pages\/495\/revisions"}],"predecessor-version":[{"id":772,"href":"https:\/\/test123456.nl\/de\/wp-json\/wp\/v2\/pages\/495\/revisions\/772"}],"wp:attachment":[{"href":"https:\/\/test123456.nl\/de\/wp-json\/wp\/v2\/media?parent=495"}],"curies":[{"name":"wp","href":"https:\/\/api.w.org\/{rel}","templated":true}]}}